{"id":11427,"date":"2025-06-29T13:52:43","date_gmt":"2025-06-29T11:52:43","guid":{"rendered":"https:\/\/uj.adatbank.ro\/lexikon\/termek\/kekedi-zsigmond-kekedi\/"},"modified":"2025-06-29T13:52:43","modified_gmt":"2025-06-29T11:52:43","slug":"kekedi-zsigmond-kekedi","status":"publish","type":"product","link":"https:\/\/uj.adatbank.ro\/lexikon\/termek\/kekedi-zsigmond-kekedi\/","title":{"rendered":"K\u00c9KEDI Zsigmond, k\u00e9kedi"},"content":{"rendered":"<p>?, \u2020 ? 1638. aug. 1., A gyulafeh\u00e9rv\u00e1ri ref. templomban temett\u00e9k : f\u0151udvarmester, f\u0151isp\u00e1n. \u2013 Feles\u00e9ge: Bark\u00f3czi Anna. Bethlen G\u00e1bor fejedelem bizalmasa \u00e9s I. R\u00e1k\u00f3czi Gy\u00f6rgy fejedelem f\u0151udvarmestere. Bels\u0151-Szolnok v\u00e1rmegye f\u0151isp\u00e1nja. V\u00e9grendelet\u00e9ben (Bethlen v\u00e1ra, 1638. j\u00fan. 19) t\u00f6bbek k\u00f6z\u00f6tt a magyar\u00f3i, vajdaszentiv\u00e1nyi, mez\u0151bodoni, t\u00f3h\u00e1ti \u00e9s szentkir\u00e1lyi udvarh\u00e1zait a hozz\u00e1tartoz\u00f3 birtokokkal egy\u00fctt feles\u00e9g\u00e9re, Bark\u00f3czy Ann\u00e1ra hagyta. A bonyhai \u00e9s holtmarosi templom \u00e9p\u00edt\u00e9s\u00e9re, k\u00f3rh\u00e1zak megseg\u00edt\u00e9s\u00e9re is sz\u00e9p \u00f6sszegeket hagyott (1600-as \u00e9vek). <br \/><strong>Irod.:<\/strong> Erd\u00e9lyi testamentumok, 3.<\/br><\/p>\n","protected":false},"excerpt":{"rendered":"<p>?, \u2020 ? 1638. aug. 1., A gyulafeh\u00e9rv\u00e1ri ref. templomban temett\u00e9k : f\u0151udvarmester, f\u0151isp\u00e1n. \u2013 Feles\u00e9ge: Bark\u00f3czi Anna. Bethlen G\u00e1bor fejedelem bizalmasa \u00e9s I. R\u00e1k\u00f3czi Gy\u00f6rgy fejedelem f\u0151udvarmestere. Bels\u0151-Szolnok v\u00e1rmegye f\u0151isp\u00e1nja. V\u00e9grendelet\u00e9ben (Bethlen v\u00e1ra, 1638. j\u00fan. 19) t\u00f6bbek k\u00f6z\u00f6tt a magyar\u00f3i, vajdaszentiv\u00e1nyi, mez\u0151bodoni, t\u00f3h\u00e1ti \u00e9s szentkir\u00e1lyi udvarh\u00e1zait a hozz\u00e1tartoz\u00f3 birtokokkal egy\u00fctt feles\u00e9g\u00e9re, Bark\u00f3czy Ann\u00e1ra hagyta. [&hellip;]<\/p>\n","protected":false},"featured_media":0,"comment_status":"open","ping_status":"closed","template":"","meta":[],"product_brand":[],"product_cat":[137],"product_tag":[],"class_list":{"0":"post-11427","1":"product","2":"type-product","3":"status-publish","5":"product_cat-maros-megyei-eletrajzi-lexikon","7":"first","8":"instock","9":"shipping-taxable","10":"product-type-simple"},"_links":{"self":[{"href":"https:\/\/uj.adatbank.ro\/lexikon\/wp-json\/wp\/v2\/product\/11427","targetHints":{"allow":["GET"]}}],"collection":[{"href":"https:\/\/uj.adatbank.ro\/lexikon\/wp-json\/wp\/v2\/product"}],"about":[{"href":"https:\/\/uj.adatbank.ro\/lexikon\/wp-json\/wp\/v2\/types\/product"}],"replies":[{"embeddable":true,"href":"https:\/\/uj.adatbank.ro\/lexikon\/wp-json\/wp\/v2\/comments?post=11427"}],"wp:attachment":[{"href":"https:\/\/uj.adatbank.ro\/lexikon\/wp-json\/wp\/v2\/media?parent=11427"}],"wp:term":[{"taxonomy":"product_brand","embeddable":true,"href":"https:\/\/uj.adatbank.ro\/lexikon\/wp-json\/wp\/v2\/product_brand?post=11427"},{"taxonomy":"product_cat","embeddable":true,"href":"https:\/\/uj.adatbank.ro\/lexikon\/wp-json\/wp\/v2\/product_cat?post=11427"},{"taxonomy":"product_tag","embeddable":true,"href":"https:\/\/uj.adatbank.ro\/lexikon\/wp-json\/wp\/v2\/product_tag?post=11427"}],"curies":[{"name":"wp","href":"https:\/\/api.w.org\/{rel}","templated":true}]}}