{"id":11435,"date":"2025-06-29T13:53:01","date_gmt":"2025-06-29T11:53:01","guid":{"rendered":"https:\/\/uj.adatbank.ro\/lexikon\/termek\/kelemen-adam\/"},"modified":"2025-06-29T13:53:01","modified_gmt":"2025-06-29T11:53:01","slug":"kelemen-adam","status":"publish","type":"product","link":"https:\/\/uj.adatbank.ro\/lexikon\/termek\/kelemen-adam\/","title":{"rendered":"KELEMEN \u00c1d\u00e1m"},"content":{"rendered":"<p>1835.? \u2020 Mv., 1925. aug. 11.: m\u00e9rn\u00f6k. \u2013 Feles\u00e9ge: farkaslaki Hincs Ilona (1860. \u2020 Mv., 1934. j\u00fan. 13.). Testv\u00e9re: K. Katinka Cs\u00edkv\u00e1ri J\u00e1k\u00f3n\u00e9. Le\u00e1nyai: K. Ilona dr. Hints Zolt\u00e1nn\u00e9; K. Margit dr. Bern\u00e1dy Gy\u00f6rgyn\u00e9. \u2013 K\u00e9pz\u0151m\u0171v\u00e9szeti alkot\u00e1st v\u00e1s\u00e1rolt (1904\u201311). R\u00e9szt vett \u00e9s el\u0151ad\u00e1st tartott a Cs\u00edktusn\u00e1don tartott Sz\u00e9kely Kongresszuson (1902. aug. 28\u201330). Tagja volt az Agr\u00e1r Takar\u00e9kp\u00e9nzt\u00e1r \u00e9s Hitelp\u00e9nzt\u00e1r igazgat\u00f3tan\u00e1cs\u00e1nak. <br \/><strong>Irod.:<\/strong> D\u00e9ry B\u00e9la: Almanach (Bp., 1912); Gy\u00e1szjelent\u0151; Nemes; Pan\u0103\u00ad; A Sz\u00e9kely Kongresszus szervezete, tagjainak n\u00e9vsora, t\u00e1rgyal\u00e1sai \u00e9s hat\u00e1rozatai (Bp., 1902)<\/br><\/p>\n","protected":false},"excerpt":{"rendered":"<p>1835.? \u2020 Mv., 1925. aug. 11.: m\u00e9rn\u00f6k. \u2013 Feles\u00e9ge: farkaslaki Hincs Ilona (1860. \u2020 Mv., 1934. j\u00fan. 13.). Testv\u00e9re: K. Katinka Cs\u00edkv\u00e1ri J\u00e1k\u00f3n\u00e9. Le\u00e1nyai: K. Ilona dr. Hints Zolt\u00e1nn\u00e9; K. Margit dr. Bern\u00e1dy Gy\u00f6rgyn\u00e9. \u2013 K\u00e9pz\u0151m\u0171v\u00e9szeti alkot\u00e1st v\u00e1s\u00e1rolt (1904\u201311). R\u00e9szt vett \u00e9s el\u0151ad\u00e1st tartott a Cs\u00edktusn\u00e1don tartott Sz\u00e9kely Kongresszuson (1902. aug. 28\u201330). Tagja volt az [&hellip;]<\/p>\n","protected":false},"featured_media":0,"comment_status":"open","ping_status":"closed","template":"","meta":[],"product_brand":[],"product_cat":[137],"product_tag":[],"class_list":{"0":"post-11435","1":"product","2":"type-product","3":"status-publish","5":"product_cat-maros-megyei-eletrajzi-lexikon","7":"first","8":"instock","9":"shipping-taxable","10":"product-type-simple"},"_links":{"self":[{"href":"https:\/\/uj.adatbank.ro\/lexikon\/wp-json\/wp\/v2\/product\/11435","targetHints":{"allow":["GET"]}}],"collection":[{"href":"https:\/\/uj.adatbank.ro\/lexikon\/wp-json\/wp\/v2\/product"}],"about":[{"href":"https:\/\/uj.adatbank.ro\/lexikon\/wp-json\/wp\/v2\/types\/product"}],"replies":[{"embeddable":true,"href":"https:\/\/uj.adatbank.ro\/lexikon\/wp-json\/wp\/v2\/comments?post=11435"}],"wp:attachment":[{"href":"https:\/\/uj.adatbank.ro\/lexikon\/wp-json\/wp\/v2\/media?parent=11435"}],"wp:term":[{"taxonomy":"product_brand","embeddable":true,"href":"https:\/\/uj.adatbank.ro\/lexikon\/wp-json\/wp\/v2\/product_brand?post=11435"},{"taxonomy":"product_cat","embeddable":true,"href":"https:\/\/uj.adatbank.ro\/lexikon\/wp-json\/wp\/v2\/product_cat?post=11435"},{"taxonomy":"product_tag","embeddable":true,"href":"https:\/\/uj.adatbank.ro\/lexikon\/wp-json\/wp\/v2\/product_tag?post=11435"}],"curies":[{"name":"wp","href":"https:\/\/api.w.org\/{rel}","templated":true}]}}