{"id":11437,"date":"2025-06-29T13:53:04","date_gmt":"2025-06-29T11:53:04","guid":{"rendered":"https:\/\/uj.adatbank.ro\/lexikon\/termek\/kelemen-albert\/"},"modified":"2025-06-29T13:53:04","modified_gmt":"2025-06-29T11:53:04","slug":"kelemen-albert","status":"publish","type":"product","link":"https:\/\/uj.adatbank.ro\/lexikon\/termek\/kelemen-albert\/","title":{"rendered":"KELEMEN Albert"},"content":{"rendered":"<p>1844. nov. 4., \u2020 Mv., 1912. \u00e1pr. 26 : unit. lelk\u00e9sz, marosk\u00f6ri esperes, szak\u00edr\u00f3. \u2013 K. Istv\u00e1n \u00e9s Kab\u00f3s Anna fia. Feles\u00e9ge: 1. G\u00e1l Katalin (1859\u20131927); 2. Kiss Julianna (1849 \u2013 Marosszentkir\u00e1ly, 1882. jan. 6.). Gyermekeik: \u00c1rp\u00e1d, K\u00e1lm\u00e1n, Gy\u00f6rgy, Juli\u00e1nna, S\u00e1ndor. \u2013 A kv.-i teol\u00f3gi\u00e1n tanult (\u20131868). Lelk\u00e9szi szolg\u00e1latot teljes\u00edtett Marosszentkir\u00e1lyon (1868\u201377); az egyh\u00e1zk\u00f6zs\u00e9g eln\u00e9ptelened\u00e9se folyt\u00e1n bek\u00f6lt\u00f6z\u00f6tt Mv. -re \u00e9s ett\u0151l kezdve itt m\u0171k\u00f6d\u00f6tt az egyh\u00e1z (1877). Mv.-i egyh\u00e1zk\u00f6zs\u00e9g els\u0151 lelk\u00e9sze volt, mert eddig k\u00f6z\u00f6s lelk\u00e9sze volt a marosszentkir\u00e1lyi \u00e9s mv.-i unit egyh\u00e1znak (1839\u2013), negyvenh\u00e1rom \u00e9vig szolg\u00e1lt. T\u0151rv\u00e9nyismeret\u00e9t, pontoss\u00e1g\u00e1t, igazs\u00e1gos szigor\u00e1t az unit. egyh\u00e1zi legf\u0151bb hat\u00f3s\u00e1g azzal m\u00e9lt\u00e1nyolta hogy megv\u00e1lasztotta egyh\u00e1zi f\u0151k\u00f6z\u00fcgyigazgat\u00f3nak (1894). A Marosi unit egyh\u00e1zk\u00f6r jegyz\u0151je, esperese, (1876\u20131912). Javaslat\u00e1ra vezett\u00e9k be a p\u00e9nzt\u00e1rnapl\u00f3t \u00e9s a \u201elelk\u00e9szi eml\u00e9keztet\u0151t\u201d, tagja volt az Egyh\u00e1zi K\u00e9pvisel\u0151 Tan\u00e1csnak \u00e9s a Zsinati F\u0151tan\u00e1csnak. Az EMKE mv.-i v\u00e1rosi v\u00e1lasztm\u00e1ny\u00e1nak alap\u00edt\u00f3tagja (1885). Cikkeit k\u00f6z\u00f6lte a Kereszt\u00e9ny Magvet\u0151, az Unit\u00e1rius Egyh\u00e1z, a Unit\u00e1rius K\u00f6zl\u00f6ny, az Unit\u00e1rius Sz\u00f3sz\u00e9k, felolvas\u00e1sa a D\u00e1vid Ferenc Egyletben: Dersi J\u00e1nos \u00e9letrajza. \u2013 <strong>F. m.:<\/strong> A vall\u00e1stan\u00edt\u00e1s reformja (Kv., 1887); <strong>t\u00e1rssz.:<\/strong> Gy\u00f6ngy\u00f6si Istv\u00e1nn\u00e9 sz\u00fcletett Csehi \u00c1gnes v\u00e9gtisztess\u00e9ge (T\u00f6r\u00f6k \u00c1ronnal; Sz\u00e9kelyudvarhely, 1883); Dersi J\u00e1nos eml\u00e9ke a felette mondott besz\u00e9dekben Mv. 1890. dec. 29. (Kv., 1891); Dersi J\u00e1nos eml\u00e9ke (Kv., 1893); A mo.-i Unit Egyh\u00e1z 1903. aug. 23\u201324. Vargyason tartott Zsinat F\u00f6tan\u00e1csa alkalm\u00e1b\u00f3l mondott Im\u00e1k \u00e9s besz\u00e9dek (Sz\u00e9kelyudvarhely, 1903); A Mo.-i Unit. Egyh\u00e1z 1907. aug. 24\u201327-\u00e9n a Marosi egyh\u00e1zk\u00f6rben Cs\u00f3kfalv\u00e1n tartott zsinat F\u0151tan\u00e1csa alkalm\u00e1b\u00f3l mondott Im\u00e1k \u00e9s besz\u00e9dek (Mv., 1907); Esperesi jelent\u00e9sek a mo.-i Unit. Egyh\u00e1z egyh\u00e1zk\u00f6reinek az 1906\u201307 \u00e9veket illet\u0151 egyh\u00e1zi \u00e9let\u00e9r\u0151l (Sz\u00e9kelykereszt\u00far, 1907); Eml\u00e9klapok De\u00e1k Lajos kir. tan\u00e1csos tanfel\u00fcgyel\u0151 huszon\u00f6t\u00e9ves jubileuma alkalm\u00e1b\u00f3l (Mv., 1908). A cikkeib\u0151l: Miben \u00e1ll a kereszt\u00e9ny sz\u00edv igazs\u00e1ga = Unit\u00e1rius Sz\u00f3sz\u00e9k (1896); Ekl\u00e9zsi\u00e1ink p\u00e9nzvagyona kezel\u00e9s\u00e9r\u0151l; Egyh\u00e1zunk igazgat\u00e1sa \u00e9s lelk\u00e9szeink = Unit\u00e1rius Egyh\u00e1z (1906. j\u00fal.); Derzsi J\u00e1nos eml\u00e9kezete = Unit\u00e1rius Egyh\u00e1z (1911); Miben \u00e1ll a kereszt\u00e9ny sz\u00edv igazs\u00e1ga = Unit\u00e1rius Sz\u00f3sz\u00e9k (1896). <br \/><strong>Irod.:<\/strong> Cs\u00e1ky; Gy\u00e1szjelent\u0151; Id\u0151t\u00e1r 2; Kelemen; Mv.-i Unit. Ek.; P\u00e1lmay J\u00f3zsef; S\u00e1ndor; Szinnyei; Szinnyei J.; Zov\u00e1nyi<\/br><\/p>\n","protected":false},"excerpt":{"rendered":"<p>1844. nov. 4., \u2020 Mv., 1912. \u00e1pr. 26 : unit. lelk\u00e9sz, marosk\u00f6ri esperes, szak\u00edr\u00f3. \u2013 K. Istv\u00e1n \u00e9s Kab\u00f3s Anna fia. Feles\u00e9ge: 1. G\u00e1l Katalin (1859\u20131927); 2. Kiss Julianna (1849 \u2013 Marosszentkir\u00e1ly, 1882. jan. 6.). Gyermekeik: \u00c1rp\u00e1d, K\u00e1lm\u00e1n, Gy\u00f6rgy, Juli\u00e1nna, S\u00e1ndor. \u2013 A kv.-i teol\u00f3gi\u00e1n tanult (\u20131868). Lelk\u00e9szi szolg\u00e1latot teljes\u00edtett Marosszentkir\u00e1lyon (1868\u201377); az egyh\u00e1zk\u00f6zs\u00e9g eln\u00e9ptelened\u00e9se [&hellip;]<\/p>\n","protected":false},"featured_media":0,"comment_status":"open","ping_status":"closed","template":"","meta":[],"product_brand":[],"product_cat":[137],"product_tag":[],"class_list":{"0":"post-11437","1":"product","2":"type-product","3":"status-publish","5":"product_cat-maros-megyei-eletrajzi-lexikon","7":"first","8":"instock","9":"shipping-taxable","10":"product-type-simple"},"_links":{"self":[{"href":"https:\/\/uj.adatbank.ro\/lexikon\/wp-json\/wp\/v2\/product\/11437","targetHints":{"allow":["GET"]}}],"collection":[{"href":"https:\/\/uj.adatbank.ro\/lexikon\/wp-json\/wp\/v2\/product"}],"about":[{"href":"https:\/\/uj.adatbank.ro\/lexikon\/wp-json\/wp\/v2\/types\/product"}],"replies":[{"embeddable":true,"href":"https:\/\/uj.adatbank.ro\/lexikon\/wp-json\/wp\/v2\/comments?post=11437"}],"wp:attachment":[{"href":"https:\/\/uj.adatbank.ro\/lexikon\/wp-json\/wp\/v2\/media?parent=11437"}],"wp:term":[{"taxonomy":"product_brand","embeddable":true,"href":"https:\/\/uj.adatbank.ro\/lexikon\/wp-json\/wp\/v2\/product_brand?post=11437"},{"taxonomy":"product_cat","embeddable":true,"href":"https:\/\/uj.adatbank.ro\/lexikon\/wp-json\/wp\/v2\/product_cat?post=11437"},{"taxonomy":"product_tag","embeddable":true,"href":"https:\/\/uj.adatbank.ro\/lexikon\/wp-json\/wp\/v2\/product_tag?post=11437"}],"curies":[{"name":"wp","href":"https:\/\/api.w.org\/{rel}","templated":true}]}}