{"id":11440,"date":"2025-06-29T13:53:09","date_gmt":"2025-06-29T11:53:09","guid":{"rendered":"https:\/\/uj.adatbank.ro\/lexikon\/termek\/kelemen-andras-2\/"},"modified":"2025-06-29T13:53:09","modified_gmt":"2025-06-29T11:53:09","slug":"kelemen-andras-2","status":"publish","type":"product","link":"https:\/\/uj.adatbank.ro\/lexikon\/termek\/kelemen-andras-2\/","title":{"rendered":"KELEMEN Andr\u00e1s"},"content":{"rendered":"<p>1854.? \u2020 Mv., 1912. m\u00e1rc. 11.: b\u00edr\u00f3. \u2013 Feles\u00e9ge: Woth Janka. Testv\u00e9rei: K. J\u00falia, Nagy Gy\u00f6rgyn\u00e9; K. Samu; K. P\u00e9ter. \u2013 A mv.-i kir. it\u00e9l\u0151t\u00e1bla b\u00edr\u00f3ja. A mv.-i Kaszin\u00f3 tagja. <br \/><strong>Irod.:<\/strong> Bi\u00e1s Istv\u00e1n; Gy\u00e1szjelent\u0151<\/br><\/p>\n","protected":false},"excerpt":{"rendered":"<p>1854.? \u2020 Mv., 1912. m\u00e1rc. 11.: b\u00edr\u00f3. \u2013 Feles\u00e9ge: Woth Janka. Testv\u00e9rei: K. J\u00falia, Nagy Gy\u00f6rgyn\u00e9; K. Samu; K. P\u00e9ter. \u2013 A mv.-i kir. it\u00e9l\u0151t\u00e1bla b\u00edr\u00f3ja. A mv.-i Kaszin\u00f3 tagja. Irod.: Bi\u00e1s Istv\u00e1n; Gy\u00e1szjelent\u0151<\/p>\n","protected":false},"featured_media":0,"comment_status":"open","ping_status":"closed","template":"","meta":[],"product_brand":[],"product_cat":[137],"product_tag":[],"class_list":{"0":"post-11440","1":"product","2":"type-product","3":"status-publish","5":"product_cat-maros-megyei-eletrajzi-lexikon","7":"first","8":"instock","9":"shipping-taxable","10":"product-type-simple"},"_links":{"self":[{"href":"https:\/\/uj.adatbank.ro\/lexikon\/wp-json\/wp\/v2\/product\/11440","targetHints":{"allow":["GET"]}}],"collection":[{"href":"https:\/\/uj.adatbank.ro\/lexikon\/wp-json\/wp\/v2\/product"}],"about":[{"href":"https:\/\/uj.adatbank.ro\/lexikon\/wp-json\/wp\/v2\/types\/product"}],"replies":[{"embeddable":true,"href":"https:\/\/uj.adatbank.ro\/lexikon\/wp-json\/wp\/v2\/comments?post=11440"}],"wp:attachment":[{"href":"https:\/\/uj.adatbank.ro\/lexikon\/wp-json\/wp\/v2\/media?parent=11440"}],"wp:term":[{"taxonomy":"product_brand","embeddable":true,"href":"https:\/\/uj.adatbank.ro\/lexikon\/wp-json\/wp\/v2\/product_brand?post=11440"},{"taxonomy":"product_cat","embeddable":true,"href":"https:\/\/uj.adatbank.ro\/lexikon\/wp-json\/wp\/v2\/product_cat?post=11440"},{"taxonomy":"product_tag","embeddable":true,"href":"https:\/\/uj.adatbank.ro\/lexikon\/wp-json\/wp\/v2\/product_tag?post=11440"}],"curies":[{"name":"wp","href":"https:\/\/api.w.org\/{rel}","templated":true}]}}