{"id":11442,"date":"2025-06-29T13:53:14","date_gmt":"2025-06-29T11:53:14","guid":{"rendered":"https:\/\/uj.adatbank.ro\/lexikon\/termek\/kelemen-andras-kelemen-andrei\/"},"modified":"2025-06-29T13:53:14","modified_gmt":"2025-06-29T11:53:14","slug":"kelemen-andras-kelemen-andrei","status":"publish","type":"product","link":"https:\/\/uj.adatbank.ro\/lexikon\/termek\/kelemen-andras-kelemen-andrei\/","title":{"rendered":"KELEMEN Andr\u00e1s, \/ Kelemen Andrei,"},"content":{"rendered":"<p>? \u2020 ?: orvos., dr. \u2013 A MOGYI-n munkaeg\u00e9szs\u00e9gtant tan\u00edtott (1948). A MOGYI prorektora (1950. nov. 1. \u2013 1952. nov. 30.). \u2013 <strong>F. m.:<\/strong> Educa\u0163ia sanitar\u0103 \u00een \u015fcoal\u0103. Bazele igienice. Metodica muzicii educativ-sanitare (Buc., 1968), <strong>t\u00e1rssz.:<\/strong> Organizarea ocrotirii s\u0103n\u0103t\u0103\u0163ii (Buc., 1956); A hazai orvostudom\u00e1ny t\u00f6rt\u00e9net\u00e9b\u0151l. (Buc, 1957); Educa\u0163ia sanitar\u0103 a stunde\u0163ilor (Pavlid V. -vel), (Buc., 1968). <strong>szerk.:<\/strong> Materiale metodologice de igien\u0103 \u015fi epidemologie. La a 30-a aniversare a CSA-MB. (Buc., 1981). <br \/><strong>Irod.:<\/strong> IMF; P\u00e9ter; R\u00e9thy\u2013\u00dajv\u00e1ri\u2013V\u00e1czi<\/br><\/p>\n","protected":false},"excerpt":{"rendered":"<p>? \u2020 ?: orvos., dr. \u2013 A MOGYI-n munkaeg\u00e9szs\u00e9gtant tan\u00edtott (1948). A MOGYI prorektora (1950. nov. 1. \u2013 1952. nov. 30.). \u2013 F. m.: Educa\u0163ia sanitar\u0103 \u00een \u015fcoal\u0103. Bazele igienice. Metodica muzicii educativ-sanitare (Buc., 1968), t\u00e1rssz.: Organizarea ocrotirii s\u0103n\u0103t\u0103\u0163ii (Buc., 1956); A hazai orvostudom\u00e1ny t\u00f6rt\u00e9net\u00e9b\u0151l. (Buc, 1957); Educa\u0163ia sanitar\u0103 a stunde\u0163ilor (Pavlid V. -vel), (Buc., [&hellip;]<\/p>\n","protected":false},"featured_media":0,"comment_status":"open","ping_status":"closed","template":"","meta":[],"product_brand":[],"product_cat":[137],"product_tag":[],"class_list":{"0":"post-11442","1":"product","2":"type-product","3":"status-publish","5":"product_cat-maros-megyei-eletrajzi-lexikon","7":"first","8":"instock","9":"shipping-taxable","10":"product-type-simple"},"_links":{"self":[{"href":"https:\/\/uj.adatbank.ro\/lexikon\/wp-json\/wp\/v2\/product\/11442","targetHints":{"allow":["GET"]}}],"collection":[{"href":"https:\/\/uj.adatbank.ro\/lexikon\/wp-json\/wp\/v2\/product"}],"about":[{"href":"https:\/\/uj.adatbank.ro\/lexikon\/wp-json\/wp\/v2\/types\/product"}],"replies":[{"embeddable":true,"href":"https:\/\/uj.adatbank.ro\/lexikon\/wp-json\/wp\/v2\/comments?post=11442"}],"wp:attachment":[{"href":"https:\/\/uj.adatbank.ro\/lexikon\/wp-json\/wp\/v2\/media?parent=11442"}],"wp:term":[{"taxonomy":"product_brand","embeddable":true,"href":"https:\/\/uj.adatbank.ro\/lexikon\/wp-json\/wp\/v2\/product_brand?post=11442"},{"taxonomy":"product_cat","embeddable":true,"href":"https:\/\/uj.adatbank.ro\/lexikon\/wp-json\/wp\/v2\/product_cat?post=11442"},{"taxonomy":"product_tag","embeddable":true,"href":"https:\/\/uj.adatbank.ro\/lexikon\/wp-json\/wp\/v2\/product_tag?post=11442"}],"curies":[{"name":"wp","href":"https:\/\/api.w.org\/{rel}","templated":true}]}}