{"id":11445,"date":"2025-06-29T13:53:18","date_gmt":"2025-06-29T11:53:18","guid":{"rendered":"https:\/\/uj.adatbank.ro\/lexikon\/termek\/kelemen-arpad\/"},"modified":"2025-06-29T13:53:18","modified_gmt":"2025-06-29T11:53:18","slug":"kelemen-arpad","status":"publish","type":"product","link":"https:\/\/uj.adatbank.ro\/lexikon\/termek\/kelemen-arpad\/","title":{"rendered":"KELEMEN \u00c1rp\u00e1d"},"content":{"rendered":"<p>? \u2020 ?: sz\u00e9kelyk\u00e1li unit. lelk\u00e9sz. \u2013 Lelk\u00e9szs\u00e9ge idej\u00e9n (1903) fel\u00faj\u00edtott\u00e1k az iskol\u00e1juk \u00e9p\u00fclet\u00e9t is. Nyugalomba vonult 1929. Lelkiismeretesen l\u00e1tta el feladat\u00e1t, gondja volt a templom karbantart\u00e1s\u00e1ra is. Feljegyz\u00e9seib\u0151l tudjuk, hogy elvett\u00e9k a templomukat (1642) \u00e9s \u00e1tadt\u00e1k a reform\u00e1tusoknak mert \u0151k t\u00f6bben voltak, az unit\u00e1riusok \u00faj templomot \u00e9p\u00edtettek (1762). \u2013 <strong>F. m.:<\/strong> A Mo.-i Unit. Egyh\u00e1z 1907. aug. 24\u201327-\u00e9n a Marosi egyh\u00e1zk\u00f6rben Cs\u00f3kfalv\u00e1n tartott zsinati f\u0151tan\u00e1csa alkalm\u00e1b\u00f3l mondott Im\u00e1k \u00e9s besz\u00e9dek (Mv., 1907). <br \/><strong>Irod.:<\/strong> F\u00fcl\u00f6p\u2013Ferencz; Sz\u00e9kelyk\u00e1l 800 \u00e9ves t\u00f6rt\u00e9net\u00e9b\u0151l<\/br><\/p>\n","protected":false},"excerpt":{"rendered":"<p>? \u2020 ?: sz\u00e9kelyk\u00e1li unit. lelk\u00e9sz. \u2013 Lelk\u00e9szs\u00e9ge idej\u00e9n (1903) fel\u00faj\u00edtott\u00e1k az iskol\u00e1juk \u00e9p\u00fclet\u00e9t is. Nyugalomba vonult 1929. Lelkiismeretesen l\u00e1tta el feladat\u00e1t, gondja volt a templom karbantart\u00e1s\u00e1ra is. Feljegyz\u00e9seib\u0151l tudjuk, hogy elvett\u00e9k a templomukat (1642) \u00e9s \u00e1tadt\u00e1k a reform\u00e1tusoknak mert \u0151k t\u00f6bben voltak, az unit\u00e1riusok \u00faj templomot \u00e9p\u00edtettek (1762). \u2013 F. m.: A Mo.-i Unit. [&hellip;]<\/p>\n","protected":false},"featured_media":0,"comment_status":"open","ping_status":"closed","template":"","meta":[],"product_brand":[],"product_cat":[137],"product_tag":[],"class_list":{"0":"post-11445","1":"product","2":"type-product","3":"status-publish","5":"product_cat-maros-megyei-eletrajzi-lexikon","7":"first","8":"instock","9":"shipping-taxable","10":"product-type-simple"},"_links":{"self":[{"href":"https:\/\/uj.adatbank.ro\/lexikon\/wp-json\/wp\/v2\/product\/11445","targetHints":{"allow":["GET"]}}],"collection":[{"href":"https:\/\/uj.adatbank.ro\/lexikon\/wp-json\/wp\/v2\/product"}],"about":[{"href":"https:\/\/uj.adatbank.ro\/lexikon\/wp-json\/wp\/v2\/types\/product"}],"replies":[{"embeddable":true,"href":"https:\/\/uj.adatbank.ro\/lexikon\/wp-json\/wp\/v2\/comments?post=11445"}],"wp:attachment":[{"href":"https:\/\/uj.adatbank.ro\/lexikon\/wp-json\/wp\/v2\/media?parent=11445"}],"wp:term":[{"taxonomy":"product_brand","embeddable":true,"href":"https:\/\/uj.adatbank.ro\/lexikon\/wp-json\/wp\/v2\/product_brand?post=11445"},{"taxonomy":"product_cat","embeddable":true,"href":"https:\/\/uj.adatbank.ro\/lexikon\/wp-json\/wp\/v2\/product_cat?post=11445"},{"taxonomy":"product_tag","embeddable":true,"href":"https:\/\/uj.adatbank.ro\/lexikon\/wp-json\/wp\/v2\/product_tag?post=11445"}],"curies":[{"name":"wp","href":"https:\/\/api.w.org\/{rel}","templated":true}]}}