{"id":11446,"date":"2025-06-29T13:53:20","date_gmt":"2025-06-29T11:53:20","guid":{"rendered":"https:\/\/uj.adatbank.ro\/lexikon\/termek\/kelemen-atilla-%c2%a7-attila\/"},"modified":"2025-06-29T13:53:20","modified_gmt":"2025-06-29T11:53:20","slug":"kelemen-atilla-%c2%a7-attila","status":"publish","type":"product","link":"https:\/\/uj.adatbank.ro\/lexikon\/termek\/kelemen-atilla-%c2%a7-attila\/","title":{"rendered":"KELEMEN Atilla, \u00a7 Attila"},"content":{"rendered":"<p>1919. m\u00e1j. 7., \u2020 Mv., 1994. j\u00fan. 24.: ortop\u00e9d, gyermekseb\u00e9sz, egyetemi tan\u00e1r, olimpikon. \u2013 \u00c9retts\u00e9gizett a mv.-i Ref. Koll.-ban (1937); orvosi oklevel\u00e9t Kv.-on szerezte (1944); Buk.-ben sportorvosi k\u00e9pes\u00edt\u00e9st nyert (1949); doktor\u00e1lt gyermekseb\u00e9szetb\u0151l (1961). P\u00e1lyafut\u00e1s\u00e1t Kv.-on kezdte mint gyakornok a S\u00fcrg\u00f6ss\u00e9gi Klinik\u00e1n (1944\u201347), a mv.-i Seb\u00e9szeti Klinika gyakornoka (1947\u2013), a MOGYI tan\u00e1rseg\u00e9dje (1947\u201360), a Gyermekseb\u00e9szeti Klinika tan\u00e1rseg\u00e9dje (1960\u2013), adjunktus (1966\u201372), el\u0151ad\u00f3tan\u00e1r, oszt\u00e1lyvezet\u0151 f\u0151orvos, igazgat\u00f3 (1972\u201387). Fiatal kor\u00e1ban akt\u00edv sportol\u00f3 volt (1930\u2013) mint \u00fasz\u00f3 versenyzett, 15 \u00e9vig volt Rom\u00e1nia \u00fasz\u00f3bajnoka, 200 m-en, 400 m.-en, \u2013 a 400 m\u00e9teres gyors\u00fasz\u00f3 orsz\u00e1gos cs\u00facsot tartotta, 800 m.-en \u00e9s 1500 m.-en, a magyar v\u00e1lpgatott \u00fasz\u00f3keret tagja (1939). R\u00e9szt vett a Helsinki-i olimpi\u00e1n (1952) mint a Progresul v\u00edzilabd\u00e1z\u00f3ja, azut\u00e1n edz\u0151, a sport mestere (1954). V\u00edzilabd\u00e1zott is (az orsz\u00e1gos bajnok v\u00edzipol\u00f3 csapatnak volt tagja, 1936), majd magyar f\u0151iskolai bajnok (1940). A KEAC ifj\u00fas\u00e1gi csapat\u00e1nak eln\u00f6ke. \u00dasz\u00f3edz\u0151k\u00e9nt nagy s\u00falyt helyezett az ut\u00e1np\u00f3tl\u00e1s nevel\u00e9s\u00e9re. Sportorvosi jegyzetet szerkesztett a Testnevel\u00e9si F\u0151iskola hallgat\u00f3inak (1954). Kutat\u00e1si ter\u00fclete : gyermek ortop\u00e9dia, a fejl\u0151d\u00e9si rendelleness\u00e9gek k\u00f3rtana, megjelen\u00e9si form\u00e1ja, gy\u00f3gy\u00edt\u00e1sa. \u00daj elj\u00e1r\u00e1st dolgozott ki a nyel\u0151cs\u0151 velesz\u00fcletett elz\u00e1r\u00f3d\u00e1sainak m\u0171t\u00e9ti megold\u00e1s\u00e1ra, a her\u00e9k rendellenes elhelyezked\u00e9s\u00e9nek seb\u00e9szeti kezel\u00e9s\u00e9re. Rom\u00e1ni\u00e1ban els\u0151nek sz\u00e1molt be az izomrelax\u00e1nsokkal t\u00e1rs\u00edtott intratrache\u00e1lis altat\u00e1sr\u00f3l (1954). A b\u00e9csi V-th International Congress of Infectious Diseases keret\u00e9ben is tanulm\u00e1nnyal szerepelt (1970). Szakdoldozatait k\u00f6z\u00f6lte az Orvosi Szemle- Revista Medical\u0103, Chirurgia Pediatric\u0103, Via\u0163a Medical\u0103. \u2013 <strong>F. m.:<\/strong> <strong>t\u00e1rssz.:<\/strong> Seb\u00e9szeti jegyzet. 1\u20132 k\u00f6t. (Mv., 1953); Seb\u00e9szet (Mv., 1950, 1960); Ortopedia (Tg. M. 1977). S\u00edrja a mv.-i Ref. temet\u0151ben. <br \/><strong>Irod.:<\/strong> Genersich; Gy\u00e1rf\u00e1s Mikl\u00f3s: Dr. K. A. (V. Z., 1979. dec. 16.); Kiss\u2013P\u00e9terffy\u2013P\u00e9terffy; Kl\u00f3sz-Tolok\u00e1n; Molter K\u00e1roly: Mv. (\u00daj Kezdet, 6. sz., 2010. j\u00fan.); Mv.-i ref. temet\u0151; [Nekrol\u00f3g] (N\u00fa., 1994. j\u00fan. 25.); Nurids\u00e1ny Tibor: 100 \u00e9ve alakult meg a Mv.-i Sport Egylet \u2013 MSE (N\u00fa., 1998. jan. 16); Barab\u00e1s-P\u00e9ter M.\u2013P\u00e9ter H. M.; P\u00e9terffy \u00c1. &#8211; P. P.; Pluh\u00e1r; RMIL; Sipos; Sz\u00e9pr\u00e9ti Lilla: Gy\u00f3gy\u00edtson meg a doktor b\u00e1csi (\u00daj \u00c9let, 1966\/10)<\/br><\/p>\n","protected":false},"excerpt":{"rendered":"<p>1919. m\u00e1j. 7., \u2020 Mv., 1994. j\u00fan. 24.: ortop\u00e9d, gyermekseb\u00e9sz, egyetemi tan\u00e1r, olimpikon. \u2013 \u00c9retts\u00e9gizett a mv.-i Ref. Koll.-ban (1937); orvosi oklevel\u00e9t Kv.-on szerezte (1944); Buk.-ben sportorvosi k\u00e9pes\u00edt\u00e9st nyert (1949); doktor\u00e1lt gyermekseb\u00e9szetb\u0151l (1961). P\u00e1lyafut\u00e1s\u00e1t Kv.-on kezdte mint gyakornok a S\u00fcrg\u00f6ss\u00e9gi Klinik\u00e1n (1944\u201347), a mv.-i Seb\u00e9szeti Klinika gyakornoka (1947\u2013), a MOGYI tan\u00e1rseg\u00e9dje (1947\u201360), a Gyermekseb\u00e9szeti Klinika [&hellip;]<\/p>\n","protected":false},"featured_media":0,"comment_status":"open","ping_status":"closed","template":"","meta":[],"product_brand":[],"product_cat":[137],"product_tag":[],"class_list":{"0":"post-11446","1":"product","2":"type-product","3":"status-publish","5":"product_cat-maros-megyei-eletrajzi-lexikon","7":"first","8":"instock","9":"shipping-taxable","10":"product-type-simple"},"_links":{"self":[{"href":"https:\/\/uj.adatbank.ro\/lexikon\/wp-json\/wp\/v2\/product\/11446","targetHints":{"allow":["GET"]}}],"collection":[{"href":"https:\/\/uj.adatbank.ro\/lexikon\/wp-json\/wp\/v2\/product"}],"about":[{"href":"https:\/\/uj.adatbank.ro\/lexikon\/wp-json\/wp\/v2\/types\/product"}],"replies":[{"embeddable":true,"href":"https:\/\/uj.adatbank.ro\/lexikon\/wp-json\/wp\/v2\/comments?post=11446"}],"wp:attachment":[{"href":"https:\/\/uj.adatbank.ro\/lexikon\/wp-json\/wp\/v2\/media?parent=11446"}],"wp:term":[{"taxonomy":"product_brand","embeddable":true,"href":"https:\/\/uj.adatbank.ro\/lexikon\/wp-json\/wp\/v2\/product_brand?post=11446"},{"taxonomy":"product_cat","embeddable":true,"href":"https:\/\/uj.adatbank.ro\/lexikon\/wp-json\/wp\/v2\/product_cat?post=11446"},{"taxonomy":"product_tag","embeddable":true,"href":"https:\/\/uj.adatbank.ro\/lexikon\/wp-json\/wp\/v2\/product_tag?post=11446"}],"curies":[{"name":"wp","href":"https:\/\/api.w.org\/{rel}","templated":true}]}}