{"id":11448,"date":"2025-06-29T13:53:24","date_gmt":"2025-06-29T11:53:24","guid":{"rendered":"https:\/\/uj.adatbank.ro\/lexikon\/termek\/kelemen-attila-bela-laszlo\/"},"modified":"2025-06-29T13:53:24","modified_gmt":"2025-06-29T11:53:24","slug":"kelemen-attila-bela-laszlo","status":"publish","type":"product","link":"https:\/\/uj.adatbank.ro\/lexikon\/termek\/kelemen-attila-bela-laszlo\/","title":{"rendered":"KELEMEN Attila B\u00e9la L\u00e1szl\u00f3"},"content":{"rendered":"<p>Mv., 1948. m\u00e1j. 4., \u2020 Mv., 2022. jan. 9.: \u00e1llatorvos, parlamenti k\u00e9pvisel\u0151. &#8211; K. Attila Andr\u00e1s seb\u00e9sz szakorvos \u00e9s Roszkopf \u00c1gnes orvos fia. \u2013 Feles\u00e9ge: 1. elv\u00e1lt; 2. Melinda, lovasedz\u0151 (1996). \u2013 \u00c1llatorvosi egyetemet Kv.-on v\u00e9gezte, uo. \u00e1llatorvosi doktor\u00e1tust tett (1971) \u00e9s \u00e1llatteny\u00e9szt\u00e9si doktor\u00e1tust (Buk., 2005). Mez\u0151paniton k\u00f6rzeti \u00e1llatorvos (1971\u201388). Szak\u00e1llatorvos New Jersey, USA (1988\u201391). Mv.-en mag\u00e1n-\u00e1llatorvosi rendel\u0151 igazgat\u00f3ja (1991\u201396). Politikus: RMDSZ megv\u00e1lasztott parlamenti k\u00e9pvisel\u0151je (1996\u2013) \u00e9s az RMDSZ k\u00e9pvisel\u0151je az Eur\u00f3pai Parlamentben (2007\u2013). Sportol\u00f3k\u00e9nt: a Mv.-i Hargita \u00fasz\u00f3ja (1959\u201361), a Bolyai l\u00edc. kos\u00e1rlabda-csapat\u00e1nak tagja (1961\u201366), v\u00e1logatott kos\u00e1rlabd\u00e1z\u00f3, v\u00e1logatott fogathajt\u00f3 (1971\u201388), fogathajt\u00f3 b\u00edr\u00f3, nemzetk\u00f6zi kutyab\u00edr\u00f3, az orsz\u00e1gos vad\u00e1szegyes\u00fclet aleln\u00f6ke. Megszervezte a Rom\u00e1n Lovassz\u00f6vets\u00e9g mellett a Fogathajt\u00f3 Szakbizotts\u00e1got, indult a fogathajt\u00f3 bajnoks\u00e1g n\u00e9gyes \u00e9s kettes kateg\u00f3ri\u00e1j\u00e1ban. Rom\u00e1nia n\u00e9gyes fogathajt\u00f3 bajnoka (1986-, 87-, 88-ban) \u00e9s megkapta a rom\u00e1n sportmesteri c\u00edmet. Vezet\u0151je volt a kettes \u00e9s n\u00e9gyes fogathajt\u00f3 VB-ken r\u00e9szt vev\u0151 csapatnak (1997\u2013). Vezet\u0151 szaklektora a nemzetk\u00f6zi b\u00edr\u00f3k\u00e9pz\u00e9snek. \u2013 <strong>F. m.:<\/strong> Madarask\u00f6nyv (Kv., 1978); Kuty\u00e1ssk\u00f6nyv (Kv., 1986); \u00c1llatteny\u00e9szt\u00e9si \u00fatmutat\u00f3 (t\u00e1rsszerz\u0151, 1999); A szarvasmarh\u00e1k viselked\u00e9stana (t\u00e1rsszerz\u0151, 2004); Enciclopedia vi\u021belului (2006). <strong>Kit\u00fcntet\u00e9sei:<\/strong> \u00c1llatorvosi tudom\u00e1ny\u00e9rt \u00e9rdemrend arany fokozata (2005, Bukarest Rom\u00e1n Tudom\u00e1nyos Akad\u00e9mia); Magyar K\u00f6zt\u00e1rsas\u00e1gi \u00c9rdemrend tiszti keresztje (2007. Bp.). <br \/><strong>Irod.:<\/strong> EMKK 2000; EMKK 2010; Kl\u00f3sz-Tolok\u00e1n; Nekrol\u00f3g (N\u00fa., 2022. jan. 12.)<\/br><\/p>\n","protected":false},"excerpt":{"rendered":"<p>Mv., 1948. m\u00e1j. 4., \u2020 Mv., 2022. jan. 9.: \u00e1llatorvos, parlamenti k\u00e9pvisel\u0151. &#8211; K. Attila Andr\u00e1s seb\u00e9sz szakorvos \u00e9s Roszkopf \u00c1gnes orvos fia. \u2013 Feles\u00e9ge: 1. elv\u00e1lt; 2. Melinda, lovasedz\u0151 (1996). \u2013 \u00c1llatorvosi egyetemet Kv.-on v\u00e9gezte, uo. \u00e1llatorvosi doktor\u00e1tust tett (1971) \u00e9s \u00e1llatteny\u00e9szt\u00e9si doktor\u00e1tust (Buk., 2005). Mez\u0151paniton k\u00f6rzeti \u00e1llatorvos (1971\u201388). Szak\u00e1llatorvos New Jersey, USA (1988\u201391). [&hellip;]<\/p>\n","protected":false},"featured_media":0,"comment_status":"open","ping_status":"closed","template":"","meta":[],"product_brand":[],"product_cat":[137],"product_tag":[],"class_list":{"0":"post-11448","1":"product","2":"type-product","3":"status-publish","5":"product_cat-maros-megyei-eletrajzi-lexikon","7":"first","8":"instock","9":"shipping-taxable","10":"product-type-simple"},"_links":{"self":[{"href":"https:\/\/uj.adatbank.ro\/lexikon\/wp-json\/wp\/v2\/product\/11448","targetHints":{"allow":["GET"]}}],"collection":[{"href":"https:\/\/uj.adatbank.ro\/lexikon\/wp-json\/wp\/v2\/product"}],"about":[{"href":"https:\/\/uj.adatbank.ro\/lexikon\/wp-json\/wp\/v2\/types\/product"}],"replies":[{"embeddable":true,"href":"https:\/\/uj.adatbank.ro\/lexikon\/wp-json\/wp\/v2\/comments?post=11448"}],"wp:attachment":[{"href":"https:\/\/uj.adatbank.ro\/lexikon\/wp-json\/wp\/v2\/media?parent=11448"}],"wp:term":[{"taxonomy":"product_brand","embeddable":true,"href":"https:\/\/uj.adatbank.ro\/lexikon\/wp-json\/wp\/v2\/product_brand?post=11448"},{"taxonomy":"product_cat","embeddable":true,"href":"https:\/\/uj.adatbank.ro\/lexikon\/wp-json\/wp\/v2\/product_cat?post=11448"},{"taxonomy":"product_tag","embeddable":true,"href":"https:\/\/uj.adatbank.ro\/lexikon\/wp-json\/wp\/v2\/product_tag?post=11448"}],"curies":[{"name":"wp","href":"https:\/\/api.w.org\/{rel}","templated":true}]}}