{"id":11449,"date":"2025-06-29T13:53:25","date_gmt":"2025-06-29T11:53:25","guid":{"rendered":"https:\/\/uj.adatbank.ro\/lexikon\/termek\/kelemen-bela\/"},"modified":"2025-06-29T13:53:25","modified_gmt":"2025-06-29T11:53:25","slug":"kelemen-bela","status":"publish","type":"product","link":"https:\/\/uj.adatbank.ro\/lexikon\/termek\/kelemen-bela\/","title":{"rendered":"KELEMEN B\u00e9la"},"content":{"rendered":"<p>Mv., 1883., \u2020 Bp., 1944: rend\u0151rkap\u00edt\u00e1ny. \u2013 Az ostrom alatt halt meg. \u2013 Felles\u00e9ge Hank\u00f3 Ilona. (\u2020 Bp., 1930). \u2013 Maros-Torda megy\u00e9ben f\u0151szolgab\u00edr\u00f3. M. orsz\u00e1gon telepedett le az I. vil\u00e1gh\u00e1bor\u00fa ut\u00e1n. A Bel\u00fcgymin.-ban szolg\u00e1lt. A debreceni, majd a bp.-i egyh\u00e1zk\u00f6zs\u00e9g gondnoka, tagjavolt az Igazgat\u00f3 Tan\u00e1csnak \u00e9s t\u00f6bb egyh\u00e1zi bizotts\u00e1gnak. <br \/><strong>Irod.:<\/strong> Kelemen<\/br><\/p>\n","protected":false},"excerpt":{"rendered":"<p>Mv., 1883., \u2020 Bp., 1944: rend\u0151rkap\u00edt\u00e1ny. \u2013 Az ostrom alatt halt meg. \u2013 Felles\u00e9ge Hank\u00f3 Ilona. (\u2020 Bp., 1930). \u2013 Maros-Torda megy\u00e9ben f\u0151szolgab\u00edr\u00f3. M. orsz\u00e1gon telepedett le az I. vil\u00e1gh\u00e1bor\u00fa ut\u00e1n. A Bel\u00fcgymin.-ban szolg\u00e1lt. A debreceni, majd a bp.-i egyh\u00e1zk\u00f6zs\u00e9g gondnoka, tagjavolt az Igazgat\u00f3 Tan\u00e1csnak \u00e9s t\u00f6bb egyh\u00e1zi bizotts\u00e1gnak. Irod.: Kelemen<\/p>\n","protected":false},"featured_media":0,"comment_status":"open","ping_status":"closed","template":"","meta":[],"product_brand":[],"product_cat":[137],"product_tag":[],"class_list":{"0":"post-11449","1":"product","2":"type-product","3":"status-publish","5":"product_cat-maros-megyei-eletrajzi-lexikon","7":"first","8":"instock","9":"shipping-taxable","10":"product-type-simple"},"_links":{"self":[{"href":"https:\/\/uj.adatbank.ro\/lexikon\/wp-json\/wp\/v2\/product\/11449","targetHints":{"allow":["GET"]}}],"collection":[{"href":"https:\/\/uj.adatbank.ro\/lexikon\/wp-json\/wp\/v2\/product"}],"about":[{"href":"https:\/\/uj.adatbank.ro\/lexikon\/wp-json\/wp\/v2\/types\/product"}],"replies":[{"embeddable":true,"href":"https:\/\/uj.adatbank.ro\/lexikon\/wp-json\/wp\/v2\/comments?post=11449"}],"wp:attachment":[{"href":"https:\/\/uj.adatbank.ro\/lexikon\/wp-json\/wp\/v2\/media?parent=11449"}],"wp:term":[{"taxonomy":"product_brand","embeddable":true,"href":"https:\/\/uj.adatbank.ro\/lexikon\/wp-json\/wp\/v2\/product_brand?post=11449"},{"taxonomy":"product_cat","embeddable":true,"href":"https:\/\/uj.adatbank.ro\/lexikon\/wp-json\/wp\/v2\/product_cat?post=11449"},{"taxonomy":"product_tag","embeddable":true,"href":"https:\/\/uj.adatbank.ro\/lexikon\/wp-json\/wp\/v2\/product_tag?post=11449"}],"curies":[{"name":"wp","href":"https:\/\/api.w.org\/{rel}","templated":true}]}}