{"id":11450,"date":"2025-06-29T13:53:27","date_gmt":"2025-06-29T11:53:27","guid":{"rendered":"https:\/\/uj.adatbank.ro\/lexikon\/termek\/kelemen-bela-2\/"},"modified":"2025-06-29T13:53:27","modified_gmt":"2025-06-29T11:53:27","slug":"kelemen-bela-2","status":"publish","type":"product","link":"https:\/\/uj.adatbank.ro\/lexikon\/termek\/kelemen-bela-2\/","title":{"rendered":"KELEMEN B\u00e9la"},"content":{"rendered":"<p>Mez\u0151k\u00f6lp\u00e9ny, 1878., \u2020 ? : katona. \u2013 Besorozt\u00e1k (1899). A m. kir. mv.-i 9. Honv\u00e9d husz\u00e1rezred katon\u00e1ja (1899). <br \/><strong>Irod.:<\/strong> Koszta<\/br><\/p>\n","protected":false},"excerpt":{"rendered":"<p>Mez\u0151k\u00f6lp\u00e9ny, 1878., \u2020 ? : katona. \u2013 Besorozt\u00e1k (1899). A m. kir. mv.-i 9. Honv\u00e9d husz\u00e1rezred katon\u00e1ja (1899). Irod.: Koszta<\/p>\n","protected":false},"featured_media":0,"comment_status":"open","ping_status":"closed","template":"","meta":[],"product_brand":[],"product_cat":[137],"product_tag":[],"class_list":{"0":"post-11450","1":"product","2":"type-product","3":"status-publish","5":"product_cat-maros-megyei-eletrajzi-lexikon","7":"first","8":"instock","9":"shipping-taxable","10":"product-type-simple"},"_links":{"self":[{"href":"https:\/\/uj.adatbank.ro\/lexikon\/wp-json\/wp\/v2\/product\/11450","targetHints":{"allow":["GET"]}}],"collection":[{"href":"https:\/\/uj.adatbank.ro\/lexikon\/wp-json\/wp\/v2\/product"}],"about":[{"href":"https:\/\/uj.adatbank.ro\/lexikon\/wp-json\/wp\/v2\/types\/product"}],"replies":[{"embeddable":true,"href":"https:\/\/uj.adatbank.ro\/lexikon\/wp-json\/wp\/v2\/comments?post=11450"}],"wp:attachment":[{"href":"https:\/\/uj.adatbank.ro\/lexikon\/wp-json\/wp\/v2\/media?parent=11450"}],"wp:term":[{"taxonomy":"product_brand","embeddable":true,"href":"https:\/\/uj.adatbank.ro\/lexikon\/wp-json\/wp\/v2\/product_brand?post=11450"},{"taxonomy":"product_cat","embeddable":true,"href":"https:\/\/uj.adatbank.ro\/lexikon\/wp-json\/wp\/v2\/product_cat?post=11450"},{"taxonomy":"product_tag","embeddable":true,"href":"https:\/\/uj.adatbank.ro\/lexikon\/wp-json\/wp\/v2\/product_tag?post=11450"}],"curies":[{"name":"wp","href":"https:\/\/api.w.org\/{rel}","templated":true}]}}