{"id":11451,"date":"2025-06-29T13:53:28","date_gmt":"2025-06-29T11:53:28","guid":{"rendered":"https:\/\/uj.adatbank.ro\/lexikon\/termek\/kelemen-benjamin-beno-nagyernyei-ifj\/"},"modified":"2025-06-29T13:53:28","modified_gmt":"2025-06-29T11:53:28","slug":"kelemen-benjamin-beno-nagyernyei-ifj","status":"publish","type":"product","link":"https:\/\/uj.adatbank.ro\/lexikon\/termek\/kelemen-benjamin-beno-nagyernyei-ifj\/","title":{"rendered":"KELEMEN Benj\u00e1min, Ben\u0151, nagyernyei, ifj"},"content":{"rendered":"<p>Sentmih\u00e1ly, 1792. \u00e1pr. 9., \u2020 Szucs\u00e1g, 1883. j\u00fan. 3.: j\u00f3sz\u00e1gigazgat\u00f3. \u2013 Apja nevelte (\u20131801); a sz\u00e9kelykereszt\u00fari Unit\u00e1rius Gimn.-ban tanult (1801); a sz\u00fcnid\u0151ket Segesv\u00e1ron t\u00f6lt\u00f6tte a n\u00e9met nyelv tanul\u00e1sa v\u00e9gett, majd Kv.-on tanult (1809\u201314) az Unit\u00e1rius Koll.-ban. A mv.-i kancell\u00e1ria tisztvisel\u0151je (1814\u2013); az Erd\u00e9lyb\u0151l a bukovinai havasokon \u00e1t vezet\u0151 \u00fatk\u00e9sz\u00edt\u0151 bizotts\u00e1g tagja (1815\u201316). Miut\u00e1n \u00fcgyv\u00e9di vizsg\u00e1t tett, a b\u00e1r\u00f3 Wessel\u00e9nyi csal\u00e1d zsib\u00f3i uradalm\u00e1n gazdatiszt \u00e9s j\u00f3sz\u00e1gigazgat\u00f3 k\u00f6zel f\u00e9l \u00e9vsz\u00e1zadig (1816\u2013), a nagy b\u00e1r\u00f3 W. Mikl\u00f3shoz bar\u00e1ti viszony f\u0171zte, s\u0171r\u0171n leveleztek (\u20131850), a b\u00e1r\u00f3 hal\u00e1la ut\u00e1n m\u00e9g h\u00fasz\u00e9vig viselte fiainak \u00e9s azok j\u00f3sz\u00e1gainak gondj\u00e1t; nyugalomba vonult (1875) \u00e9s szucs\u00e1ki birtok\u00e1n gazd\u00e1lkodott. T\u00f6bb alap\u00edtv\u00e1nyt tett az unit. egyh\u00e1zra, iskol\u00e1kra \u00e9s m\u00e1s j\u00f3t\u00e9kony c\u00e9lra. B\u00f6l\u00f6ni Farkas S\u00e1ndorral, akivel bar\u00e1ti viszonyban volt szint\u00e9n levelezett. Cikkei : Ismertet\u0151, Nemzeti T\u00e1rsalkod\u00f3. Levelez\u00e9s\u00e9b\u00f3l Jakab Elek k\u00f6z\u00f6lt a r\u00f3la \u00edrt jellemrajzban. <br \/><strong>Irod.:<\/strong> Ferencz J\u00f3zsef: Gy\u00e1sztisztelet Nagyernyei K. B. kopors\u00f3j\u00e1n\u00e1l (Kv., 1883); Jakab Elek: Nagyernyei K. B. \u00e9lete (Kv., 1887); Jakab Elek: K. B. Kor- \u00e9s jellemrajz (Ker. Magvet\u0151, 1887) Kelemen; P\u00e1lmay; Szinnyei<\/br><\/p>\n","protected":false},"excerpt":{"rendered":"<p>Sentmih\u00e1ly, 1792. \u00e1pr. 9., \u2020 Szucs\u00e1g, 1883. j\u00fan. 3.: j\u00f3sz\u00e1gigazgat\u00f3. \u2013 Apja nevelte (\u20131801); a sz\u00e9kelykereszt\u00fari Unit\u00e1rius Gimn.-ban tanult (1801); a sz\u00fcnid\u0151ket Segesv\u00e1ron t\u00f6lt\u00f6tte a n\u00e9met nyelv tanul\u00e1sa v\u00e9gett, majd Kv.-on tanult (1809\u201314) az Unit\u00e1rius Koll.-ban. A mv.-i kancell\u00e1ria tisztvisel\u0151je (1814\u2013); az Erd\u00e9lyb\u0151l a bukovinai havasokon \u00e1t vezet\u0151 \u00fatk\u00e9sz\u00edt\u0151 bizotts\u00e1g tagja (1815\u201316). Miut\u00e1n \u00fcgyv\u00e9di vizsg\u00e1t [&hellip;]<\/p>\n","protected":false},"featured_media":0,"comment_status":"open","ping_status":"closed","template":"","meta":[],"product_brand":[],"product_cat":[137],"product_tag":[],"class_list":{"0":"post-11451","1":"product","2":"type-product","3":"status-publish","5":"product_cat-maros-megyei-eletrajzi-lexikon","7":"first","8":"instock","9":"shipping-taxable","10":"product-type-simple"},"_links":{"self":[{"href":"https:\/\/uj.adatbank.ro\/lexikon\/wp-json\/wp\/v2\/product\/11451","targetHints":{"allow":["GET"]}}],"collection":[{"href":"https:\/\/uj.adatbank.ro\/lexikon\/wp-json\/wp\/v2\/product"}],"about":[{"href":"https:\/\/uj.adatbank.ro\/lexikon\/wp-json\/wp\/v2\/types\/product"}],"replies":[{"embeddable":true,"href":"https:\/\/uj.adatbank.ro\/lexikon\/wp-json\/wp\/v2\/comments?post=11451"}],"wp:attachment":[{"href":"https:\/\/uj.adatbank.ro\/lexikon\/wp-json\/wp\/v2\/media?parent=11451"}],"wp:term":[{"taxonomy":"product_brand","embeddable":true,"href":"https:\/\/uj.adatbank.ro\/lexikon\/wp-json\/wp\/v2\/product_brand?post=11451"},{"taxonomy":"product_cat","embeddable":true,"href":"https:\/\/uj.adatbank.ro\/lexikon\/wp-json\/wp\/v2\/product_cat?post=11451"},{"taxonomy":"product_tag","embeddable":true,"href":"https:\/\/uj.adatbank.ro\/lexikon\/wp-json\/wp\/v2\/product_tag?post=11451"}],"curies":[{"name":"wp","href":"https:\/\/api.w.org\/{rel}","templated":true}]}}