{"id":11452,"date":"2025-06-29T13:53:30","date_gmt":"2025-06-29T11:53:30","guid":{"rendered":"https:\/\/uj.adatbank.ro\/lexikon\/termek\/kelemen-eva\/"},"modified":"2025-06-29T13:53:30","modified_gmt":"2025-06-29T11:53:30","slug":"kelemen-eva","status":"publish","type":"product","link":"https:\/\/uj.adatbank.ro\/lexikon\/termek\/kelemen-eva\/","title":{"rendered":"KELEMEN \u00c9va"},"content":{"rendered":"<p>Tasn\u00e1dszarvad, 1929. dec. 15., \u2020 Mv., 1999. nov. 4.: gy\u00f3gyszer\u00e9sz. \u2013 A mv.-i OGYI- n gy\u00f3gyszer\u00e9sz diplom\u00e1t szerzett (1955). A mv.-i 1. sz. gy\u00f3gyszert\u00e1rban dolgozott, majd a 6. sz. (1960\u2013), a 3. sz., ism\u00e9t az 1. sz. munkat\u00e1rsa. F\u0151gy\u00f3gyszer\u00e9szi vizsg\u00e1t tett (1976). Nyugd\u00edjazt\u00e1k (1987. m\u00e1rc. \u2013), de helyettes\u00edt\u0151k\u00e9nt tov\u00e1bb dolgozott (1988. jan. 1.-ig.). <br \/><strong>Irod.:<\/strong> P\u00e9ter H. M.; P\u00e9ter H. M. 2013<\/br><\/p>\n","protected":false},"excerpt":{"rendered":"<p>Tasn\u00e1dszarvad, 1929. dec. 15., \u2020 Mv., 1999. nov. 4.: gy\u00f3gyszer\u00e9sz. \u2013 A mv.-i OGYI- n gy\u00f3gyszer\u00e9sz diplom\u00e1t szerzett (1955). A mv.-i 1. sz. gy\u00f3gyszert\u00e1rban dolgozott, majd a 6. sz. (1960\u2013), a 3. sz., ism\u00e9t az 1. sz. munkat\u00e1rsa. F\u0151gy\u00f3gyszer\u00e9szi vizsg\u00e1t tett (1976). Nyugd\u00edjazt\u00e1k (1987. m\u00e1rc. \u2013), de helyettes\u00edt\u0151k\u00e9nt tov\u00e1bb dolgozott (1988. jan. 1.-ig.). Irod.: P\u00e9ter [&hellip;]<\/p>\n","protected":false},"featured_media":0,"comment_status":"open","ping_status":"closed","template":"","meta":[],"product_brand":[],"product_cat":[137],"product_tag":[],"class_list":{"0":"post-11452","1":"product","2":"type-product","3":"status-publish","5":"product_cat-maros-megyei-eletrajzi-lexikon","7":"first","8":"instock","9":"shipping-taxable","10":"product-type-simple"},"_links":{"self":[{"href":"https:\/\/uj.adatbank.ro\/lexikon\/wp-json\/wp\/v2\/product\/11452","targetHints":{"allow":["GET"]}}],"collection":[{"href":"https:\/\/uj.adatbank.ro\/lexikon\/wp-json\/wp\/v2\/product"}],"about":[{"href":"https:\/\/uj.adatbank.ro\/lexikon\/wp-json\/wp\/v2\/types\/product"}],"replies":[{"embeddable":true,"href":"https:\/\/uj.adatbank.ro\/lexikon\/wp-json\/wp\/v2\/comments?post=11452"}],"wp:attachment":[{"href":"https:\/\/uj.adatbank.ro\/lexikon\/wp-json\/wp\/v2\/media?parent=11452"}],"wp:term":[{"taxonomy":"product_brand","embeddable":true,"href":"https:\/\/uj.adatbank.ro\/lexikon\/wp-json\/wp\/v2\/product_brand?post=11452"},{"taxonomy":"product_cat","embeddable":true,"href":"https:\/\/uj.adatbank.ro\/lexikon\/wp-json\/wp\/v2\/product_cat?post=11452"},{"taxonomy":"product_tag","embeddable":true,"href":"https:\/\/uj.adatbank.ro\/lexikon\/wp-json\/wp\/v2\/product_tag?post=11452"}],"curies":[{"name":"wp","href":"https:\/\/api.w.org\/{rel}","templated":true}]}}