{"id":11453,"date":"2025-06-29T13:53:35","date_gmt":"2025-06-29T11:53:35","guid":{"rendered":"https:\/\/uj.adatbank.ro\/lexikon\/termek\/kelemen-ferenc\/"},"modified":"2025-06-29T13:53:35","modified_gmt":"2025-06-29T11:53:35","slug":"kelemen-ferenc","status":"publish","type":"product","link":"https:\/\/uj.adatbank.ro\/lexikon\/termek\/kelemen-ferenc\/","title":{"rendered":"KELEMEN Ferenc"},"content":{"rendered":"<p>Torock\u00f3, 1896., \u2020 Mv., 1997. m\u00e1rc. 25.: tisztvisel\u0151. \u2013 A k\u00f6z\u00e9piskol\u00e1t Kv.-on, az erd\u00e9szeti f\u0151iskol\u00e1t Selmecb\u00e1ny\u00e1n v\u00e9gezte. Az els\u0151 vh.-ban a m. kir. 21. gy. ezr.-ben az orosz \u00e9s olasz fronton harcolt. <strong>Kit\u00fcntet\u00e9sei:<\/strong> K\u00c9K3 kardokkal, O1; Kcsk, MHE\u00c9, Bajor \u00c9K, OHE\u00c9, Tiroli HE\u00c9, NHE\u00c9. Vit\u00e9zi avat\u00e1si id\u0151pontja: 1943. m\u00e1j. 12. Mint tisztvisel\u0151 Sz\u00e1szr\u00e9genben dolgozott, a MP tagja, minden kultur\u00e1lis mozgalom t\u00e1mogat\u00f3ja volt. Okleveles m. irod. tan\u00e1r, \u00fajs\u00e1g\u00edr\u00f3, szerk., majd a mv.-i r\u00e1di\u00f3n\u00e1l a buk.-i r\u00e1di\u00f3 m. ad\u00e1s\u00e1nak tud\u00f3s\u00edt\u00f3ja. <br \/><strong>Irod.:<\/strong> Berekm\u00e9ri\u2013Nemes; Nagy L.; [Nekrol\u00f3g] (N\u00fa., 1997. m\u00e1rc. 27.); Sz\u00e9kelyf\u00f6ld \u00ed. k.<\/br><\/p>\n","protected":false},"excerpt":{"rendered":"<p>Torock\u00f3, 1896., \u2020 Mv., 1997. m\u00e1rc. 25.: tisztvisel\u0151. \u2013 A k\u00f6z\u00e9piskol\u00e1t Kv.-on, az erd\u00e9szeti f\u0151iskol\u00e1t Selmecb\u00e1ny\u00e1n v\u00e9gezte. Az els\u0151 vh.-ban a m. kir. 21. gy. ezr.-ben az orosz \u00e9s olasz fronton harcolt. Kit\u00fcntet\u00e9sei: K\u00c9K3 kardokkal, O1; Kcsk, MHE\u00c9, Bajor \u00c9K, OHE\u00c9, Tiroli HE\u00c9, NHE\u00c9. Vit\u00e9zi avat\u00e1si id\u0151pontja: 1943. m\u00e1j. 12. Mint tisztvisel\u0151 Sz\u00e1szr\u00e9genben dolgozott, a [&hellip;]<\/p>\n","protected":false},"featured_media":0,"comment_status":"open","ping_status":"closed","template":"","meta":[],"product_brand":[],"product_cat":[137],"product_tag":[],"class_list":{"0":"post-11453","1":"product","2":"type-product","3":"status-publish","5":"product_cat-maros-megyei-eletrajzi-lexikon","7":"first","8":"instock","9":"shipping-taxable","10":"product-type-simple"},"_links":{"self":[{"href":"https:\/\/uj.adatbank.ro\/lexikon\/wp-json\/wp\/v2\/product\/11453","targetHints":{"allow":["GET"]}}],"collection":[{"href":"https:\/\/uj.adatbank.ro\/lexikon\/wp-json\/wp\/v2\/product"}],"about":[{"href":"https:\/\/uj.adatbank.ro\/lexikon\/wp-json\/wp\/v2\/types\/product"}],"replies":[{"embeddable":true,"href":"https:\/\/uj.adatbank.ro\/lexikon\/wp-json\/wp\/v2\/comments?post=11453"}],"wp:attachment":[{"href":"https:\/\/uj.adatbank.ro\/lexikon\/wp-json\/wp\/v2\/media?parent=11453"}],"wp:term":[{"taxonomy":"product_brand","embeddable":true,"href":"https:\/\/uj.adatbank.ro\/lexikon\/wp-json\/wp\/v2\/product_brand?post=11453"},{"taxonomy":"product_cat","embeddable":true,"href":"https:\/\/uj.adatbank.ro\/lexikon\/wp-json\/wp\/v2\/product_cat?post=11453"},{"taxonomy":"product_tag","embeddable":true,"href":"https:\/\/uj.adatbank.ro\/lexikon\/wp-json\/wp\/v2\/product_tag?post=11453"}],"curies":[{"name":"wp","href":"https:\/\/api.w.org\/{rel}","templated":true}]}}