{"id":11456,"date":"2025-06-29T13:53:39","date_gmt":"2025-06-29T11:53:39","guid":{"rendered":"https:\/\/uj.adatbank.ro\/lexikon\/termek\/kelemen-gyorgy\/"},"modified":"2025-06-29T13:53:39","modified_gmt":"2025-06-29T11:53:39","slug":"kelemen-gyorgy","status":"publish","type":"product","link":"https:\/\/uj.adatbank.ro\/lexikon\/termek\/kelemen-gyorgy\/","title":{"rendered":"KELEMEN Gy\u00f6rgy"},"content":{"rendered":"<p>1875 ? \u2020 1928. dec. 2.: unit. lelk\u00e9sz. \u2013 Cs\u00f3kfalv\u00e1n volt unit. lelk\u00e9sz. A szolg\u00e1lata alatt az egyetemes Unit. egyh\u00e1z ott rendezte meg a zsinatj\u00e1t (1907). Szab\u00e9don lelk\u00e9sz 30 \u00e9ven \u00e1t. \u2013 <strong>F. m.:<\/strong> A Mo.-i Unit. Egyh\u00e1z 1907. aug. 24\u201327-\u00e9n a Marosi egyh\u00e1zk\u00f6rben Cs\u00f3kfalv\u00e1n tartott zsinati f\u0151tan\u00e1csa alkalm\u00e1b\u00f3l mondott Im\u00e1k \u00e9s besz\u00e9dek (Mv., 1907). <br \/><strong>Irod.:<\/strong> F\u00fcl\u00f6p\u2013Ferencz; Kelemen; Kelemen Imre<\/br><\/p>\n","protected":false},"excerpt":{"rendered":"<p>1875 ? \u2020 1928. dec. 2.: unit. lelk\u00e9sz. \u2013 Cs\u00f3kfalv\u00e1n volt unit. lelk\u00e9sz. A szolg\u00e1lata alatt az egyetemes Unit. egyh\u00e1z ott rendezte meg a zsinatj\u00e1t (1907). Szab\u00e9don lelk\u00e9sz 30 \u00e9ven \u00e1t. \u2013 F. m.: A Mo.-i Unit. Egyh\u00e1z 1907. aug. 24\u201327-\u00e9n a Marosi egyh\u00e1zk\u00f6rben Cs\u00f3kfalv\u00e1n tartott zsinati f\u0151tan\u00e1csa alkalm\u00e1b\u00f3l mondott Im\u00e1k \u00e9s besz\u00e9dek (Mv., 1907). [&hellip;]<\/p>\n","protected":false},"featured_media":0,"comment_status":"open","ping_status":"closed","template":"","meta":[],"product_brand":[],"product_cat":[137],"product_tag":[],"class_list":{"0":"post-11456","1":"product","2":"type-product","3":"status-publish","5":"product_cat-maros-megyei-eletrajzi-lexikon","7":"first","8":"instock","9":"shipping-taxable","10":"product-type-simple"},"_links":{"self":[{"href":"https:\/\/uj.adatbank.ro\/lexikon\/wp-json\/wp\/v2\/product\/11456","targetHints":{"allow":["GET"]}}],"collection":[{"href":"https:\/\/uj.adatbank.ro\/lexikon\/wp-json\/wp\/v2\/product"}],"about":[{"href":"https:\/\/uj.adatbank.ro\/lexikon\/wp-json\/wp\/v2\/types\/product"}],"replies":[{"embeddable":true,"href":"https:\/\/uj.adatbank.ro\/lexikon\/wp-json\/wp\/v2\/comments?post=11456"}],"wp:attachment":[{"href":"https:\/\/uj.adatbank.ro\/lexikon\/wp-json\/wp\/v2\/media?parent=11456"}],"wp:term":[{"taxonomy":"product_brand","embeddable":true,"href":"https:\/\/uj.adatbank.ro\/lexikon\/wp-json\/wp\/v2\/product_brand?post=11456"},{"taxonomy":"product_cat","embeddable":true,"href":"https:\/\/uj.adatbank.ro\/lexikon\/wp-json\/wp\/v2\/product_cat?post=11456"},{"taxonomy":"product_tag","embeddable":true,"href":"https:\/\/uj.adatbank.ro\/lexikon\/wp-json\/wp\/v2\/product_tag?post=11456"}],"curies":[{"name":"wp","href":"https:\/\/api.w.org\/{rel}","templated":true}]}}