{"id":11458,"date":"2025-06-29T13:53:43","date_gmt":"2025-06-29T11:53:43","guid":{"rendered":"https:\/\/uj.adatbank.ro\/lexikon\/termek\/kelemen-gyorgy-3\/"},"modified":"2025-06-29T13:53:43","modified_gmt":"2025-06-29T11:53:43","slug":"kelemen-gyorgy-3","status":"publish","type":"product","link":"https:\/\/uj.adatbank.ro\/lexikon\/termek\/kelemen-gyorgy-3\/","title":{"rendered":"KELEMEN Gy\u00f6rgy"},"content":{"rendered":"<p>Galambfalva, \u2020 Mv., 2001. aug. 6 : N\u00e9p\u00fajs\u00e1g munkat\u00e1rsa. \u2013 A V\u00f6r\u00f6s Z\u00e1szl\u00f3 munkat\u00e1rsa lett (1961) \u00e9s itt dolgozott nyugd\u00edjba vonul\u00e1s\u00e1ig. Az IMPRESS Kiad\u00f3 mindenese volt, \u00fajs\u00e1got, post\u00e1t vitt \u00e9s hozott, ezermesterk\u00e9nt \u00e1llt rendelkez\u00e9s\u00fcnkre. <br \/><strong>Irod.:<\/strong> Nekrol\u00f3g (N\u00fa., 2001. aug. 7)<\/br><\/p>\n","protected":false},"excerpt":{"rendered":"<p>Galambfalva, \u2020 Mv., 2001. aug. 6 : N\u00e9p\u00fajs\u00e1g munkat\u00e1rsa. \u2013 A V\u00f6r\u00f6s Z\u00e1szl\u00f3 munkat\u00e1rsa lett (1961) \u00e9s itt dolgozott nyugd\u00edjba vonul\u00e1s\u00e1ig. Az IMPRESS Kiad\u00f3 mindenese volt, \u00fajs\u00e1got, post\u00e1t vitt \u00e9s hozott, ezermesterk\u00e9nt \u00e1llt rendelkez\u00e9s\u00fcnkre. Irod.: Nekrol\u00f3g (N\u00fa., 2001. aug. 7)<\/p>\n","protected":false},"featured_media":0,"comment_status":"open","ping_status":"closed","template":"","meta":[],"product_brand":[],"product_cat":[137],"product_tag":[],"class_list":{"0":"post-11458","1":"product","2":"type-product","3":"status-publish","5":"product_cat-maros-megyei-eletrajzi-lexikon","7":"first","8":"instock","9":"shipping-taxable","10":"product-type-simple"},"_links":{"self":[{"href":"https:\/\/uj.adatbank.ro\/lexikon\/wp-json\/wp\/v2\/product\/11458","targetHints":{"allow":["GET"]}}],"collection":[{"href":"https:\/\/uj.adatbank.ro\/lexikon\/wp-json\/wp\/v2\/product"}],"about":[{"href":"https:\/\/uj.adatbank.ro\/lexikon\/wp-json\/wp\/v2\/types\/product"}],"replies":[{"embeddable":true,"href":"https:\/\/uj.adatbank.ro\/lexikon\/wp-json\/wp\/v2\/comments?post=11458"}],"wp:attachment":[{"href":"https:\/\/uj.adatbank.ro\/lexikon\/wp-json\/wp\/v2\/media?parent=11458"}],"wp:term":[{"taxonomy":"product_brand","embeddable":true,"href":"https:\/\/uj.adatbank.ro\/lexikon\/wp-json\/wp\/v2\/product_brand?post=11458"},{"taxonomy":"product_cat","embeddable":true,"href":"https:\/\/uj.adatbank.ro\/lexikon\/wp-json\/wp\/v2\/product_cat?post=11458"},{"taxonomy":"product_tag","embeddable":true,"href":"https:\/\/uj.adatbank.ro\/lexikon\/wp-json\/wp\/v2\/product_tag?post=11458"}],"curies":[{"name":"wp","href":"https:\/\/api.w.org\/{rel}","templated":true}]}}