{"id":11459,"date":"2025-06-29T13:53:45","date_gmt":"2025-06-29T11:53:45","guid":{"rendered":"https:\/\/uj.adatbank.ro\/lexikon\/termek\/kelemen-hunor\/"},"modified":"2025-06-29T13:53:45","modified_gmt":"2025-06-29T11:53:45","slug":"kelemen-hunor","status":"publish","type":"product","link":"https:\/\/uj.adatbank.ro\/lexikon\/termek\/kelemen-hunor\/","title":{"rendered":"KELEMEN Hunor"},"content":{"rendered":"<p>? \u2020 ? : m\u00e9rn\u00f6k. \u2013 Feles\u00e9ge K. M\u00e1ria Gy\u00f6ngyi tan\u00edt\u00f3n\u0151. Ny\u00e1r\u00e1dszentbenedeken tan\u00edtottak (1979\u201389). <br \/><strong>Irod.:<\/strong> Ny\u00e1r\u00e1dszentbenedek<\/br><\/p>\n","protected":false},"excerpt":{"rendered":"<p>? \u2020 ? : m\u00e9rn\u00f6k. \u2013 Feles\u00e9ge K. M\u00e1ria Gy\u00f6ngyi tan\u00edt\u00f3n\u0151. Ny\u00e1r\u00e1dszentbenedeken tan\u00edtottak (1979\u201389). Irod.: Ny\u00e1r\u00e1dszentbenedek<\/p>\n","protected":false},"featured_media":0,"comment_status":"open","ping_status":"closed","template":"","meta":[],"product_brand":[],"product_cat":[137],"product_tag":[],"class_list":{"0":"post-11459","1":"product","2":"type-product","3":"status-publish","5":"product_cat-maros-megyei-eletrajzi-lexikon","7":"first","8":"instock","9":"shipping-taxable","10":"product-type-simple"},"_links":{"self":[{"href":"https:\/\/uj.adatbank.ro\/lexikon\/wp-json\/wp\/v2\/product\/11459","targetHints":{"allow":["GET"]}}],"collection":[{"href":"https:\/\/uj.adatbank.ro\/lexikon\/wp-json\/wp\/v2\/product"}],"about":[{"href":"https:\/\/uj.adatbank.ro\/lexikon\/wp-json\/wp\/v2\/types\/product"}],"replies":[{"embeddable":true,"href":"https:\/\/uj.adatbank.ro\/lexikon\/wp-json\/wp\/v2\/comments?post=11459"}],"wp:attachment":[{"href":"https:\/\/uj.adatbank.ro\/lexikon\/wp-json\/wp\/v2\/media?parent=11459"}],"wp:term":[{"taxonomy":"product_brand","embeddable":true,"href":"https:\/\/uj.adatbank.ro\/lexikon\/wp-json\/wp\/v2\/product_brand?post=11459"},{"taxonomy":"product_cat","embeddable":true,"href":"https:\/\/uj.adatbank.ro\/lexikon\/wp-json\/wp\/v2\/product_cat?post=11459"},{"taxonomy":"product_tag","embeddable":true,"href":"https:\/\/uj.adatbank.ro\/lexikon\/wp-json\/wp\/v2\/product_tag?post=11459"}],"curies":[{"name":"wp","href":"https:\/\/api.w.org\/{rel}","templated":true}]}}