{"id":11461,"date":"2025-06-29T13:53:48","date_gmt":"2025-06-29T11:53:48","guid":{"rendered":"https:\/\/uj.adatbank.ro\/lexikon\/termek\/kelemen-ilona-hints-zoltanne\/"},"modified":"2025-06-29T13:53:48","modified_gmt":"2025-06-29T11:53:48","slug":"kelemen-ilona-hints-zoltanne","status":"publish","type":"product","link":"https:\/\/uj.adatbank.ro\/lexikon\/termek\/kelemen-ilona-hints-zoltanne\/","title":{"rendered":"KELEMEN Ilona, Hints Zolt\u00e1nn\u00e9"},"content":{"rendered":"<p>1882 \u2020 Mv., 1926. \u00e1pr. 12.: Hints Zolt\u00e1n gy\u00f3gyszer\u00e9sszel k\u00f6t\u00f6tt h\u00e1zass\u00e1got (1899). Gyermekeik: Ilona, Edit, Zolt\u00e1n, M\u00e1rta, \u00c1d\u00e1m-Istv\u00e1n. <br \/><strong>Irod.:<\/strong> P\u00e9ter H. M.<\/br><\/p>\n","protected":false},"excerpt":{"rendered":"<p>1882 \u2020 Mv., 1926. \u00e1pr. 12.: Hints Zolt\u00e1n gy\u00f3gyszer\u00e9sszel k\u00f6t\u00f6tt h\u00e1zass\u00e1got (1899). Gyermekeik: Ilona, Edit, Zolt\u00e1n, M\u00e1rta, \u00c1d\u00e1m-Istv\u00e1n. Irod.: P\u00e9ter H. M.<\/p>\n","protected":false},"featured_media":0,"comment_status":"open","ping_status":"closed","template":"","meta":[],"product_brand":[],"product_cat":[137],"product_tag":[],"class_list":{"0":"post-11461","1":"product","2":"type-product","3":"status-publish","5":"product_cat-maros-megyei-eletrajzi-lexikon","7":"first","8":"instock","9":"shipping-taxable","10":"product-type-simple"},"_links":{"self":[{"href":"https:\/\/uj.adatbank.ro\/lexikon\/wp-json\/wp\/v2\/product\/11461","targetHints":{"allow":["GET"]}}],"collection":[{"href":"https:\/\/uj.adatbank.ro\/lexikon\/wp-json\/wp\/v2\/product"}],"about":[{"href":"https:\/\/uj.adatbank.ro\/lexikon\/wp-json\/wp\/v2\/types\/product"}],"replies":[{"embeddable":true,"href":"https:\/\/uj.adatbank.ro\/lexikon\/wp-json\/wp\/v2\/comments?post=11461"}],"wp:attachment":[{"href":"https:\/\/uj.adatbank.ro\/lexikon\/wp-json\/wp\/v2\/media?parent=11461"}],"wp:term":[{"taxonomy":"product_brand","embeddable":true,"href":"https:\/\/uj.adatbank.ro\/lexikon\/wp-json\/wp\/v2\/product_brand?post=11461"},{"taxonomy":"product_cat","embeddable":true,"href":"https:\/\/uj.adatbank.ro\/lexikon\/wp-json\/wp\/v2\/product_cat?post=11461"},{"taxonomy":"product_tag","embeddable":true,"href":"https:\/\/uj.adatbank.ro\/lexikon\/wp-json\/wp\/v2\/product_tag?post=11461"}],"curies":[{"name":"wp","href":"https:\/\/api.w.org\/{rel}","templated":true}]}}