{"id":11464,"date":"2025-06-29T13:53:56","date_gmt":"2025-06-29T11:53:56","guid":{"rendered":"https:\/\/uj.adatbank.ro\/lexikon\/termek\/kelemen-istvan\/"},"modified":"2025-06-29T13:53:56","modified_gmt":"2025-06-29T11:53:56","slug":"kelemen-istvan","status":"publish","type":"product","link":"https:\/\/uj.adatbank.ro\/lexikon\/termek\/kelemen-istvan\/","title":{"rendered":"KELEMEN Istv\u00e1n"},"content":{"rendered":"<p>Kob\u00e1tfalva, 1812. szept. 15., \u2020 Szab\u00e9d, 1876. febr. 4.: unit. lelk\u00e9sz. \u2013 K. J\u00e1nos \u00e9s sim\u00e9nfalvi Gruer \u00c1gnes fia. Feles\u00e9ge: 1. Kab\u00f3s Anna (esk\u00fcv\u0151: 1839. okt. 22.) (\u2020 Szab\u00e9d, 1858. febr. 25.), gyermekeik: Albert, unit. lelk\u00e9sz; Istv\u00e1n kir. T\u00e1bl\u00e1n\u00e1l fogalmaz\u00f3, \u00c1gnes, Anna \u00e9s Zsuzsa; 2. Hajdu Juli\u00e1nna (esk\u00fcv\u0151: 1858. aug. 10.). \u2013 Tanulm\u00e1nyait Sz\u00e9kelyszentmih\u00e1lyon, majd Kv.-on (1826\u2013) az unit. koll.-ban v\u00e9gezte, mint szolgadi\u00e1k, majd taniv\u00e1nyai voltak. Kv.-on k\u00f6ztan\u00edt\u00f3, seg\u00e9dlelk\u00e9sz (1836\u2013). Marosszentkir\u00e1lyon \u00e9s Mv.-en (1839. j\u00fan. 5. -\u201352), majd Ny\u00e1r\u00e1dszentl\u00e1szl\u00f3n \u00e9s G\u00e1lfalv\u00e1n lelk\u00e9sz (1852\u201354. m\u00e1j. 6.), innen Szab\u00e9dra t\u00e1vozott (1854\u2013). Szab\u00e9don a t\u0171zv\u00e9sz ut\u00e1n \u00fajj\u00e1 \u00e9p\u00edtette a templomot \u00e9s az egyh\u00e1zk\u00f6zs\u00e9g \u00e9p\u00fcletetit. Cikkeit k\u00f6z\u00f6lte a Kereszt\u00e9ny Magvet\u0151. Kriza J\u00e1nos felk\u00e9rte a Vadr\u00f3zs\u00e1k gy\u0171jt\u0151t\u00e1rs\u00e1nak, de r\u00e9szv\u00e9tele nem ismert. <br \/><strong>Irod.:<\/strong> Bi\u00e1s; Kelemen; Kriza levelez\u00e9s; Mv.-i Unit. Ek.; Nagy L\u00e1szl\u00f3: Hetven\u00e9ves a mv.-i Unit. templom (N\u00fa., 2000. nov 17); Ny\u00e1r\u00e1dszentl\u00e1szl\u00f3<\/br><\/p>\n","protected":false},"excerpt":{"rendered":"<p>Kob\u00e1tfalva, 1812. szept. 15., \u2020 Szab\u00e9d, 1876. febr. 4.: unit. lelk\u00e9sz. \u2013 K. J\u00e1nos \u00e9s sim\u00e9nfalvi Gruer \u00c1gnes fia. Feles\u00e9ge: 1. Kab\u00f3s Anna (esk\u00fcv\u0151: 1839. okt. 22.) (\u2020 Szab\u00e9d, 1858. febr. 25.), gyermekeik: Albert, unit. lelk\u00e9sz; Istv\u00e1n kir. T\u00e1bl\u00e1n\u00e1l fogalmaz\u00f3, \u00c1gnes, Anna \u00e9s Zsuzsa; 2. Hajdu Juli\u00e1nna (esk\u00fcv\u0151: 1858. aug. 10.). \u2013 Tanulm\u00e1nyait Sz\u00e9kelyszentmih\u00e1lyon, majd [&hellip;]<\/p>\n","protected":false},"featured_media":0,"comment_status":"open","ping_status":"closed","template":"","meta":[],"product_brand":[],"product_cat":[137],"product_tag":[],"class_list":{"0":"post-11464","1":"product","2":"type-product","3":"status-publish","5":"product_cat-maros-megyei-eletrajzi-lexikon","7":"first","8":"instock","9":"shipping-taxable","10":"product-type-simple"},"_links":{"self":[{"href":"https:\/\/uj.adatbank.ro\/lexikon\/wp-json\/wp\/v2\/product\/11464","targetHints":{"allow":["GET"]}}],"collection":[{"href":"https:\/\/uj.adatbank.ro\/lexikon\/wp-json\/wp\/v2\/product"}],"about":[{"href":"https:\/\/uj.adatbank.ro\/lexikon\/wp-json\/wp\/v2\/types\/product"}],"replies":[{"embeddable":true,"href":"https:\/\/uj.adatbank.ro\/lexikon\/wp-json\/wp\/v2\/comments?post=11464"}],"wp:attachment":[{"href":"https:\/\/uj.adatbank.ro\/lexikon\/wp-json\/wp\/v2\/media?parent=11464"}],"wp:term":[{"taxonomy":"product_brand","embeddable":true,"href":"https:\/\/uj.adatbank.ro\/lexikon\/wp-json\/wp\/v2\/product_brand?post=11464"},{"taxonomy":"product_cat","embeddable":true,"href":"https:\/\/uj.adatbank.ro\/lexikon\/wp-json\/wp\/v2\/product_cat?post=11464"},{"taxonomy":"product_tag","embeddable":true,"href":"https:\/\/uj.adatbank.ro\/lexikon\/wp-json\/wp\/v2\/product_tag?post=11464"}],"curies":[{"name":"wp","href":"https:\/\/api.w.org\/{rel}","templated":true}]}}