{"id":11466,"date":"2025-06-29T13:53:59","date_gmt":"2025-06-29T11:53:59","guid":{"rendered":"https:\/\/uj.adatbank.ro\/lexikon\/termek\/kelemen-istvan-3\/"},"modified":"2025-06-29T13:53:59","modified_gmt":"2025-06-29T11:53:59","slug":"kelemen-istvan-3","status":"publish","type":"product","link":"https:\/\/uj.adatbank.ro\/lexikon\/termek\/kelemen-istvan-3\/","title":{"rendered":"KELEMEN Istv\u00e1n"},"content":{"rendered":"<p>Radn\u00f3t, 1914. okt. 18., \u2020 Kv., 1984.: A kv.-i Protest\u00e1ns Teol\u00f3gia f\u0151titk\u00e1ra volt. &#8211; Letart\u00f3ztatt\u00e1k (1959) \u00e9s az unit\u00e1rius teol\u00f3giai tan\u00e1rok per\u00e9ben \u00edt\u00e9lt\u00e9k el. A szamos\u00fajv\u00e1ri volt b\u00f6rt\u00f6nbe z\u00e1rva. <br \/><strong>Irod.:<\/strong> 1956 Erd\u00e9lyben<\/br><\/p>\n","protected":false},"excerpt":{"rendered":"<p>Radn\u00f3t, 1914. okt. 18., \u2020 Kv., 1984.: A kv.-i Protest\u00e1ns Teol\u00f3gia f\u0151titk\u00e1ra volt. &#8211; Letart\u00f3ztatt\u00e1k (1959) \u00e9s az unit\u00e1rius teol\u00f3giai tan\u00e1rok per\u00e9ben \u00edt\u00e9lt\u00e9k el. A szamos\u00fajv\u00e1ri volt b\u00f6rt\u00f6nbe z\u00e1rva. Irod.: 1956 Erd\u00e9lyben<\/p>\n","protected":false},"featured_media":0,"comment_status":"open","ping_status":"closed","template":"","meta":[],"product_brand":[],"product_cat":[137],"product_tag":[],"class_list":{"0":"post-11466","1":"product","2":"type-product","3":"status-publish","5":"product_cat-maros-megyei-eletrajzi-lexikon","7":"first","8":"instock","9":"shipping-taxable","10":"product-type-simple"},"_links":{"self":[{"href":"https:\/\/uj.adatbank.ro\/lexikon\/wp-json\/wp\/v2\/product\/11466","targetHints":{"allow":["GET"]}}],"collection":[{"href":"https:\/\/uj.adatbank.ro\/lexikon\/wp-json\/wp\/v2\/product"}],"about":[{"href":"https:\/\/uj.adatbank.ro\/lexikon\/wp-json\/wp\/v2\/types\/product"}],"replies":[{"embeddable":true,"href":"https:\/\/uj.adatbank.ro\/lexikon\/wp-json\/wp\/v2\/comments?post=11466"}],"wp:attachment":[{"href":"https:\/\/uj.adatbank.ro\/lexikon\/wp-json\/wp\/v2\/media?parent=11466"}],"wp:term":[{"taxonomy":"product_brand","embeddable":true,"href":"https:\/\/uj.adatbank.ro\/lexikon\/wp-json\/wp\/v2\/product_brand?post=11466"},{"taxonomy":"product_cat","embeddable":true,"href":"https:\/\/uj.adatbank.ro\/lexikon\/wp-json\/wp\/v2\/product_cat?post=11466"},{"taxonomy":"product_tag","embeddable":true,"href":"https:\/\/uj.adatbank.ro\/lexikon\/wp-json\/wp\/v2\/product_tag?post=11466"}],"curies":[{"name":"wp","href":"https:\/\/api.w.org\/{rel}","templated":true}]}}