{"id":11468,"date":"2025-06-29T13:54:03","date_gmt":"2025-06-29T11:54:03","guid":{"rendered":"https:\/\/uj.adatbank.ro\/lexikon\/termek\/kelemen-janos\/"},"modified":"2025-06-29T13:54:03","modified_gmt":"2025-06-29T11:54:03","slug":"kelemen-janos","status":"publish","type":"product","link":"https:\/\/uj.adatbank.ro\/lexikon\/termek\/kelemen-janos\/","title":{"rendered":"KELEMEN J\u00e1nos"},"content":{"rendered":"<p>Abaf\u00e1ja, 1887., \u2020 ? : gazd\u00e1lkod\u00f3, k\u00f6zs\u00e9gi b\u00edr\u00f3. \u2013 Iskol\u00e1i elv\u00e9gz\u00e9se ut\u00e1n gazd\u00e1lkodno kezdett Abaf\u00e1j\u00e1n. Az els\u0151 vh.-ban a 62. gy. ezr.-ben az orosz fronton harcolt, megsebes\u00fclt \u00e9s fogs\u00e1gba esett, sz\u00f6kve ker\u00fclt haza (1918). A II. ez\u00fcst \u00e9s vronz v. \u00e9rem \u00e9s a K\u00e1roly Csapatkereszt kit\u00fcntetetettje. K\u00f6zs\u00e9ge b\u00edr\u00e1ja volt (1940\u2013). <br \/><strong>Irod.:<\/strong> Sz\u00e9kelyf\u00f6ld \u00ed. k<\/br><\/p>\n","protected":false},"excerpt":{"rendered":"<p>Abaf\u00e1ja, 1887., \u2020 ? : gazd\u00e1lkod\u00f3, k\u00f6zs\u00e9gi b\u00edr\u00f3. \u2013 Iskol\u00e1i elv\u00e9gz\u00e9se ut\u00e1n gazd\u00e1lkodno kezdett Abaf\u00e1j\u00e1n. Az els\u0151 vh.-ban a 62. gy. ezr.-ben az orosz fronton harcolt, megsebes\u00fclt \u00e9s fogs\u00e1gba esett, sz\u00f6kve ker\u00fclt haza (1918). A II. ez\u00fcst \u00e9s vronz v. \u00e9rem \u00e9s a K\u00e1roly Csapatkereszt kit\u00fcntetetettje. K\u00f6zs\u00e9ge b\u00edr\u00e1ja volt (1940\u2013). Irod.: Sz\u00e9kelyf\u00f6ld \u00ed. k<\/p>\n","protected":false},"featured_media":0,"comment_status":"open","ping_status":"closed","template":"","meta":[],"product_brand":[],"product_cat":[137],"product_tag":[],"class_list":{"0":"post-11468","1":"product","2":"type-product","3":"status-publish","5":"product_cat-maros-megyei-eletrajzi-lexikon","7":"first","8":"instock","9":"shipping-taxable","10":"product-type-simple"},"_links":{"self":[{"href":"https:\/\/uj.adatbank.ro\/lexikon\/wp-json\/wp\/v2\/product\/11468","targetHints":{"allow":["GET"]}}],"collection":[{"href":"https:\/\/uj.adatbank.ro\/lexikon\/wp-json\/wp\/v2\/product"}],"about":[{"href":"https:\/\/uj.adatbank.ro\/lexikon\/wp-json\/wp\/v2\/types\/product"}],"replies":[{"embeddable":true,"href":"https:\/\/uj.adatbank.ro\/lexikon\/wp-json\/wp\/v2\/comments?post=11468"}],"wp:attachment":[{"href":"https:\/\/uj.adatbank.ro\/lexikon\/wp-json\/wp\/v2\/media?parent=11468"}],"wp:term":[{"taxonomy":"product_brand","embeddable":true,"href":"https:\/\/uj.adatbank.ro\/lexikon\/wp-json\/wp\/v2\/product_brand?post=11468"},{"taxonomy":"product_cat","embeddable":true,"href":"https:\/\/uj.adatbank.ro\/lexikon\/wp-json\/wp\/v2\/product_cat?post=11468"},{"taxonomy":"product_tag","embeddable":true,"href":"https:\/\/uj.adatbank.ro\/lexikon\/wp-json\/wp\/v2\/product_tag?post=11468"}],"curies":[{"name":"wp","href":"https:\/\/api.w.org\/{rel}","templated":true}]}}