{"id":11469,"date":"2025-06-29T13:54:05","date_gmt":"2025-06-29T11:54:05","guid":{"rendered":"https:\/\/uj.adatbank.ro\/lexikon\/termek\/kelemen-janos-2\/"},"modified":"2025-06-29T13:54:05","modified_gmt":"2025-06-29T11:54:05","slug":"kelemen-janos-2","status":"publish","type":"product","link":"https:\/\/uj.adatbank.ro\/lexikon\/termek\/kelemen-janos-2\/","title":{"rendered":"KELEMEN J\u00e1nos"},"content":{"rendered":"<p>Szov\u00e1ta, 1888., \u2020 ?: tan\u00edt\u00f3. \u2013 Tanulm\u00e1nyait Mv.-en \u00e9s Sz\u00e9kelykereszt\u00faron v\u00e9gezte, oklevelet szerzett (1909). Komj\u00e1tiban kezdte pedag\u00f3giai m\u0171k\u00f6d\u00e9s\u00e9t, majd Ny\u00e1r\u00e1sremet\u00e9n a helyi r. k. iskol\u00e1n\u00e1l tan\u00edtott (1911\u201332). Az els\u0151 vh.-ban a 62. cs. k. gy. ezredben teljes\u00edtett szolg\u00e1latot mint \u00f6nk\u00e9ntes tizedes szerelt le rokkantan. Az Erd\u0151bitrokoss\u00e1g jegyz\u0151je volt 7 \u00e9vig, nagy r\u00e9sze volt a kult\u00farh\u00e1z fel\u00e9p\u00edt\u00e9s\u00e9ben, a Hitelsz\u00f6vetkezet \u00fcgyvezet\u0151 igazgat\u00f3ja \u00e9s k\u00f6nyvel\u0151je, a MP tagja minden kultur\u00e1lis \u00e9s hazafoas megmozdul\u00e1s lelkes t\u00e1mogat\u00f3ja volt. <br \/><strong>Irod.:<\/strong> Sz\u00e9kelyf\u00f6ld \u00ed. k<\/br><\/p>\n","protected":false},"excerpt":{"rendered":"<p>Szov\u00e1ta, 1888., \u2020 ?: tan\u00edt\u00f3. \u2013 Tanulm\u00e1nyait Mv.-en \u00e9s Sz\u00e9kelykereszt\u00faron v\u00e9gezte, oklevelet szerzett (1909). Komj\u00e1tiban kezdte pedag\u00f3giai m\u0171k\u00f6d\u00e9s\u00e9t, majd Ny\u00e1r\u00e1sremet\u00e9n a helyi r. k. iskol\u00e1n\u00e1l tan\u00edtott (1911\u201332). Az els\u0151 vh.-ban a 62. cs. k. gy. ezredben teljes\u00edtett szolg\u00e1latot mint \u00f6nk\u00e9ntes tizedes szerelt le rokkantan. Az Erd\u0151bitrokoss\u00e1g jegyz\u0151je volt 7 \u00e9vig, nagy r\u00e9sze volt a kult\u00farh\u00e1z [&hellip;]<\/p>\n","protected":false},"featured_media":0,"comment_status":"open","ping_status":"closed","template":"","meta":[],"product_brand":[],"product_cat":[137],"product_tag":[],"class_list":{"0":"post-11469","1":"product","2":"type-product","3":"status-publish","5":"product_cat-maros-megyei-eletrajzi-lexikon","7":"first","8":"instock","9":"shipping-taxable","10":"product-type-simple"},"_links":{"self":[{"href":"https:\/\/uj.adatbank.ro\/lexikon\/wp-json\/wp\/v2\/product\/11469","targetHints":{"allow":["GET"]}}],"collection":[{"href":"https:\/\/uj.adatbank.ro\/lexikon\/wp-json\/wp\/v2\/product"}],"about":[{"href":"https:\/\/uj.adatbank.ro\/lexikon\/wp-json\/wp\/v2\/types\/product"}],"replies":[{"embeddable":true,"href":"https:\/\/uj.adatbank.ro\/lexikon\/wp-json\/wp\/v2\/comments?post=11469"}],"wp:attachment":[{"href":"https:\/\/uj.adatbank.ro\/lexikon\/wp-json\/wp\/v2\/media?parent=11469"}],"wp:term":[{"taxonomy":"product_brand","embeddable":true,"href":"https:\/\/uj.adatbank.ro\/lexikon\/wp-json\/wp\/v2\/product_brand?post=11469"},{"taxonomy":"product_cat","embeddable":true,"href":"https:\/\/uj.adatbank.ro\/lexikon\/wp-json\/wp\/v2\/product_cat?post=11469"},{"taxonomy":"product_tag","embeddable":true,"href":"https:\/\/uj.adatbank.ro\/lexikon\/wp-json\/wp\/v2\/product_tag?post=11469"}],"curies":[{"name":"wp","href":"https:\/\/api.w.org\/{rel}","templated":true}]}}