{"id":11471,"date":"2025-06-29T13:54:08","date_gmt":"2025-06-29T11:54:08","guid":{"rendered":"https:\/\/uj.adatbank.ro\/lexikon\/termek\/kelemen-janos-4\/"},"modified":"2025-06-29T13:54:08","modified_gmt":"2025-06-29T11:54:08","slug":"kelemen-janos-4","status":"publish","type":"product","link":"https:\/\/uj.adatbank.ro\/lexikon\/termek\/kelemen-janos-4\/","title":{"rendered":"KELEMEN J\u00e1nos"},"content":{"rendered":"<p>? \u2020 ?: b\u00edr\u00f3. \u2013 Apja K. Mikl\u00f3s., aki nemess\u00e9get szerzett a csal\u00e1dnak. N\u00e9gyen voltak testv\u00e9rek, megszerezte a t\u00f6bbi testv\u00e9r birtokr\u00e9sz\u00e9t Szentl\u00e1szl\u00f3n, \u00e9s \u00e1tvette apj\u00e1nak szolg\u00e1latait: b\u00edr\u00f3 volt \u00e9s csin\u00e1lta a \u201efalu k\u00f6zgyep\u0171j\u00e9t\u201d, ami\u00e9rt k\u00fcl\u00f6n is kapott f\u00f6ldet a falut\u00f3l. A falu k\u00f6zf\u00f6ldjeib\u0151l kiszak\u00edtott f\u00f6ldjeit a birtokoss\u00e1g fel akarta osztani (1751 m\u00e1rc.), de azt\u00e1n el\u00e1lltak ett\u0151l. H\u00e1rom fia k\u00f6z\u00fcl csak Mih\u00e1ly maradt Szentl\u00e1szl\u00f3n, de m\u00e1r \u0151 nem akarta teljes\u00edteni a szok\u00e1sos szolg\u00e1ltat\u00e1sokat ez\u00e9rt a falu megfenyegette, nem sok sikerrel. <br \/><strong>Irod.:<\/strong> Kelemen Lajos 2009<\/br><\/p>\n","protected":false},"excerpt":{"rendered":"<p>? \u2020 ?: b\u00edr\u00f3. \u2013 Apja K. Mikl\u00f3s., aki nemess\u00e9get szerzett a csal\u00e1dnak. N\u00e9gyen voltak testv\u00e9rek, megszerezte a t\u00f6bbi testv\u00e9r birtokr\u00e9sz\u00e9t Szentl\u00e1szl\u00f3n, \u00e9s \u00e1tvette apj\u00e1nak szolg\u00e1latait: b\u00edr\u00f3 volt \u00e9s csin\u00e1lta a \u201efalu k\u00f6zgyep\u0171j\u00e9t\u201d, ami\u00e9rt k\u00fcl\u00f6n is kapott f\u00f6ldet a falut\u00f3l. A falu k\u00f6zf\u00f6ldjeib\u0151l kiszak\u00edtott f\u00f6ldjeit a birtokoss\u00e1g fel akarta osztani (1751 m\u00e1rc.), de azt\u00e1n el\u00e1lltak [&hellip;]<\/p>\n","protected":false},"featured_media":0,"comment_status":"open","ping_status":"closed","template":"","meta":[],"product_brand":[],"product_cat":[137],"product_tag":[],"class_list":{"0":"post-11471","1":"product","2":"type-product","3":"status-publish","5":"product_cat-maros-megyei-eletrajzi-lexikon","7":"first","8":"instock","9":"shipping-taxable","10":"product-type-simple"},"_links":{"self":[{"href":"https:\/\/uj.adatbank.ro\/lexikon\/wp-json\/wp\/v2\/product\/11471","targetHints":{"allow":["GET"]}}],"collection":[{"href":"https:\/\/uj.adatbank.ro\/lexikon\/wp-json\/wp\/v2\/product"}],"about":[{"href":"https:\/\/uj.adatbank.ro\/lexikon\/wp-json\/wp\/v2\/types\/product"}],"replies":[{"embeddable":true,"href":"https:\/\/uj.adatbank.ro\/lexikon\/wp-json\/wp\/v2\/comments?post=11471"}],"wp:attachment":[{"href":"https:\/\/uj.adatbank.ro\/lexikon\/wp-json\/wp\/v2\/media?parent=11471"}],"wp:term":[{"taxonomy":"product_brand","embeddable":true,"href":"https:\/\/uj.adatbank.ro\/lexikon\/wp-json\/wp\/v2\/product_brand?post=11471"},{"taxonomy":"product_cat","embeddable":true,"href":"https:\/\/uj.adatbank.ro\/lexikon\/wp-json\/wp\/v2\/product_cat?post=11471"},{"taxonomy":"product_tag","embeddable":true,"href":"https:\/\/uj.adatbank.ro\/lexikon\/wp-json\/wp\/v2\/product_tag?post=11471"}],"curies":[{"name":"wp","href":"https:\/\/api.w.org\/{rel}","templated":true}]}}