{"id":11472,"date":"2025-06-29T13:54:10","date_gmt":"2025-06-29T11:54:10","guid":{"rendered":"https:\/\/uj.adatbank.ro\/lexikon\/termek\/kelemen-janos-5\/"},"modified":"2025-06-29T13:54:10","modified_gmt":"2025-06-29T11:54:10","slug":"kelemen-janos-5","status":"publish","type":"product","link":"https:\/\/uj.adatbank.ro\/lexikon\/termek\/kelemen-janos-5\/","title":{"rendered":"KELEMEN J\u00e1nos,"},"content":{"rendered":"<p>? \u2020 ?: unit lelk\u00e9sz. \u2013 Kiasadorj\u00e1nban szolg\u00e1lt (1755\u201358), Iklandon, Ny\u00e1r\u00e1dszentm\u00e1rtonban (1763\u201371) \u00e9s visszat\u00e9rt Iklandra. <br \/><strong>Irod.:<\/strong> Cs\u00edkfalva; Kisadorj\u00e1n  Bed\u0151 71\u201388.<\/br><\/p>\n","protected":false},"excerpt":{"rendered":"<p>? \u2020 ?: unit lelk\u00e9sz. \u2013 Kiasadorj\u00e1nban szolg\u00e1lt (1755\u201358), Iklandon, Ny\u00e1r\u00e1dszentm\u00e1rtonban (1763\u201371) \u00e9s visszat\u00e9rt Iklandra. Irod.: Cs\u00edkfalva; Kisadorj\u00e1n Bed\u0151 71\u201388.<\/p>\n","protected":false},"featured_media":0,"comment_status":"open","ping_status":"closed","template":"","meta":[],"product_brand":[],"product_cat":[137],"product_tag":[],"class_list":{"0":"post-11472","1":"product","2":"type-product","3":"status-publish","5":"product_cat-maros-megyei-eletrajzi-lexikon","7":"first","8":"instock","9":"shipping-taxable","10":"product-type-simple"},"_links":{"self":[{"href":"https:\/\/uj.adatbank.ro\/lexikon\/wp-json\/wp\/v2\/product\/11472","targetHints":{"allow":["GET"]}}],"collection":[{"href":"https:\/\/uj.adatbank.ro\/lexikon\/wp-json\/wp\/v2\/product"}],"about":[{"href":"https:\/\/uj.adatbank.ro\/lexikon\/wp-json\/wp\/v2\/types\/product"}],"replies":[{"embeddable":true,"href":"https:\/\/uj.adatbank.ro\/lexikon\/wp-json\/wp\/v2\/comments?post=11472"}],"wp:attachment":[{"href":"https:\/\/uj.adatbank.ro\/lexikon\/wp-json\/wp\/v2\/media?parent=11472"}],"wp:term":[{"taxonomy":"product_brand","embeddable":true,"href":"https:\/\/uj.adatbank.ro\/lexikon\/wp-json\/wp\/v2\/product_brand?post=11472"},{"taxonomy":"product_cat","embeddable":true,"href":"https:\/\/uj.adatbank.ro\/lexikon\/wp-json\/wp\/v2\/product_cat?post=11472"},{"taxonomy":"product_tag","embeddable":true,"href":"https:\/\/uj.adatbank.ro\/lexikon\/wp-json\/wp\/v2\/product_tag?post=11472"}],"curies":[{"name":"wp","href":"https:\/\/api.w.org\/{rel}","templated":true}]}}