{"id":11473,"date":"2025-06-29T13:54:12","date_gmt":"2025-06-29T11:54:12","guid":{"rendered":"https:\/\/uj.adatbank.ro\/lexikon\/termek\/kelemen-jeno\/"},"modified":"2025-06-29T13:54:12","modified_gmt":"2025-06-29T11:54:12","slug":"kelemen-jeno","status":"publish","type":"product","link":"https:\/\/uj.adatbank.ro\/lexikon\/termek\/kelemen-jeno\/","title":{"rendered":"KELEMEN Jen\u0151"},"content":{"rendered":"<p>Mez\u0151k\u00f6lp\u00e9ny, 1878., \u2020 ? : f\u00f6ldbirtokos. \u2013 Gazdas\u00e1gi szakismereteit Algy\u00f3gyon saj\u00e1t\u00edtotta el a szakiskol\u00e1ban, majd gazdas\u00e1gi int\u00e9z\u0151 volt (1907\u201314), azut\u00e1n 104 holdon folytatott korszer\u0171 gazd\u00e1lkod\u00e1st \u00e9s haszon\u00e1llatt teny\u00e9szt\u00e9st Mez\u0151k\u00f6lp\u00e9nyben. A MP tagja, a Gazdak\u00f6r eln\u00f6ke, a Tejsz\u00f6vetkezet ig. tagja, hossz\u00f3 esztend\u0151k\u00f6n \u00e1t a k\u00f6zs\u00e9g bir\u00e1ja volt. <br \/><strong>Irod.:<\/strong> Sz\u00e9kelyf\u00f6ld \u00ed. k<\/br><\/p>\n","protected":false},"excerpt":{"rendered":"<p>Mez\u0151k\u00f6lp\u00e9ny, 1878., \u2020 ? : f\u00f6ldbirtokos. \u2013 Gazdas\u00e1gi szakismereteit Algy\u00f3gyon saj\u00e1t\u00edtotta el a szakiskol\u00e1ban, majd gazdas\u00e1gi int\u00e9z\u0151 volt (1907\u201314), azut\u00e1n 104 holdon folytatott korszer\u0171 gazd\u00e1lkod\u00e1st \u00e9s haszon\u00e1llatt teny\u00e9szt\u00e9st Mez\u0151k\u00f6lp\u00e9nyben. A MP tagja, a Gazdak\u00f6r eln\u00f6ke, a Tejsz\u00f6vetkezet ig. tagja, hossz\u00f3 esztend\u0151k\u00f6n \u00e1t a k\u00f6zs\u00e9g bir\u00e1ja volt. Irod.: Sz\u00e9kelyf\u00f6ld \u00ed. k<\/p>\n","protected":false},"featured_media":0,"comment_status":"open","ping_status":"closed","template":"","meta":[],"product_brand":[],"product_cat":[137],"product_tag":[],"class_list":{"0":"post-11473","1":"product","2":"type-product","3":"status-publish","5":"product_cat-maros-megyei-eletrajzi-lexikon","7":"first","8":"instock","9":"shipping-taxable","10":"product-type-simple"},"_links":{"self":[{"href":"https:\/\/uj.adatbank.ro\/lexikon\/wp-json\/wp\/v2\/product\/11473","targetHints":{"allow":["GET"]}}],"collection":[{"href":"https:\/\/uj.adatbank.ro\/lexikon\/wp-json\/wp\/v2\/product"}],"about":[{"href":"https:\/\/uj.adatbank.ro\/lexikon\/wp-json\/wp\/v2\/types\/product"}],"replies":[{"embeddable":true,"href":"https:\/\/uj.adatbank.ro\/lexikon\/wp-json\/wp\/v2\/comments?post=11473"}],"wp:attachment":[{"href":"https:\/\/uj.adatbank.ro\/lexikon\/wp-json\/wp\/v2\/media?parent=11473"}],"wp:term":[{"taxonomy":"product_brand","embeddable":true,"href":"https:\/\/uj.adatbank.ro\/lexikon\/wp-json\/wp\/v2\/product_brand?post=11473"},{"taxonomy":"product_cat","embeddable":true,"href":"https:\/\/uj.adatbank.ro\/lexikon\/wp-json\/wp\/v2\/product_cat?post=11473"},{"taxonomy":"product_tag","embeddable":true,"href":"https:\/\/uj.adatbank.ro\/lexikon\/wp-json\/wp\/v2\/product_tag?post=11473"}],"curies":[{"name":"wp","href":"https:\/\/api.w.org\/{rel}","templated":true}]}}