{"id":11475,"date":"2025-06-29T13:54:18","date_gmt":"2025-06-29T11:54:18","guid":{"rendered":"https:\/\/uj.adatbank.ro\/lexikon\/termek\/kelemen-jeno-3\/"},"modified":"2025-06-29T13:54:18","modified_gmt":"2025-06-29T11:54:18","slug":"kelemen-jeno-3","status":"publish","type":"product","link":"https:\/\/uj.adatbank.ro\/lexikon\/termek\/kelemen-jeno-3\/","title":{"rendered":"KELEMEN Jen\u0151"},"content":{"rendered":"<p>Erd\u0151szengyel, 1908., \u2020 ? : iagazgat\u00f3-tan\u00edt\u00f3. \u2013 Feles\u00e9ge: S\u00fck\u00f6sd Piroska. Le\u00e1nyuk M\u00e1ria. -Mv.-en \u00e9s Nagyenyeden v\u00e9gezte tanulm\u00e1nyait. Tan\u00edtott Marosj\u00e1r\u00e1n, Magyar\u00f3zdon, Koronk\u00e1n, majd Mez\u0151cs\u00e1v\u00e1sra ker\u00fclt. Itt dal\u00e1rda karnagy. <br \/><strong>Irod.:<\/strong> Erd\u00e9lyi v\u00e1rmegy\u00e9k<\/br><\/p>\n","protected":false},"excerpt":{"rendered":"<p>Erd\u0151szengyel, 1908., \u2020 ? : iagazgat\u00f3-tan\u00edt\u00f3. \u2013 Feles\u00e9ge: S\u00fck\u00f6sd Piroska. Le\u00e1nyuk M\u00e1ria. -Mv.-en \u00e9s Nagyenyeden v\u00e9gezte tanulm\u00e1nyait. Tan\u00edtott Marosj\u00e1r\u00e1n, Magyar\u00f3zdon, Koronk\u00e1n, majd Mez\u0151cs\u00e1v\u00e1sra ker\u00fclt. Itt dal\u00e1rda karnagy. Irod.: Erd\u00e9lyi v\u00e1rmegy\u00e9k<\/p>\n","protected":false},"featured_media":0,"comment_status":"open","ping_status":"closed","template":"","meta":[],"product_brand":[],"product_cat":[137],"product_tag":[],"class_list":{"0":"post-11475","1":"product","2":"type-product","3":"status-publish","5":"product_cat-maros-megyei-eletrajzi-lexikon","7":"first","8":"instock","9":"shipping-taxable","10":"product-type-simple"},"_links":{"self":[{"href":"https:\/\/uj.adatbank.ro\/lexikon\/wp-json\/wp\/v2\/product\/11475","targetHints":{"allow":["GET"]}}],"collection":[{"href":"https:\/\/uj.adatbank.ro\/lexikon\/wp-json\/wp\/v2\/product"}],"about":[{"href":"https:\/\/uj.adatbank.ro\/lexikon\/wp-json\/wp\/v2\/types\/product"}],"replies":[{"embeddable":true,"href":"https:\/\/uj.adatbank.ro\/lexikon\/wp-json\/wp\/v2\/comments?post=11475"}],"wp:attachment":[{"href":"https:\/\/uj.adatbank.ro\/lexikon\/wp-json\/wp\/v2\/media?parent=11475"}],"wp:term":[{"taxonomy":"product_brand","embeddable":true,"href":"https:\/\/uj.adatbank.ro\/lexikon\/wp-json\/wp\/v2\/product_brand?post=11475"},{"taxonomy":"product_cat","embeddable":true,"href":"https:\/\/uj.adatbank.ro\/lexikon\/wp-json\/wp\/v2\/product_cat?post=11475"},{"taxonomy":"product_tag","embeddable":true,"href":"https:\/\/uj.adatbank.ro\/lexikon\/wp-json\/wp\/v2\/product_tag?post=11475"}],"curies":[{"name":"wp","href":"https:\/\/api.w.org\/{rel}","templated":true}]}}