{"id":11478,"date":"2025-06-29T13:54:23","date_gmt":"2025-06-29T11:54:23","guid":{"rendered":"https:\/\/uj.adatbank.ro\/lexikon\/termek\/kelemen-jozsef-%c2%a7\/"},"modified":"2025-06-29T13:54:23","modified_gmt":"2025-06-29T11:54:23","slug":"kelemen-jozsef-%c2%a7","status":"publish","type":"product","link":"https:\/\/uj.adatbank.ro\/lexikon\/termek\/kelemen-jozsef-%c2%a7\/","title":{"rendered":"KELEMEN J\u00f3zsef, \u00a7"},"content":{"rendered":"<p>Szov\u00e1ta, 1911. m\u00e1rc. 23., \u2020 Mv., 1981. dec. 17.: k\u00e1ntortan\u00edt\u00f3, tan\u00e1r. \u2013 Feles\u00e9ge Bojt\u00e1s Piroska, gyermekeik: J\u00f3zsef (1934\u2013), M\u00e1ria (1936\u2013), K\u00e1lm\u00e1n (1938\u2013), Antal (1941\u2013), Ferenc (1944\u2013), Erzs\u00e9bet (1947\u2013). Tanulm\u00e1nyait Cs\u00edkszered\u00e1n v\u00e9gezte, okleveles k\u00e1ntortan\u00edt\u00f3 lett (1931). Tan\u00edtott D\u00e9sen, Sz\u00e1szr\u00e9genben (1933. szept. \u2013) \u00e9s Mv.-en a r. k. tan\u00edt\u00f3k\u00e9pz\u0151 gyakorl\u00f3 iskol\u00e1j\u00e1ban (1935. szept. \u201340), M\u00e1rton \u00c1ron szem\u00e9lyes k\u00e9r\u00e9s\u00e9re nevezt\u00e9k ki tan\u00fcgyi el\u0151ad\u00f3v\u00e1, Maros \u00e9s Torda v\u00e1rmegye tanfel\u00fcgyel\u0151j\u00e9v\u00e9 (1940. dec. &#8211; 47. nov.); tan\u00fcgyi el\u0151ad\u00f3 Ny\u00e1r\u00e1dszentbenedeken (1941\u201342); tan\u00edt\u00f3 a mv.-i 3. sz. \u00e1ltal\u00e1nos iskol\u00e1ban (1947. nov. 8. \u2013 1948. szept. 30.); a 2. sz. Fi\u00falic.-ban ill. nyugd\u00edjaz\u00e1s\u00e1ig a Iosif Ranghe\u0163 ill. Bolyai Farkas L\u00edc.-ban rom\u00e1n nyelv \u00e9s irodalom szakos tan\u00e1r (1948. szept. \u2013 1972). A n\u00e9pm\u0171vel\u00e9s \u00e9rdek\u00e9ben \u00f6nzetlen munk\u00e1ss\u00e1got folytatott, sz\u00ednm\u0171veket hazafias el\u0151ad\u00e1sokat tan\u00edtott be \u00e9s rendezett, \u00e9nekkart alak\u00edtott \u00e9s annak vezet\u0151je volt. Minden kultur\u00e1lis \u00e9s szoci\u00e1lis egyes\u00fclet m\u0171k\u00f6d\u00e9s\u00e9ben r\u00e9szt vett. \u00cdr\u00e1sai megjelentek Tan\u00fcgyi \u00dajs\u00e1g, V. Z. <br \/><strong>Irod.:<\/strong> csal\u00e1di inf.; Mv.-i R. K. okt., Ny\u00e1r\u00e1dszentbenedek; Sz\u00e9kelyf\u00f6ld \u00ed. k.; [Nekrol\u00f3g] (V. Z., 1981. dec. 19.); Szab\u00f3 K. Attila<\/br><\/p>\n","protected":false},"excerpt":{"rendered":"<p>Szov\u00e1ta, 1911. m\u00e1rc. 23., \u2020 Mv., 1981. dec. 17.: k\u00e1ntortan\u00edt\u00f3, tan\u00e1r. \u2013 Feles\u00e9ge Bojt\u00e1s Piroska, gyermekeik: J\u00f3zsef (1934\u2013), M\u00e1ria (1936\u2013), K\u00e1lm\u00e1n (1938\u2013), Antal (1941\u2013), Ferenc (1944\u2013), Erzs\u00e9bet (1947\u2013). Tanulm\u00e1nyait Cs\u00edkszered\u00e1n v\u00e9gezte, okleveles k\u00e1ntortan\u00edt\u00f3 lett (1931). Tan\u00edtott D\u00e9sen, Sz\u00e1szr\u00e9genben (1933. szept. \u2013) \u00e9s Mv.-en a r. k. tan\u00edt\u00f3k\u00e9pz\u0151 gyakorl\u00f3 iskol\u00e1j\u00e1ban (1935. szept. \u201340), M\u00e1rton \u00c1ron szem\u00e9lyes [&hellip;]<\/p>\n","protected":false},"featured_media":0,"comment_status":"open","ping_status":"closed","template":"","meta":[],"product_brand":[],"product_cat":[137],"product_tag":[],"class_list":{"0":"post-11478","1":"product","2":"type-product","3":"status-publish","5":"product_cat-maros-megyei-eletrajzi-lexikon","7":"first","8":"instock","9":"shipping-taxable","10":"product-type-simple"},"_links":{"self":[{"href":"https:\/\/uj.adatbank.ro\/lexikon\/wp-json\/wp\/v2\/product\/11478","targetHints":{"allow":["GET"]}}],"collection":[{"href":"https:\/\/uj.adatbank.ro\/lexikon\/wp-json\/wp\/v2\/product"}],"about":[{"href":"https:\/\/uj.adatbank.ro\/lexikon\/wp-json\/wp\/v2\/types\/product"}],"replies":[{"embeddable":true,"href":"https:\/\/uj.adatbank.ro\/lexikon\/wp-json\/wp\/v2\/comments?post=11478"}],"wp:attachment":[{"href":"https:\/\/uj.adatbank.ro\/lexikon\/wp-json\/wp\/v2\/media?parent=11478"}],"wp:term":[{"taxonomy":"product_brand","embeddable":true,"href":"https:\/\/uj.adatbank.ro\/lexikon\/wp-json\/wp\/v2\/product_brand?post=11478"},{"taxonomy":"product_cat","embeddable":true,"href":"https:\/\/uj.adatbank.ro\/lexikon\/wp-json\/wp\/v2\/product_cat?post=11478"},{"taxonomy":"product_tag","embeddable":true,"href":"https:\/\/uj.adatbank.ro\/lexikon\/wp-json\/wp\/v2\/product_tag?post=11478"}],"curies":[{"name":"wp","href":"https:\/\/api.w.org\/{rel}","templated":true}]}}