{"id":11479,"date":"2025-06-29T13:54:25","date_gmt":"2025-06-29T11:54:25","guid":{"rendered":"https:\/\/uj.adatbank.ro\/lexikon\/termek\/kelemen-jozsef-%c2%a7-2\/"},"modified":"2025-06-29T13:54:25","modified_gmt":"2025-06-29T11:54:25","slug":"kelemen-jozsef-%c2%a7-2","status":"publish","type":"product","link":"https:\/\/uj.adatbank.ro\/lexikon\/termek\/kelemen-jozsef-%c2%a7-2\/","title":{"rendered":"KELEMEN J\u00f3zsef, \u00a7"},"content":{"rendered":"<p>Sz\u00e1szr\u00e9gen, 1934. nov. 9. \u2020 Cs\u00edkszereda, 2014. szept. 6. orvos. \u2013 Elemi iskol\u00e1t \u00e9s h\u00e1rom gimn. oszt. -t a R. K. Gimn.-ban Mv.-en v\u00e9gzett (1940\u201348), azut\u00e1n a Ranghe\u0163, \/ Bolyai Farkas Lic.-ban tanult \u00e9s \u00e9retts\u00e9gizett (1952), Mv.-en v\u00e9geztt a MOGYI-ban (1958). Ezut\u00e1n B\u00e1toson k\u00f6rorvos (1958\u201362). R\u00e9szt v\u00e1llalt a Buk.-ben megjelen\u0151 Spitalul c. egyetemista tud. -os foly\u00f3irat szerkeszt\u00e9s\u00e9ben (1956\u201358). A Rom. Tud. Akad. Mv.-i Kutat\u00f3 K\u00f6zpontj\u00e1ban f\u0151 tudom\u00e1nyos kutat\u00f3 lett a neuropatologia (1962\u201369) \u00e9s a neurohisztopatologia ter\u00fclet\u00e9n (1969\u201378). Ezzel egyid\u0151ben az OGYI \u2013ban tan\u00e1rseg\u00e9d. Nyugd\u00edjaz\u00e1s\u00e1ig Cs\u00edkszered\u00e1ban a Megyei K\u00f3rh\u00e1z Anat\u00f3miai Patologia Oszt\u00e1ly\u00e1nak orvosa, oszt\u00e1lyvezet\u0151je (1975\u20132004). K\u00f6zben a Megyei T\u00f6rv\u00e9nysz\u00e9ki Orvostani Szolg\u00e1lat f\u0151orvosa is volt (1977\u201387). Nyugd\u00edjba vonult (2004\u2013). P\u00e1ly\u00e1ja sor\u00e1n t\u00f6bb k\u00fclf\u00f6ldi \u00f6szt\u00f6nd\u00edjat nyert el: a Szegedi Tud. Egyetemt\u0151l (1963); a P\u00e9csi Egyetem akad\u00e9miai \u00f6szt\u00f6nd\u00edj\u00e1t az idegrendszeri kutat\u00e1saira (1969); a Bp.-i Nemzeti Neuropszichi\u00e1triai Int\u00e9zett\u0151l (1971\u201372); a m\u00fcncheni Max \u2013 Planck Int\u00e9zett\u0151l egy\u00e9ves docensi \u00f6szt\u00f6nd\u00edjat (1991\u201392), amelyet a berlini Alexander Humboldt Alap\u00edtv\u00e1ny \u00e1ltal szervezett versnyvizs\u00e1j\u00e1val nyert el, \u00e9s a k\u00f6zponti idegrendszer kutat\u00e1saira ford\u00edtotta. Kutat\u00e1sainak k\u00f6zponti hely\u00e9t az idegrendszer anatomiai patologi\u00e1ja t\u00f6lt\u00f6tte be, ez\u00e9rt a Rom. Akad. -t\u00f3l feltal\u00e1l\u00f3i okl. -t (Brevet de inovator) kapott. A szakirod.-ban el\u0151sz\u00f6r \u00edrt le egy vegetat\u00edv idegd\u00facot a ny\u00fal ves\u00e9j\u00e9nek egyik art\u00e9ri\u00e1j\u00e1ban \u00e9s foglalkozott az ajakdaganatok, melldaganatok, agydaganatok keletkez\u00e9s\u00e9vel valamint a k\u00f6zponti \u00e9s perif\u00e9rikus idegrendszer kutat\u00e1si m\u00f3dszereivel. A MOGYI orvostud.-i doktori c\u00edm\u00e9t nyerte el (1972), k\u00f6ztest\u00fcleti tagja a MTA. -nak (2002\u2013). A New\u2013Yorki Tud. Akad. tagjai k\u00f6z\u00e9 v\u00e1lasztotta (1998\u2013). Tudom\u00e1nyos munk\u00e1j\u00e1nak eredm\u00e9nyeit sz\u00e1mos hazai \u00e9s k\u00fclf\u00f6ldi szaklapban rom., m., n\u00e9met, francia \u00e9s angol nyelven k\u00f6z\u00f6lte (t\u00f6bb mint 140 tud. -os munka). Sz\u00e1mos hazai \u00e9s nemzetk\u00f6zi konferenci\u00e1n vett tud. -os dolgozatokkal r\u00e9szt. A Rom. Akad. 10 neuropszichologiai m\u00f3dszer\u00e9t \u00faj\u00edt\u00e1sk\u00e9nt fogadta el, \u00e9s d\u00edjakkal t\u00fcntette ki, \u00f6sszesen 11 tal\u00e1lm\u00e1nyi szabadalmat birtokolt (1965\u201372). Az Alzheimerk\u00f3rr\u00f3l sz\u00f3l\u00f3 \u00fatt\u00f6r\u0151 tanulm\u00e1nya angol nyelven jelent meg Sv\u00e1jcban (1972). Egyik szerkeszt\u0151je a Rom. Akad. Mv.-i Fi\u00f3kja \u00e9vfordul\u00f3s k\u00f6tet\u00e9nek, amelyb\u0151l a Cercet\u0103ri medicale egyik fejezet\u00e9t \u0151 \u00edrta (1977). Sz\u00e1mos szakorvos \u2013 tov\u00e1bbk\u00e9pz\u0151 tanfolyamot vezetett (1975 \u20132004). Tagja volt a : Soc. Rom. de Morfologie Normal\u0103 \u015fi Patologic\u0103 (1962\u20132005); Soc. Interna\u0163. de Neuropatologie (1965\u2013), Soc. Patologilor Maghiari (1990\u2013), Collegium Europeum Jenense; EME. Sz\u00e1mos kit\u00fcntet\u00e9sben r\u00e9szes\u00fclt: Genersich D\u00edjat kapott (2000), Meritul Sanitar (2002); a 2000 Millenium Medal of Honour, \u00e9rdem\u00e9rmet az American Biographical Institute-t\u00f3l; Meritul Sanitar \u00een grad de ofi\u0163er, amelyet a k\u00f6zt\u00e1rsas\u00e1gi eln\u00f6k adott neki \u00e1t (2004. dec. 10); A P\u00e9csi T\u00e1rsas\u00e1g Eml\u00e9kplakettje (2005); P\u00e9csen neuropatologiai tud. -os munk\u00e1ss\u00e1g\u00e1\u00e9rt t\u00fcntett\u00e9k ki (2007. m\u00e1rc. 30.). Szakmai tud\u00e1s\u00e1t, p\u00e9ld\u00e1s emberi tart\u00e1s\u00e1t t\u00f6bb korabeli \u00fajs\u00e1gcikkben m\u00e9ltatt\u00e1k, TV \u00e9s r\u00e1di\u00f3 interj\u00fakban sz\u00f3laltatt\u00e1k meg. \u2013 <strong>F. m.:<\/strong> <strong>t\u00e1rssz.:<\/strong> Seb\u00e9szeti m\u0171t\u00e9ttan (Mv., 1958); Cercet\u0103ri medicale (Buc., 1968); A fiatalok alkoholfogyaszt\u00e1sa (1984); Miskolczy Dezs\u0151, az idegrendszeri kutat\u00e1sok ir\u00e1ny\u00edt\u00f3ja =. Viharban (Mv., 1994.) <br \/><strong>Irod.:<\/strong> EMKK 2000; Genersich Alap; Magy. kutat\u00f3k; MOGYE; Nagy L.; Profiluri reghinene; Todea\u2013F\u00fcl\u00f6p\u2013Avram<\/br><\/p>\n","protected":false},"excerpt":{"rendered":"<p>Sz\u00e1szr\u00e9gen, 1934. nov. 9. \u2020 Cs\u00edkszereda, 2014. szept. 6. orvos. \u2013 Elemi iskol\u00e1t \u00e9s h\u00e1rom gimn. oszt. -t a R. K. Gimn.-ban Mv.-en v\u00e9gzett (1940\u201348), azut\u00e1n a Ranghe\u0163, \/ Bolyai Farkas Lic.-ban tanult \u00e9s \u00e9retts\u00e9gizett (1952), Mv.-en v\u00e9geztt a MOGYI-ban (1958). Ezut\u00e1n B\u00e1toson k\u00f6rorvos (1958\u201362). R\u00e9szt v\u00e1llalt a Buk.-ben megjelen\u0151 Spitalul c. egyetemista tud. -os [&hellip;]<\/p>\n","protected":false},"featured_media":0,"comment_status":"open","ping_status":"closed","template":"","meta":[],"product_brand":[],"product_cat":[137],"product_tag":[],"class_list":{"0":"post-11479","1":"product","2":"type-product","3":"status-publish","5":"product_cat-maros-megyei-eletrajzi-lexikon","7":"first","8":"instock","9":"shipping-taxable","10":"product-type-simple"},"_links":{"self":[{"href":"https:\/\/uj.adatbank.ro\/lexikon\/wp-json\/wp\/v2\/product\/11479","targetHints":{"allow":["GET"]}}],"collection":[{"href":"https:\/\/uj.adatbank.ro\/lexikon\/wp-json\/wp\/v2\/product"}],"about":[{"href":"https:\/\/uj.adatbank.ro\/lexikon\/wp-json\/wp\/v2\/types\/product"}],"replies":[{"embeddable":true,"href":"https:\/\/uj.adatbank.ro\/lexikon\/wp-json\/wp\/v2\/comments?post=11479"}],"wp:attachment":[{"href":"https:\/\/uj.adatbank.ro\/lexikon\/wp-json\/wp\/v2\/media?parent=11479"}],"wp:term":[{"taxonomy":"product_brand","embeddable":true,"href":"https:\/\/uj.adatbank.ro\/lexikon\/wp-json\/wp\/v2\/product_brand?post=11479"},{"taxonomy":"product_cat","embeddable":true,"href":"https:\/\/uj.adatbank.ro\/lexikon\/wp-json\/wp\/v2\/product_cat?post=11479"},{"taxonomy":"product_tag","embeddable":true,"href":"https:\/\/uj.adatbank.ro\/lexikon\/wp-json\/wp\/v2\/product_tag?post=11479"}],"curies":[{"name":"wp","href":"https:\/\/api.w.org\/{rel}","templated":true}]}}