{"id":11481,"date":"2025-06-29T13:54:27","date_gmt":"2025-06-29T11:54:27","guid":{"rendered":"https:\/\/uj.adatbank.ro\/lexikon\/termek\/kelemen-kalman-2\/"},"modified":"2025-06-29T13:54:27","modified_gmt":"2025-06-29T11:54:27","slug":"kelemen-kalman-2","status":"publish","type":"product","link":"https:\/\/uj.adatbank.ro\/lexikon\/termek\/kelemen-kalman-2\/","title":{"rendered":"KELEMEN K\u00e1lm\u00e1n"},"content":{"rendered":"<p>Mv., 1938. okt. 12., \u2020 ? : g\u00e9p\u00e9szm\u00e9rn\u00f6k, politikus. \u2013 K. J\u00f3zsef \u00e9s Piroska fia. Feles\u00e9ge: Erzs\u00e9bet \u00c9va, eg\u00e9szs\u00e9g\u00fcgyi asszisztens, le\u00e1nyuk Anna (1970) fodr\u00e1szn\u0151. \u2013 Mv.-en k\u00f6z\u00e9piskol\u00e1s, Kv.-on a M\u0171szaki Egyetemen (1970)-ben v\u00e9gzett. A Buk.-i TE atomfizika szak\u00e1n \u00e9s a BTE b\u00f6lcs\u00e9szkar\u00e1n v\u00e9gzett. Politikai el\u00edt\u00e9lt (1956\u201359), k\u00e9nyszerlakhelyen \u00e9lt a rom\u00e1n alf\u00f6ld\u00f6n (1959\u201363), munk\u00e1s (1963\u201365), g\u00e9p\u00e9szm\u00e9rn\u00f6k Mv.-en nyugd\u00edjaz\u00e1s\u00e1\u00e1ig (1970\u201398). A rom\u00e1n Kereszt\u00e9ny Demokrata P\u00e1rt eln\u00f6ke. <strong>Kit\u00fcntet\u00e9sei:<\/strong> vit\u00e9zi rang II. J\u00e1nos P\u00e1l p\u00e1pa szem\u00e9lyes vend\u00e9ge is volt, a M. N\u00e9pk\u00f6zt\u00e1rsas\u00e1g eln\u00f6ki kit\u00fcntet\u00e9se, mint 1956-os el\u00edt\u00e9lt. <br \/><strong>Irod.:<\/strong> EMKK 2000; Nagy L.<\/br><\/p>\n","protected":false},"excerpt":{"rendered":"<p>Mv., 1938. okt. 12., \u2020 ? : g\u00e9p\u00e9szm\u00e9rn\u00f6k, politikus. \u2013 K. J\u00f3zsef \u00e9s Piroska fia. Feles\u00e9ge: Erzs\u00e9bet \u00c9va, eg\u00e9szs\u00e9g\u00fcgyi asszisztens, le\u00e1nyuk Anna (1970) fodr\u00e1szn\u0151. \u2013 Mv.-en k\u00f6z\u00e9piskol\u00e1s, Kv.-on a M\u0171szaki Egyetemen (1970)-ben v\u00e9gzett. A Buk.-i TE atomfizika szak\u00e1n \u00e9s a BTE b\u00f6lcs\u00e9szkar\u00e1n v\u00e9gzett. Politikai el\u00edt\u00e9lt (1956\u201359), k\u00e9nyszerlakhelyen \u00e9lt a rom\u00e1n alf\u00f6ld\u00f6n (1959\u201363), munk\u00e1s (1963\u201365), g\u00e9p\u00e9szm\u00e9rn\u00f6k [&hellip;]<\/p>\n","protected":false},"featured_media":0,"comment_status":"open","ping_status":"closed","template":"","meta":[],"product_brand":[],"product_cat":[137],"product_tag":[],"class_list":{"0":"post-11481","1":"product","2":"type-product","3":"status-publish","5":"product_cat-maros-megyei-eletrajzi-lexikon","7":"first","8":"instock","9":"shipping-taxable","10":"product-type-simple"},"_links":{"self":[{"href":"https:\/\/uj.adatbank.ro\/lexikon\/wp-json\/wp\/v2\/product\/11481","targetHints":{"allow":["GET"]}}],"collection":[{"href":"https:\/\/uj.adatbank.ro\/lexikon\/wp-json\/wp\/v2\/product"}],"about":[{"href":"https:\/\/uj.adatbank.ro\/lexikon\/wp-json\/wp\/v2\/types\/product"}],"replies":[{"embeddable":true,"href":"https:\/\/uj.adatbank.ro\/lexikon\/wp-json\/wp\/v2\/comments?post=11481"}],"wp:attachment":[{"href":"https:\/\/uj.adatbank.ro\/lexikon\/wp-json\/wp\/v2\/media?parent=11481"}],"wp:term":[{"taxonomy":"product_brand","embeddable":true,"href":"https:\/\/uj.adatbank.ro\/lexikon\/wp-json\/wp\/v2\/product_brand?post=11481"},{"taxonomy":"product_cat","embeddable":true,"href":"https:\/\/uj.adatbank.ro\/lexikon\/wp-json\/wp\/v2\/product_cat?post=11481"},{"taxonomy":"product_tag","embeddable":true,"href":"https:\/\/uj.adatbank.ro\/lexikon\/wp-json\/wp\/v2\/product_tag?post=11481"}],"curies":[{"name":"wp","href":"https:\/\/api.w.org\/{rel}","templated":true}]}}