{"id":11485,"date":"2025-06-29T13:54:33","date_gmt":"2025-06-29T11:54:33","guid":{"rendered":"https:\/\/uj.adatbank.ro\/lexikon\/termek\/kelemen-karoly-zs\/"},"modified":"2025-06-29T13:54:33","modified_gmt":"2025-06-29T11:54:33","slug":"kelemen-karoly-zs","status":"publish","type":"product","link":"https:\/\/uj.adatbank.ro\/lexikon\/termek\/kelemen-karoly-zs\/","title":{"rendered":"KELEMEN K\u00e1roly Zs."},"content":{"rendered":"<p>Szov\u00e1ta, 1896., \u2020 ? : gazd\u00e1lkod\u00f3. \u2013 \u00d6n\u00e1ll\u00f3an gazd\u00e1lkodott 88 hold f\u00f6ld\u00f6n Szov\u00e1t\u00e1n (1907\u2013). A Sz\u00e9kely N\u00e9pnevel\u00e9s ig. tagja, az Erd\u0151birtokoss\u00e1g eln\u00f6ke, k\u00f6zs\u00e9gi \u00e9s egyh\u00e1zi tan\u00e1cstag, alb\u00edr\u00f3, a Gazdak\u00f6r eln\u00f6ke volt. A rom\u00e1n csend\u0151r\u00f6k 6 t\u00e1rs\u00e1val egy\u00fctt mint magyar \u00fcsszeesk\u00fcv\u0151t Mv.-en majd Kv.-on a Fellegv\u00e1rba z\u00e1rt\u00e1k (1919). <br \/><strong>Irod.:<\/strong> Sz\u00e9kelyf\u00f6ld \u00ed. k<\/br><\/p>\n","protected":false},"excerpt":{"rendered":"<p>Szov\u00e1ta, 1896., \u2020 ? : gazd\u00e1lkod\u00f3. \u2013 \u00d6n\u00e1ll\u00f3an gazd\u00e1lkodott 88 hold f\u00f6ld\u00f6n Szov\u00e1t\u00e1n (1907\u2013). A Sz\u00e9kely N\u00e9pnevel\u00e9s ig. tagja, az Erd\u0151birtokoss\u00e1g eln\u00f6ke, k\u00f6zs\u00e9gi \u00e9s egyh\u00e1zi tan\u00e1cstag, alb\u00edr\u00f3, a Gazdak\u00f6r eln\u00f6ke volt. A rom\u00e1n csend\u0151r\u00f6k 6 t\u00e1rs\u00e1val egy\u00fctt mint magyar \u00fcsszeesk\u00fcv\u0151t Mv.-en majd Kv.-on a Fellegv\u00e1rba z\u00e1rt\u00e1k (1919). Irod.: Sz\u00e9kelyf\u00f6ld \u00ed. k<\/p>\n","protected":false},"featured_media":0,"comment_status":"open","ping_status":"closed","template":"","meta":[],"product_brand":[],"product_cat":[137],"product_tag":[],"class_list":{"0":"post-11485","1":"product","2":"type-product","3":"status-publish","5":"product_cat-maros-megyei-eletrajzi-lexikon","7":"first","8":"instock","9":"shipping-taxable","10":"product-type-simple"},"_links":{"self":[{"href":"https:\/\/uj.adatbank.ro\/lexikon\/wp-json\/wp\/v2\/product\/11485","targetHints":{"allow":["GET"]}}],"collection":[{"href":"https:\/\/uj.adatbank.ro\/lexikon\/wp-json\/wp\/v2\/product"}],"about":[{"href":"https:\/\/uj.adatbank.ro\/lexikon\/wp-json\/wp\/v2\/types\/product"}],"replies":[{"embeddable":true,"href":"https:\/\/uj.adatbank.ro\/lexikon\/wp-json\/wp\/v2\/comments?post=11485"}],"wp:attachment":[{"href":"https:\/\/uj.adatbank.ro\/lexikon\/wp-json\/wp\/v2\/media?parent=11485"}],"wp:term":[{"taxonomy":"product_brand","embeddable":true,"href":"https:\/\/uj.adatbank.ro\/lexikon\/wp-json\/wp\/v2\/product_brand?post=11485"},{"taxonomy":"product_cat","embeddable":true,"href":"https:\/\/uj.adatbank.ro\/lexikon\/wp-json\/wp\/v2\/product_cat?post=11485"},{"taxonomy":"product_tag","embeddable":true,"href":"https:\/\/uj.adatbank.ro\/lexikon\/wp-json\/wp\/v2\/product_tag?post=11485"}],"curies":[{"name":"wp","href":"https:\/\/api.w.org\/{rel}","templated":true}]}}