{"id":11490,"date":"2025-06-29T13:54:41","date_gmt":"2025-06-29T11:54:41","guid":{"rendered":"https:\/\/uj.adatbank.ro\/lexikon\/termek\/kelemen-laszlo\/"},"modified":"2025-06-29T13:54:41","modified_gmt":"2025-06-29T11:54:41","slug":"kelemen-laszlo","status":"publish","type":"product","link":"https:\/\/uj.adatbank.ro\/lexikon\/termek\/kelemen-laszlo\/","title":{"rendered":"KELEMEN L\u00e1szl\u00f3"},"content":{"rendered":"<p>Mv., 1907. szept. 27., \u2020 Mv., 1979. j\u00fal. 18.: orvos, egyetemi tan\u00e1r. \u2013 K. L\u00e1szl\u00f3 b\u00edr\u00f3 fia. Feles\u00e9ge M\u00e1rkodi Antal Ilona (1909\u20131983), Antal J\u00f3zsef bog\u00e1ti birtokos le\u00e1nya. Kelemen L\u00e1szl\u00f3n\u00e9: a Ref. N\u0151sz\u00f6vets\u00e9g eln\u00f6ke. \u2013 A mv. i Ref. N\u0151sz\u00f6vets\u00e9g eln\u00f6ke (\u20131930), Fi\u00fak: L\u00e1szl\u00f3 (1946\u20132009), orvos. -. Mv.-en a Ref. Koll.-ban \u00e9retts\u00e9gizett (1925), amikor el\u0151sz\u00f6r kellett vizsg\u00e1zni idegen rom\u00e1n tan\u00e1rok el\u0151tt, h\u00e1romnak siker\u00fclt, az egyik \u0151 volt. A Koll. \u00f6nk\u00e9pz\u0151k\u00f6ri \u00fcl\u00e9s\u00e9n lelkes el\u0151ad\u00e1st tartott Rem\u00e9nyik S\u00e1ndor k\u00f6lt\u00e9szet\u00e9r\u0151l \u00e9s els\u0151k k\u00f6z\u00f6tt l\u00e9pett be a cserk\u00e9sz mozgalomba. Oklevel\u00e9t Szegeden az oda k\u00f6lt\u00f6z\u00f6tt a kv.-i FJTE Orvosi kar\u00e1n szerzte (1932); doktori disszert\u00e1ci\u00f3j\u00e1t az 1831-es pestisj\u00e1rv\u00e1nyr\u00f3l \u00edrta. Gyakornok Bp.-en a Belgy\u00f3gy\u00e1szati Klinik\u00e1n (1932\u201336). \u00d6szt\u00f6nd\u00edjjal P\u00e1rizsban k\u00e9pezte tov\u00e1bb mag\u00e1t; visszat\u00e9rt Kv. -ra, ahol tan\u00e1rseg\u00e9d a Haynal Imre vezette Belgy\u00f3gy\u00e1szati Klinik\u00e1n (1940\u201344); f\u0151orvos a kv.-i Ref. Diakonissza K\u00f3rh\u00e1zban; el\u0151ad\u00f3tan\u00e1r a BTE orvosi kar\u00e1n a Fert\u0151z\u0151 Betegs\u00e9gek \u00e9s J\u00e1rv\u00e1nytan Tansz\u00e9ken (1945). Visszat\u00e9rt Mv. -re amikor ide k\u00f6lt\u00f6z\u00f6tt az orvosi egyetem (1945), ahol a Fert\u0151z\u0151 betegs\u00e9gek klinik\u00e1j\u00e1nak \u00e9s a MOGYI fert\u0151z\u0151 betegs\u00e9gek tansz\u00e9k\u00e9nek vezet\u0151 prof. (1948\u201373). Egy k\u00fclf\u00f6ldi tart\u00f3zkod\u00e1sa idej\u00e9n t\u00e1voll\u00e9t\u00e9ben azonnali hat\u00e1llyal nyugd\u00edjazt\u00e1k, ez annyira megviselte, hogy infarktust, majd agyemb\u00f3li\u00e1t kapott, nyugalomba vonult (1974). Lak\u00e1sukb\u00f3l kitelep\u00edtett\u00e9k (1952), feles\u00e9g\u00e9vel \u00e9s fi\u00e1val visszat\u00e9rhetett (1970. k.). Az EME Orvostudom\u00e1nyi Szakoszt\u00e1ly\u00e1nak munk\u00e1j\u00e1ba kv.-i \u00e9vei alatt kapcsol\u00f3dott be, a szakoazt\u00e1ly titk\u00e1ra (1939\u201340), majd v\u00e1lasztm\u00e1nyi tagja, \u00fajb\u00f3l megb\u00edzott titk\u00e1ra (1944). Szerkeszt\u0151bizotts\u00e1gi tagja az EME Orvosi \u00c9rtes\u00edt\u0151j\u00e9nek (1938\u201340; 1944\u201345), majd a mv.-i Orvosi Szemle-Revista Medical\u0103 c. foly\u00f3iratnak. Kutat\u00e1si szakter\u00fclete: a kering\u00e9si rendszer patol\u00f3gi\u00e1ja, a sz\u00e9nhidr\u00e1t-anyagcsere viselked\u00e9se a fert\u0151z\u0151 betegs\u00e9gekben, a szervezet fest\u00e9kk\u00f6t\u0151 k\u00e9pess\u00e9g\u00e9nek vizsg\u00e1lata, a fert\u0151z\u0151 betegs\u00e9gek k\u00f3rsz\u00e1rmaz\u00e1sa \u00e9s gy\u00f3gy\u00edt\u00e1sa, melyekr\u0151l szakk\u00f6zlem\u00e9nyekben sz\u00e1molt be az: Ardealul Medical, Medicina Intern\u0103, Via\u0163a Medical\u0103, Morfologie-Epidemiologie, Orvosi Hetilap, Magyar Belorvosi Archivum, Acta Medica Hungarica, Wiener Zeitschrift f\u00fcr Innere Medizin-has\u00e1bjain. &#8211; az orvostudom\u00e1nyok docens doktora (1969); \u00c9rdemes egyetemi tan\u00e1r (1971). \u2013 <strong>F. m.:<\/strong> A fert\u0151z\u0151 betegs\u00e9gek k\u00f3r- \u00e9s gy\u00f3gytana (1951\u201358); <strong>t\u00e1rssz.:<\/strong> Ritka k\u00f3rfolyamatok a gyomorban (Vescann\u00e9 Hirsch Alice-szel; Mv., 1946); A sz\u00e9nhidr\u00e1tcsere v\u00e1ltoz\u00e1sa scarlatin\u00e1ban. (Ob\u00e1l Ferenc, Derzsi Zolt\u00e1n; Cluj, 1948). <br \/><strong>Irod.:<\/strong> Bodolai Gy\u00f6ngyi: Tud\u00f3ssorsok (N\u00fa., 2007. nov. 21.); Dezs\u0151 Istv\u00e1n; Genersich; Dr. K. L. [Nekrol\u00f3g] (V. Z., 1979. j\u00fal. 20.); Kiss\u2013P\u00e9terffy\u2013P\u00e9terffy; KM\u00c9L; P\u00e9ter 2006; RMIL; R\u00daL; Sipos; T\u00f3th-G\u00e1bor; Viharban<\/br><\/p>\n","protected":false},"excerpt":{"rendered":"<p>Mv., 1907. szept. 27., \u2020 Mv., 1979. j\u00fal. 18.: orvos, egyetemi tan\u00e1r. \u2013 K. L\u00e1szl\u00f3 b\u00edr\u00f3 fia. Feles\u00e9ge M\u00e1rkodi Antal Ilona (1909\u20131983), Antal J\u00f3zsef bog\u00e1ti birtokos le\u00e1nya. Kelemen L\u00e1szl\u00f3n\u00e9: a Ref. N\u0151sz\u00f6vets\u00e9g eln\u00f6ke. \u2013 A mv. i Ref. N\u0151sz\u00f6vets\u00e9g eln\u00f6ke (\u20131930), Fi\u00fak: L\u00e1szl\u00f3 (1946\u20132009), orvos. -. Mv.-en a Ref. Koll.-ban \u00e9retts\u00e9gizett (1925), amikor el\u0151sz\u00f6r kellett [&hellip;]<\/p>\n","protected":false},"featured_media":0,"comment_status":"open","ping_status":"closed","template":"","meta":[],"product_brand":[],"product_cat":[137],"product_tag":[],"class_list":{"0":"post-11490","1":"product","2":"type-product","3":"status-publish","5":"product_cat-maros-megyei-eletrajzi-lexikon","7":"first","8":"instock","9":"shipping-taxable","10":"product-type-simple"},"_links":{"self":[{"href":"https:\/\/uj.adatbank.ro\/lexikon\/wp-json\/wp\/v2\/product\/11490","targetHints":{"allow":["GET"]}}],"collection":[{"href":"https:\/\/uj.adatbank.ro\/lexikon\/wp-json\/wp\/v2\/product"}],"about":[{"href":"https:\/\/uj.adatbank.ro\/lexikon\/wp-json\/wp\/v2\/types\/product"}],"replies":[{"embeddable":true,"href":"https:\/\/uj.adatbank.ro\/lexikon\/wp-json\/wp\/v2\/comments?post=11490"}],"wp:attachment":[{"href":"https:\/\/uj.adatbank.ro\/lexikon\/wp-json\/wp\/v2\/media?parent=11490"}],"wp:term":[{"taxonomy":"product_brand","embeddable":true,"href":"https:\/\/uj.adatbank.ro\/lexikon\/wp-json\/wp\/v2\/product_brand?post=11490"},{"taxonomy":"product_cat","embeddable":true,"href":"https:\/\/uj.adatbank.ro\/lexikon\/wp-json\/wp\/v2\/product_cat?post=11490"},{"taxonomy":"product_tag","embeddable":true,"href":"https:\/\/uj.adatbank.ro\/lexikon\/wp-json\/wp\/v2\/product_tag?post=11490"}],"curies":[{"name":"wp","href":"https:\/\/api.w.org\/{rel}","templated":true}]}}