{"id":11491,"date":"2025-06-29T13:54:43","date_gmt":"2025-06-29T11:54:43","guid":{"rendered":"https:\/\/uj.adatbank.ro\/lexikon\/termek\/kelemen-laszlo-2\/"},"modified":"2025-06-29T13:54:43","modified_gmt":"2025-06-29T11:54:43","slug":"kelemen-laszlo-2","status":"publish","type":"product","link":"https:\/\/uj.adatbank.ro\/lexikon\/termek\/kelemen-laszlo-2\/","title":{"rendered":"KELEMEN L\u00e1szl\u00f3"},"content":{"rendered":"<p>Mv., 1945, \u2020 Mv., 2009. m\u00e1j. 1.: orvos, dr. \u2013 K. L. professzor fia. &#8211; A MOGYI \u2013ben az orvosi szakon v\u00e9gzett (1972). Kort\u00e1rsai sors\u00e1hoz hasonl\u00f3an Moldov\u00e1ba, Beretazlu faluba kezdte orvosi munk\u00e1ss\u00e1g\u00e1t. K\u00f6vetkez\u0151 \u00e9vben a helyei: Mez\u0151kapus, Gerebenes, B\u00f6lk\u00e9ny, G\u00f6demesterh\u00e1za falvakban k\u00f6rzeti orvos. \u00c9lete utols\u00f3 szakasz\u00e1ban a megyei Eg\u00e9szs\u00e9g\u00fcgyi Biztos\u00edt\u00f3h\u00e1zban dolgozott. <br \/><strong>Irod.:<\/strong> [Nekrol\u00f3g] (N\u00fa., 2009. m\u00e1j.?); Kiss\u2013P\u00e9terffy\u2013P\u00e9terffy<\/br><\/p>\n","protected":false},"excerpt":{"rendered":"<p>Mv., 1945, \u2020 Mv., 2009. m\u00e1j. 1.: orvos, dr. \u2013 K. L. professzor fia. &#8211; A MOGYI \u2013ben az orvosi szakon v\u00e9gzett (1972). Kort\u00e1rsai sors\u00e1hoz hasonl\u00f3an Moldov\u00e1ba, Beretazlu faluba kezdte orvosi munk\u00e1ss\u00e1g\u00e1t. K\u00f6vetkez\u0151 \u00e9vben a helyei: Mez\u0151kapus, Gerebenes, B\u00f6lk\u00e9ny, G\u00f6demesterh\u00e1za falvakban k\u00f6rzeti orvos. \u00c9lete utols\u00f3 szakasz\u00e1ban a megyei Eg\u00e9szs\u00e9g\u00fcgyi Biztos\u00edt\u00f3h\u00e1zban dolgozott. Irod.: [Nekrol\u00f3g] (N\u00fa., 2009. [&hellip;]<\/p>\n","protected":false},"featured_media":0,"comment_status":"open","ping_status":"closed","template":"","meta":[],"product_brand":[],"product_cat":[137],"product_tag":[],"class_list":{"0":"post-11491","1":"product","2":"type-product","3":"status-publish","5":"product_cat-maros-megyei-eletrajzi-lexikon","7":"first","8":"instock","9":"shipping-taxable","10":"product-type-simple"},"_links":{"self":[{"href":"https:\/\/uj.adatbank.ro\/lexikon\/wp-json\/wp\/v2\/product\/11491","targetHints":{"allow":["GET"]}}],"collection":[{"href":"https:\/\/uj.adatbank.ro\/lexikon\/wp-json\/wp\/v2\/product"}],"about":[{"href":"https:\/\/uj.adatbank.ro\/lexikon\/wp-json\/wp\/v2\/types\/product"}],"replies":[{"embeddable":true,"href":"https:\/\/uj.adatbank.ro\/lexikon\/wp-json\/wp\/v2\/comments?post=11491"}],"wp:attachment":[{"href":"https:\/\/uj.adatbank.ro\/lexikon\/wp-json\/wp\/v2\/media?parent=11491"}],"wp:term":[{"taxonomy":"product_brand","embeddable":true,"href":"https:\/\/uj.adatbank.ro\/lexikon\/wp-json\/wp\/v2\/product_brand?post=11491"},{"taxonomy":"product_cat","embeddable":true,"href":"https:\/\/uj.adatbank.ro\/lexikon\/wp-json\/wp\/v2\/product_cat?post=11491"},{"taxonomy":"product_tag","embeddable":true,"href":"https:\/\/uj.adatbank.ro\/lexikon\/wp-json\/wp\/v2\/product_tag?post=11491"}],"curies":[{"name":"wp","href":"https:\/\/api.w.org\/{rel}","templated":true}]}}