{"id":11496,"date":"2025-06-29T13:54:54","date_gmt":"2025-06-29T11:54:54","guid":{"rendered":"https:\/\/uj.adatbank.ro\/lexikon\/termek\/kelemen-mansvet-jozsef-p\/"},"modified":"2025-06-29T13:54:54","modified_gmt":"2025-06-29T11:54:54","slug":"kelemen-mansvet-jozsef-p","status":"publish","type":"product","link":"https:\/\/uj.adatbank.ro\/lexikon\/termek\/kelemen-mansvet-jozsef-p\/","title":{"rendered":"KELEMEN MANSV\u00c9T J\u00f3zsef, P."},"content":{"rendered":"<p>Mikh\u00e1za, 1751., \u2020 Szil\u00e1gyudvarhely, 1808. nov. 23.: ferences szerzetes. \u2013 Be\u00f6lt\u00f6z\u00f6tt (1769. aug. 4.), felszentelt\u00e9k (1776. szept. 23.). Br. Bornemisza P\u00e1l \u00e9s \u00f6zvegye udvari k\u00e1pl\u00e1nja volt Abaf\u00e1j\u00e1n (1788\u201394). Udvari k\u00e1pl\u00e1n Szil\u00e1gyudvarhelyen. <br \/><strong>Irod.:<\/strong> Abaf\u00e1ja; Gy\u00f6rgy: A ferencrendiek.<\/br><\/p>\n","protected":false},"excerpt":{"rendered":"<p>Mikh\u00e1za, 1751., \u2020 Szil\u00e1gyudvarhely, 1808. nov. 23.: ferences szerzetes. \u2013 Be\u00f6lt\u00f6z\u00f6tt (1769. aug. 4.), felszentelt\u00e9k (1776. szept. 23.). Br. Bornemisza P\u00e1l \u00e9s \u00f6zvegye udvari k\u00e1pl\u00e1nja volt Abaf\u00e1j\u00e1n (1788\u201394). Udvari k\u00e1pl\u00e1n Szil\u00e1gyudvarhelyen. Irod.: Abaf\u00e1ja; Gy\u00f6rgy: A ferencrendiek.<\/p>\n","protected":false},"featured_media":0,"comment_status":"open","ping_status":"closed","template":"","meta":[],"product_brand":[],"product_cat":[137],"product_tag":[],"class_list":{"0":"post-11496","1":"product","2":"type-product","3":"status-publish","5":"product_cat-maros-megyei-eletrajzi-lexikon","7":"first","8":"instock","9":"shipping-taxable","10":"product-type-simple"},"_links":{"self":[{"href":"https:\/\/uj.adatbank.ro\/lexikon\/wp-json\/wp\/v2\/product\/11496","targetHints":{"allow":["GET"]}}],"collection":[{"href":"https:\/\/uj.adatbank.ro\/lexikon\/wp-json\/wp\/v2\/product"}],"about":[{"href":"https:\/\/uj.adatbank.ro\/lexikon\/wp-json\/wp\/v2\/types\/product"}],"replies":[{"embeddable":true,"href":"https:\/\/uj.adatbank.ro\/lexikon\/wp-json\/wp\/v2\/comments?post=11496"}],"wp:attachment":[{"href":"https:\/\/uj.adatbank.ro\/lexikon\/wp-json\/wp\/v2\/media?parent=11496"}],"wp:term":[{"taxonomy":"product_brand","embeddable":true,"href":"https:\/\/uj.adatbank.ro\/lexikon\/wp-json\/wp\/v2\/product_brand?post=11496"},{"taxonomy":"product_cat","embeddable":true,"href":"https:\/\/uj.adatbank.ro\/lexikon\/wp-json\/wp\/v2\/product_cat?post=11496"},{"taxonomy":"product_tag","embeddable":true,"href":"https:\/\/uj.adatbank.ro\/lexikon\/wp-json\/wp\/v2\/product_tag?post=11496"}],"curies":[{"name":"wp","href":"https:\/\/api.w.org\/{rel}","templated":true}]}}