{"id":11498,"date":"2025-06-29T13:54:58","date_gmt":"2025-06-29T11:54:58","guid":{"rendered":"https:\/\/uj.adatbank.ro\/lexikon\/termek\/kelemen-maria\/"},"modified":"2025-06-29T13:54:58","modified_gmt":"2025-06-29T11:54:58","slug":"kelemen-maria","status":"publish","type":"product","link":"https:\/\/uj.adatbank.ro\/lexikon\/termek\/kelemen-maria\/","title":{"rendered":"KELEMEN M\u00e1ria"},"content":{"rendered":"<p>1936. j\u00fal. 2., \u2020 Mv., 2018.: orvos. \u2013 Apja, magyar kir. ker\u00fcleti f\u0151tanfel\u00fcgyel\u0151, de nem volt p\u00e1rttag, ez\u00e9rt csak tan\u00edt\u00f3i \u00e1ll\u00e1st kapott. Mv.-en a 2. sz. fi\u00falic.-ban, k\u00e9s\u0151bb tan\u00e1r volt. \u00c9desanyja Kv.-on a Regnum Marianumban \u00e9retts\u00e9gizett \u00e9s a zeneakad\u00e9mi\u00e1n v\u00e9gzett. Hat gyermek\u00fck: M\u00e1ria orvos, a MOGYI-n v\u00e9gzett az \u00e1ltal\u00e1nos orvos karon, f\u00e9rje Vincze Lajos k\u00f3rboncnok. Gyermekeik: M\u00e1ria (1960) \u00e9s Zsuzsa (1962). Testv\u00e9rei: J\u00f3zsef (1958) orvos. Tudm\u00e1nyos fejl\u0151d\u00e9s\u00e9t az egyetem akkori vezet\u0151s\u00e9ge megakad\u00e1lyozta, a politikai el\u00edt\u00e9lt \u00f6ccse miatt. B\u00e1toson volt k\u00f6rorvos. Elnyerte versenyvizsg\u00e1val a R. Tud. Akad. mv.-i kutat\u00f3int\u00e9zet\u00e9ben az idegsz\u00f6vettani kutat\u00f3i \u00e1ll\u00e1st, megh\u00edvott el\u0151ad\u00f3 tan\u00e1r is volt, de nem lehetett egyetemi tan\u00e1r a politikai okok miatt. Humboldt-\u00f6szt\u00f6nd\u00edjas (1971\u201372). Az orvostud. -ok doktora (1972), de nem tan\u00edthatott, ez\u00e9rt Cs\u00edkszered\u00e1ba t\u00e1vozott, f\u0151orvosk\u00e9nt vezette a k\u00f3rbonctani oszt\u00e1lyt. Szakmai k\u00f6r\u00f6kben elismert\u00e9k idegkutat\u00e1si munk\u00e1s\u00e1g\u00e1t, 140 tudom\u00e1nyos dolgozata jelent meg. A Mtud. Akad. k\u00f6ztest\u00fcleti tagja. K\u00e1lm\u00e1n a Bolyai Egyetem magyar szakos hallgat\u00f3ja, 1956-os politikai el\u00edt\u00e9lt; majd g\u00e9p\u00e9szm\u00e9rn\u00f6k lett. A rom\u00e1niai Kereszt\u00e9ny Demokrata P\u00e1rt eln\u00f6ke. Kit\u00fcnt\u00e9sei: vit\u00e9zi rang; mint 1956-os el\u00edt\u00e9lt kapta meg a M. N\u00e9pk\u00f6zt\u00e1rsas\u00e1g eln\u00f6ki kit\u00fcntet\u00e9s\u00e9t. Antal \u00e9p\u00edt\u00e9szm\u00e9rn\u00f6k Bp.-en. Ferenc irodalom tan\u00e1r, \u00fajs\u00e1g\u00edr\u00f3, szerkeszt\u0151, a buk.-i r\u00e1di\u00f3 magyar ad\u00e1s\u00e1nak tudos\u00edt\u00f3ja. Erzs\u00e9bet (1947), akinek tan\u00e1ri v\u00e9gzetts\u00e9ge van. A MOGYI orvos kar\u00e1n v\u00e9gzett (1952). Szemorvos Mv.-en. A Szxem\u00e9szeti klinik\u00e1n f\u0151orvos, hossz\u00fa ideig rendelt a Gyermek-poliklinik\u00e1n. <br \/><strong>Irod.:<\/strong> Kiss-P. &#8211; P.<\/br><\/p>\n","protected":false},"excerpt":{"rendered":"<p>1936. j\u00fal. 2., \u2020 Mv., 2018.: orvos. \u2013 Apja, magyar kir. ker\u00fcleti f\u0151tanfel\u00fcgyel\u0151, de nem volt p\u00e1rttag, ez\u00e9rt csak tan\u00edt\u00f3i \u00e1ll\u00e1st kapott. Mv.-en a 2. sz. fi\u00falic.-ban, k\u00e9s\u0151bb tan\u00e1r volt. \u00c9desanyja Kv.-on a Regnum Marianumban \u00e9retts\u00e9gizett \u00e9s a zeneakad\u00e9mi\u00e1n v\u00e9gzett. Hat gyermek\u00fck: M\u00e1ria orvos, a MOGYI-n v\u00e9gzett az \u00e1ltal\u00e1nos orvos karon, f\u00e9rje Vincze Lajos k\u00f3rboncnok. [&hellip;]<\/p>\n","protected":false},"featured_media":0,"comment_status":"open","ping_status":"closed","template":"","meta":[],"product_brand":[],"product_cat":[137],"product_tag":[],"class_list":{"0":"post-11498","1":"product","2":"type-product","3":"status-publish","5":"product_cat-maros-megyei-eletrajzi-lexikon","7":"first","8":"instock","9":"shipping-taxable","10":"product-type-simple"},"_links":{"self":[{"href":"https:\/\/uj.adatbank.ro\/lexikon\/wp-json\/wp\/v2\/product\/11498","targetHints":{"allow":["GET"]}}],"collection":[{"href":"https:\/\/uj.adatbank.ro\/lexikon\/wp-json\/wp\/v2\/product"}],"about":[{"href":"https:\/\/uj.adatbank.ro\/lexikon\/wp-json\/wp\/v2\/types\/product"}],"replies":[{"embeddable":true,"href":"https:\/\/uj.adatbank.ro\/lexikon\/wp-json\/wp\/v2\/comments?post=11498"}],"wp:attachment":[{"href":"https:\/\/uj.adatbank.ro\/lexikon\/wp-json\/wp\/v2\/media?parent=11498"}],"wp:term":[{"taxonomy":"product_brand","embeddable":true,"href":"https:\/\/uj.adatbank.ro\/lexikon\/wp-json\/wp\/v2\/product_brand?post=11498"},{"taxonomy":"product_cat","embeddable":true,"href":"https:\/\/uj.adatbank.ro\/lexikon\/wp-json\/wp\/v2\/product_cat?post=11498"},{"taxonomy":"product_tag","embeddable":true,"href":"https:\/\/uj.adatbank.ro\/lexikon\/wp-json\/wp\/v2\/product_tag?post=11498"}],"curies":[{"name":"wp","href":"https:\/\/api.w.org\/{rel}","templated":true}]}}