{"id":11500,"date":"2025-06-29T13:55:06","date_gmt":"2025-06-29T11:55:06","guid":{"rendered":"https:\/\/uj.adatbank.ro\/lexikon\/termek\/kelemen-marton\/"},"modified":"2025-06-29T13:55:06","modified_gmt":"2025-06-29T11:55:06","slug":"kelemen-marton","status":"publish","type":"product","link":"https:\/\/uj.adatbank.ro\/lexikon\/termek\/kelemen-marton\/","title":{"rendered":"KELEMEN M\u00e1rton"},"content":{"rendered":"<p>Nagyernye, 1796., \u2020 Mv., 1851. m\u00e1rc. 2.: k\u00f6nyvt\u00e1ros. \u2013 Feles\u00e9ge: Albert Julianna (1806 \u2013 Mv., 1858. jan. 28, ). Gyermekeik: \u00c1gnes, Johanna, L\u00e1szl\u00f3. \u2013 Iskol\u00e1it a mv.-i Ref. Kollban v\u00e9gezte \u00e9s M\u00e1ln\u00e1ssi J\u00f3zsef tan\u00edtv\u00e1nyak\u00e9nt fejezte be tanulm\u00e1nyait, a syntaxis oszt\u00e1lyt (1805). A Teleki T\u00e9k\u00e1ba ker\u00fclt (1814) mint scriba (\u00edrnok) majd rendes k\u00f6nyvt\u00e1ros (1817\u201351). Teleki k\u00f6zvetlen ir\u00e1ny\u00edt\u00e1sa mellett v\u00e9gezte a teend\u0151ket, a k\u00f6nyvt\u00e1ralap\u00edt\u00f3 nagy megel\u00e9ged\u00e9s\u00e9re. 36 \u00e9v munk\u00e1j\u00e1nak maradand\u00f3 eml\u00e9ke a k\u00f6nyvt\u00e1rr\u00f3l sz\u00f3l\u00f3 r\u00f6vid le\u00edr\u00e1s, amelyet a T\u00e9ka megtekintet\u00e9s\u00e9re k\u00e9sz\u00fcl\u0151 Dessewffy gr\u00f3f sz\u00e1m\u00e1ra k\u00e9sz\u00edtett. Egy p\u00e1r oldalas besz\u00e1mol\u00f3, amely hitelesen \u00f6r\u00f6k\u00edti meg a mv.-i T\u00e9ka k\u00e9p\u00e9t (1826). A nagy kancell\u00e1r \u00e9let\u00e9ben utols\u00f3 t\u00e9k\u00e1riusa \u00e1lland\u00f3 levelez\u00e9sben \u00e1llott a k\u00f6nyvt\u00e1ralap\u00edt\u00f3 gr. Teleki S\u00e1muellel. Irathagyat\u00e9k\u00e1ban megmaradtak a Telekihez B\u00e9csbe k\u00fcld\u00f6tt levelek fogalmazv\u00e1nyai, amelyekb\u0151l megtudjuk hogy els\u0151rend\u0171 gondja volt a k\u00f6nyvek tiszt\u00e1ntart\u00e1sa, portalan\u00edt\u00e1sa, a mindennapi szell\u0151ztet\u00e9s. Term\u00e9szetesen k\u00f6nyvt\u00e1rosi t\u00e9nyked\u00e9s\u00e9r\u0151l is besz\u00e1molt gazd\u00e1j\u00e1nak: az \u00e9rkez\u0151 k\u00f6nyveket a k\u00f6nyvt\u00e1ralap\u00edt\u00f3 k\u00edv\u00e1ns\u00e1g\u00e1nak megfelel\u0151en rendezte, a Revisorius katal\u00f3gusba bejegyezte. \u00d6rvendve sz\u00e1molt be arr\u00f3l hogy az olvas\u00f3k haszn\u00e1lj\u00e1k a k\u00f6nyveket Kazinczy Ferenc mellett els\u0151k\u00e9nt sz\u00e1mol be a meghonosod\u00f3 k\u00f6nyvt\u00e1rl\u00e1togat\u00e1sokr\u00f3l. Unok\u00e1ja n\u00e9hai dr. K. L\u00e1szl\u00f3 t\u00f6rv\u00e9nysz\u00e9ki b\u00edr\u00f3 hagyat\u00e9k\u00e1ban voltak az eredeti levelek, melyeket a kancell\u00e1r hozz\u00e1 int\u00e9zett (1813\u201323) \u00e9s az \u0151 lev\u00e9l-fogalmazv\u00e1nyai. A kancell\u00e1r leveleit 14. drb. K\u00f6zli Fodor Istv\u00e1n : Kr\u00f3n. F\u00fcz. III. sor. 8. sz. -ban. \u2013 <strong>F. m.:<\/strong> <strong>antol\u00f3g.:<\/strong> Gr\u00f3f Teleki S\u00e1muel eml\u00e9k\u00fcnnep (Nagyernyei Kelemen M\u00e1rton le\u00edr\u00e1sa a Teleki T\u00e9k\u00e1r\u00f3l. \u2013 Bp., 1940). &#8211;<br \/><strong>Irod.:<\/strong> Berekm\u00e9ri; De\u00e9 Nagy Anik\u00f3; Gy\u00e1szjelent\u0151; Kr\u00f3n. F\u00fcz. (1939. 4\/6); L\u00e1szl\u00f3 L\u00f3r\u00e1nt. Kelemen M\u00e1rton k\u00f6nyvt\u00e1ros \u00e9s Szak\u00e1ts J\u00e1nos seg\u00e9d\u0151r konfliktusa = Telekiek; P\u00e1lmay J\u00f3zsef; Telekiek<\/br><\/p>\n","protected":false},"excerpt":{"rendered":"<p>Nagyernye, 1796., \u2020 Mv., 1851. m\u00e1rc. 2.: k\u00f6nyvt\u00e1ros. \u2013 Feles\u00e9ge: Albert Julianna (1806 \u2013 Mv., 1858. jan. 28, ). Gyermekeik: \u00c1gnes, Johanna, L\u00e1szl\u00f3. \u2013 Iskol\u00e1it a mv.-i Ref. Kollban v\u00e9gezte \u00e9s M\u00e1ln\u00e1ssi J\u00f3zsef tan\u00edtv\u00e1nyak\u00e9nt fejezte be tanulm\u00e1nyait, a syntaxis oszt\u00e1lyt (1805). A Teleki T\u00e9k\u00e1ba ker\u00fclt (1814) mint scriba (\u00edrnok) majd rendes k\u00f6nyvt\u00e1ros (1817\u201351). Teleki k\u00f6zvetlen [&hellip;]<\/p>\n","protected":false},"featured_media":0,"comment_status":"open","ping_status":"closed","template":"","meta":[],"product_brand":[],"product_cat":[137],"product_tag":[],"class_list":{"0":"post-11500","1":"product","2":"type-product","3":"status-publish","5":"product_cat-maros-megyei-eletrajzi-lexikon","7":"first","8":"instock","9":"shipping-taxable","10":"product-type-simple"},"_links":{"self":[{"href":"https:\/\/uj.adatbank.ro\/lexikon\/wp-json\/wp\/v2\/product\/11500","targetHints":{"allow":["GET"]}}],"collection":[{"href":"https:\/\/uj.adatbank.ro\/lexikon\/wp-json\/wp\/v2\/product"}],"about":[{"href":"https:\/\/uj.adatbank.ro\/lexikon\/wp-json\/wp\/v2\/types\/product"}],"replies":[{"embeddable":true,"href":"https:\/\/uj.adatbank.ro\/lexikon\/wp-json\/wp\/v2\/comments?post=11500"}],"wp:attachment":[{"href":"https:\/\/uj.adatbank.ro\/lexikon\/wp-json\/wp\/v2\/media?parent=11500"}],"wp:term":[{"taxonomy":"product_brand","embeddable":true,"href":"https:\/\/uj.adatbank.ro\/lexikon\/wp-json\/wp\/v2\/product_brand?post=11500"},{"taxonomy":"product_cat","embeddable":true,"href":"https:\/\/uj.adatbank.ro\/lexikon\/wp-json\/wp\/v2\/product_cat?post=11500"},{"taxonomy":"product_tag","embeddable":true,"href":"https:\/\/uj.adatbank.ro\/lexikon\/wp-json\/wp\/v2\/product_tag?post=11500"}],"curies":[{"name":"wp","href":"https:\/\/api.w.org\/{rel}","templated":true}]}}