{"id":11503,"date":"2025-06-29T13:55:12","date_gmt":"2025-06-29T11:55:12","guid":{"rendered":"https:\/\/uj.adatbank.ro\/lexikon\/termek\/kelemen-miklos\/"},"modified":"2025-06-29T13:55:12","modified_gmt":"2025-06-29T11:55:12","slug":"kelemen-miklos","status":"publish","type":"product","link":"https:\/\/uj.adatbank.ro\/lexikon\/termek\/kelemen-miklos\/","title":{"rendered":"KELEMEN Mikl\u00f3s"},"content":{"rendered":"<p>Ny\u00e1r\u00e1dszentl\u00e1szl\u00f3, 1854. \u2020 Mv., 1917. m\u00e1rc. 11. \u2013 Feles\u00e9ge: Csom\u00f3s Johanna. \u2013 T\u00f6rv\u00e9nysz\u00e9ki irodatiszt. <br \/><strong>Irod.:<\/strong> Kelemen<\/br><\/p>\n","protected":false},"excerpt":{"rendered":"<p>Ny\u00e1r\u00e1dszentl\u00e1szl\u00f3, 1854. \u2020 Mv., 1917. m\u00e1rc. 11. \u2013 Feles\u00e9ge: Csom\u00f3s Johanna. \u2013 T\u00f6rv\u00e9nysz\u00e9ki irodatiszt. Irod.: Kelemen<\/p>\n","protected":false},"featured_media":0,"comment_status":"open","ping_status":"closed","template":"","meta":[],"product_brand":[],"product_cat":[137],"product_tag":[],"class_list":{"0":"post-11503","1":"product","2":"type-product","3":"status-publish","5":"product_cat-maros-megyei-eletrajzi-lexikon","7":"first","8":"instock","9":"shipping-taxable","10":"product-type-simple"},"_links":{"self":[{"href":"https:\/\/uj.adatbank.ro\/lexikon\/wp-json\/wp\/v2\/product\/11503","targetHints":{"allow":["GET"]}}],"collection":[{"href":"https:\/\/uj.adatbank.ro\/lexikon\/wp-json\/wp\/v2\/product"}],"about":[{"href":"https:\/\/uj.adatbank.ro\/lexikon\/wp-json\/wp\/v2\/types\/product"}],"replies":[{"embeddable":true,"href":"https:\/\/uj.adatbank.ro\/lexikon\/wp-json\/wp\/v2\/comments?post=11503"}],"wp:attachment":[{"href":"https:\/\/uj.adatbank.ro\/lexikon\/wp-json\/wp\/v2\/media?parent=11503"}],"wp:term":[{"taxonomy":"product_brand","embeddable":true,"href":"https:\/\/uj.adatbank.ro\/lexikon\/wp-json\/wp\/v2\/product_brand?post=11503"},{"taxonomy":"product_cat","embeddable":true,"href":"https:\/\/uj.adatbank.ro\/lexikon\/wp-json\/wp\/v2\/product_cat?post=11503"},{"taxonomy":"product_tag","embeddable":true,"href":"https:\/\/uj.adatbank.ro\/lexikon\/wp-json\/wp\/v2\/product_tag?post=11503"}],"curies":[{"name":"wp","href":"https:\/\/api.w.org\/{rel}","templated":true}]}}