{"id":11505,"date":"2025-06-29T13:55:16","date_gmt":"2025-06-29T11:55:16","guid":{"rendered":"https:\/\/uj.adatbank.ro\/lexikon\/termek\/kelemen-miklos-nagyernyei\/"},"modified":"2025-06-29T13:55:16","modified_gmt":"2025-06-29T11:55:16","slug":"kelemen-miklos-nagyernyei","status":"publish","type":"product","link":"https:\/\/uj.adatbank.ro\/lexikon\/termek\/kelemen-miklos-nagyernyei\/","title":{"rendered":"KELEMEN Mikl\u00f3s, nagyernyei"},"content":{"rendered":"<p>17. \u20201729 k.: birtokos nemes. \u2013 A csal\u00e1d els\u0151 nemes \u0151se. Testv\u00e9r\u00e9vel M\u00e1rtonnal egy\u00fctt ernyei Ferenczi J\u00e1nos egy ideig z\u00e1logos jobb\u00e1gy\u00e1nak tartotta. K\u00e9s\u0151bb Ny\u00e1r\u00e1dszentl\u00e1szl\u00f3ra, p\u00f3kai S\u00e1rosi Gy\u00f6rgy Marossz\u00e9ki f\u0151kir\u00e1lyb\u00edr\u00f3hoz ker\u00fclt, a p\u00f3kai S\u00e1rosiak udvarb\u00edr\u00e1ja \u00e9s ez h\u0171s\u00e9ge \u00e9s j\u00f3 szolg\u00e1latai fej\u00e9ben Apafit\u00f3l nemesi c\u00edmet szerzett neki (1672). B\u00edr\u00f3 volt Ny\u00e1r\u00e1dszentl\u00e1szl\u00f3n. K\u00e9s\u0151 v\u00e9ns\u00e9get \u00e9rt meg (80\u201382 \u00e9vet \u00e9lt). Feles\u00e9ge M\u00e1rkodi Erzs\u00e9bet. N\u00e9gy fia volt: J\u00e1nos megszerezte a t\u00f6bbi testv\u00e9r r\u00e9sz\u00e9t \u00e9s a birtokkal egy\u00fctt \u00e1tvette azokat a szolg\u00e1latokat, melyeket apja teljes\u00edtett. Reform\u00e1tus csal\u00e1d. <br \/><strong>Irod.:<\/strong> Kelemen; Kelemen Lajos 2009, Keresztes Gyula: \u00d6r\u00f6ks\u00e9g\u00fcnk 50.: A nagyernyei udvarh\u00e1zak (1994. febr. 11.); P\u00e1lmay<\/br><\/p>\n","protected":false},"excerpt":{"rendered":"<p>17. \u20201729 k.: birtokos nemes. \u2013 A csal\u00e1d els\u0151 nemes \u0151se. Testv\u00e9r\u00e9vel M\u00e1rtonnal egy\u00fctt ernyei Ferenczi J\u00e1nos egy ideig z\u00e1logos jobb\u00e1gy\u00e1nak tartotta. K\u00e9s\u0151bb Ny\u00e1r\u00e1dszentl\u00e1szl\u00f3ra, p\u00f3kai S\u00e1rosi Gy\u00f6rgy Marossz\u00e9ki f\u0151kir\u00e1lyb\u00edr\u00f3hoz ker\u00fclt, a p\u00f3kai S\u00e1rosiak udvarb\u00edr\u00e1ja \u00e9s ez h\u0171s\u00e9ge \u00e9s j\u00f3 szolg\u00e1latai fej\u00e9ben Apafit\u00f3l nemesi c\u00edmet szerzett neki (1672). B\u00edr\u00f3 volt Ny\u00e1r\u00e1dszentl\u00e1szl\u00f3n. K\u00e9s\u0151 v\u00e9ns\u00e9get \u00e9rt meg (80\u201382 [&hellip;]<\/p>\n","protected":false},"featured_media":0,"comment_status":"open","ping_status":"closed","template":"","meta":[],"product_brand":[],"product_cat":[137],"product_tag":[],"class_list":{"0":"post-11505","1":"product","2":"type-product","3":"status-publish","5":"product_cat-maros-megyei-eletrajzi-lexikon","7":"first","8":"instock","9":"shipping-taxable","10":"product-type-simple"},"_links":{"self":[{"href":"https:\/\/uj.adatbank.ro\/lexikon\/wp-json\/wp\/v2\/product\/11505","targetHints":{"allow":["GET"]}}],"collection":[{"href":"https:\/\/uj.adatbank.ro\/lexikon\/wp-json\/wp\/v2\/product"}],"about":[{"href":"https:\/\/uj.adatbank.ro\/lexikon\/wp-json\/wp\/v2\/types\/product"}],"replies":[{"embeddable":true,"href":"https:\/\/uj.adatbank.ro\/lexikon\/wp-json\/wp\/v2\/comments?post=11505"}],"wp:attachment":[{"href":"https:\/\/uj.adatbank.ro\/lexikon\/wp-json\/wp\/v2\/media?parent=11505"}],"wp:term":[{"taxonomy":"product_brand","embeddable":true,"href":"https:\/\/uj.adatbank.ro\/lexikon\/wp-json\/wp\/v2\/product_brand?post=11505"},{"taxonomy":"product_cat","embeddable":true,"href":"https:\/\/uj.adatbank.ro\/lexikon\/wp-json\/wp\/v2\/product_cat?post=11505"},{"taxonomy":"product_tag","embeddable":true,"href":"https:\/\/uj.adatbank.ro\/lexikon\/wp-json\/wp\/v2\/product_tag?post=11505"}],"curies":[{"name":"wp","href":"https:\/\/api.w.org\/{rel}","templated":true}]}}