{"id":11507,"date":"2025-06-29T13:55:19","date_gmt":"2025-06-29T11:55:19","guid":{"rendered":"https:\/\/uj.adatbank.ro\/lexikon\/termek\/kelemen-mor\/"},"modified":"2025-06-29T13:55:19","modified_gmt":"2025-06-29T11:55:19","slug":"kelemen-mor","status":"publish","type":"product","link":"https:\/\/uj.adatbank.ro\/lexikon\/termek\/kelemen-mor\/","title":{"rendered":"KELEMEN M\u00f3r"},"content":{"rendered":"<p>? \u2020 Mv., ?: tornatan\u00e1r. \u2013 Mv.-en tan\u00e1r. A Ker\u00e9kp\u00e1r Egylet eln\u00f6kek\u00e9nt kisz\u00e9les\u00edtette ennek tev\u00e9kenys\u00e9g\u00e9t. Az egylet felvette a M. S. E. nevet, \u00e9s \u00faj szakoszt\u00e1lyokat hoztak l\u00e9tre (1906. m\u00e1j. 10. \u2013). A m\u00e1r l\u00e9tez\u0151 labdar\u00fag\u00e1s \u00e9s atl\u00e9tika szakoszt\u00e1lyok mell\u00e9 (1910\u201314): megalak\u00edtott\u00e1k a V\u00edv\u00f3 Akad\u00e9mi\u00e1t, a torna \u00e9s korcsolya (1914\u2013), \u00fasz\u00e1s, asztali tenisz, birkoz\u00e1s, sportl\u00f6v\u00e9szet, boksz (1930\u2013), siel\u00e9s \u00e9s sakk szakoszt\u00e1lyokat. Ekkor v\u00e1lt szok\u00e1ss\u00e1 az, hogy tehet\u0151s v\u00e1llalkoz\u00f3k kezdt\u00e9k a sportot t\u00e1mogani, szponzoriz\u00e1lni. <br \/><strong>Irod.:<\/strong> Ra\u0163iu: Sportul mure\u015fan<\/br><\/p>\n","protected":false},"excerpt":{"rendered":"<p>? \u2020 Mv., ?: tornatan\u00e1r. \u2013 Mv.-en tan\u00e1r. A Ker\u00e9kp\u00e1r Egylet eln\u00f6kek\u00e9nt kisz\u00e9les\u00edtette ennek tev\u00e9kenys\u00e9g\u00e9t. Az egylet felvette a M. S. E. nevet, \u00e9s \u00faj szakoszt\u00e1lyokat hoztak l\u00e9tre (1906. m\u00e1j. 10. \u2013). A m\u00e1r l\u00e9tez\u0151 labdar\u00fag\u00e1s \u00e9s atl\u00e9tika szakoszt\u00e1lyok mell\u00e9 (1910\u201314): megalak\u00edtott\u00e1k a V\u00edv\u00f3 Akad\u00e9mi\u00e1t, a torna \u00e9s korcsolya (1914\u2013), \u00fasz\u00e1s, asztali tenisz, birkoz\u00e1s, sportl\u00f6v\u00e9szet, [&hellip;]<\/p>\n","protected":false},"featured_media":0,"comment_status":"open","ping_status":"closed","template":"","meta":[],"product_brand":[],"product_cat":[137],"product_tag":[],"class_list":{"0":"post-11507","1":"product","2":"type-product","3":"status-publish","5":"product_cat-maros-megyei-eletrajzi-lexikon","7":"first","8":"instock","9":"shipping-taxable","10":"product-type-simple"},"_links":{"self":[{"href":"https:\/\/uj.adatbank.ro\/lexikon\/wp-json\/wp\/v2\/product\/11507","targetHints":{"allow":["GET"]}}],"collection":[{"href":"https:\/\/uj.adatbank.ro\/lexikon\/wp-json\/wp\/v2\/product"}],"about":[{"href":"https:\/\/uj.adatbank.ro\/lexikon\/wp-json\/wp\/v2\/types\/product"}],"replies":[{"embeddable":true,"href":"https:\/\/uj.adatbank.ro\/lexikon\/wp-json\/wp\/v2\/comments?post=11507"}],"wp:attachment":[{"href":"https:\/\/uj.adatbank.ro\/lexikon\/wp-json\/wp\/v2\/media?parent=11507"}],"wp:term":[{"taxonomy":"product_brand","embeddable":true,"href":"https:\/\/uj.adatbank.ro\/lexikon\/wp-json\/wp\/v2\/product_brand?post=11507"},{"taxonomy":"product_cat","embeddable":true,"href":"https:\/\/uj.adatbank.ro\/lexikon\/wp-json\/wp\/v2\/product_cat?post=11507"},{"taxonomy":"product_tag","embeddable":true,"href":"https:\/\/uj.adatbank.ro\/lexikon\/wp-json\/wp\/v2\/product_tag?post=11507"}],"curies":[{"name":"wp","href":"https:\/\/api.w.org\/{rel}","templated":true}]}}