{"id":11510,"date":"2025-06-29T13:55:28","date_gmt":"2025-06-29T11:55:28","guid":{"rendered":"https:\/\/uj.adatbank.ro\/lexikon\/termek\/kelemen-sandor-%c2%a7\/"},"modified":"2025-06-29T13:55:28","modified_gmt":"2025-06-29T11:55:28","slug":"kelemen-sandor-%c2%a7","status":"publish","type":"product","link":"https:\/\/uj.adatbank.ro\/lexikon\/termek\/kelemen-sandor-%c2%a7\/","title":{"rendered":"KELEMEN S\u00e1ndor, \u00a7"},"content":{"rendered":"<p>T\u00f3szeg, 1885., \u2020 ?: keresked\u0151 Mv.-en. \u2013 R\u00e9szt vett az els\u0151 vh.-ban (1914. aug. \u201320. j\u00fan.). A 22. h. gy. e. az orosz fronton harcolt, f\u0151hadnagy. Fogs\u00e1gba esett mint z\u00e1szl\u00f3alj parancsnok (1915\u201320), mal\u00e1ri\u00e1t kapott. A K\u00e1roly cs. k. ig. a. kit\u00fcntetettje. <br \/><strong>Irod.:<\/strong> Erd\u00e9lyi ezredek; M. hadviselt zsid\u00f3k<\/br><\/p>\n","protected":false},"excerpt":{"rendered":"<p>T\u00f3szeg, 1885., \u2020 ?: keresked\u0151 Mv.-en. \u2013 R\u00e9szt vett az els\u0151 vh.-ban (1914. aug. \u201320. j\u00fan.). A 22. h. gy. e. az orosz fronton harcolt, f\u0151hadnagy. Fogs\u00e1gba esett mint z\u00e1szl\u00f3alj parancsnok (1915\u201320), mal\u00e1ri\u00e1t kapott. A K\u00e1roly cs. k. ig. a. kit\u00fcntetettje. Irod.: Erd\u00e9lyi ezredek; M. hadviselt zsid\u00f3k<\/p>\n","protected":false},"featured_media":0,"comment_status":"open","ping_status":"closed","template":"","meta":[],"product_brand":[],"product_cat":[137],"product_tag":[],"class_list":{"0":"post-11510","1":"product","2":"type-product","3":"status-publish","5":"product_cat-maros-megyei-eletrajzi-lexikon","7":"first","8":"instock","9":"shipping-taxable","10":"product-type-simple"},"_links":{"self":[{"href":"https:\/\/uj.adatbank.ro\/lexikon\/wp-json\/wp\/v2\/product\/11510","targetHints":{"allow":["GET"]}}],"collection":[{"href":"https:\/\/uj.adatbank.ro\/lexikon\/wp-json\/wp\/v2\/product"}],"about":[{"href":"https:\/\/uj.adatbank.ro\/lexikon\/wp-json\/wp\/v2\/types\/product"}],"replies":[{"embeddable":true,"href":"https:\/\/uj.adatbank.ro\/lexikon\/wp-json\/wp\/v2\/comments?post=11510"}],"wp:attachment":[{"href":"https:\/\/uj.adatbank.ro\/lexikon\/wp-json\/wp\/v2\/media?parent=11510"}],"wp:term":[{"taxonomy":"product_brand","embeddable":true,"href":"https:\/\/uj.adatbank.ro\/lexikon\/wp-json\/wp\/v2\/product_brand?post=11510"},{"taxonomy":"product_cat","embeddable":true,"href":"https:\/\/uj.adatbank.ro\/lexikon\/wp-json\/wp\/v2\/product_cat?post=11510"},{"taxonomy":"product_tag","embeddable":true,"href":"https:\/\/uj.adatbank.ro\/lexikon\/wp-json\/wp\/v2\/product_tag?post=11510"}],"curies":[{"name":"wp","href":"https:\/\/api.w.org\/{rel}","templated":true}]}}