{"id":11515,"date":"2025-06-29T13:55:36","date_gmt":"2025-06-29T11:55:36","guid":{"rendered":"https:\/\/uj.adatbank.ro\/lexikon\/termek\/kelemen-zsombor\/"},"modified":"2025-06-29T13:55:36","modified_gmt":"2025-06-29T11:55:36","slug":"kelemen-zsombor","status":"publish","type":"product","link":"https:\/\/uj.adatbank.ro\/lexikon\/termek\/kelemen-zsombor\/","title":{"rendered":"KELEMEN Zsombor"},"content":{"rendered":"<p>Beszterce, 1909. febr. 12., \u2020 Bp., 1981.: \u00e9p\u00edt\u00e9szm\u00e9rn\u00f6k. \u2013 K. L\u00e1szl\u00f3 b\u00edr\u00f3 m\u00e1sodik fia. Feles\u00e9ge Patrovits K\u00e1lm\u00e1n, \u00c1gnes nev\u0171 l\u00e1nya. K\u00e9t gyermeke van Zsombor fogorvos \u00e9s Csilla tan\u00e1rn\u0151. Pesten v\u00e9gezte az \u00e1ltal\u00e1nos m\u00e9rn\u00f6kit. Mv.-en Patrovits K\u00e1lm\u00e1nnak, ap\u00f3s\u00e1nak az irod\u00e1j\u00e1ban dolgozott (1944-ig). A M\u00c1V mv.-i-parajdi oszt\u00e1lym\u00e9rn\u00f6ks\u00e9g\u00e9nek vezet\u0151je volt (1942). V\u00e1rosunkban az \u0151 tervei alapj\u00e1n \u00e9p\u00edtett\u00e9k a Szabadi \u00fati ref. templomot, lelk\u00e9szi lak\u00e1st, gy\u00fclekezeti termet \u00e9s irod\u00e1t (1936\u201337). <br \/><strong>Irod.:<\/strong> Csepreghy 2010; Id\u0151t\u00e1r 3; Sipos<\/br><\/p>\n","protected":false},"excerpt":{"rendered":"<p>Beszterce, 1909. febr. 12., \u2020 Bp., 1981.: \u00e9p\u00edt\u00e9szm\u00e9rn\u00f6k. \u2013 K. L\u00e1szl\u00f3 b\u00edr\u00f3 m\u00e1sodik fia. Feles\u00e9ge Patrovits K\u00e1lm\u00e1n, \u00c1gnes nev\u0171 l\u00e1nya. K\u00e9t gyermeke van Zsombor fogorvos \u00e9s Csilla tan\u00e1rn\u0151. Pesten v\u00e9gezte az \u00e1ltal\u00e1nos m\u00e9rn\u00f6kit. Mv.-en Patrovits K\u00e1lm\u00e1nnak, ap\u00f3s\u00e1nak az irod\u00e1j\u00e1ban dolgozott (1944-ig). A M\u00c1V mv.-i-parajdi oszt\u00e1lym\u00e9rn\u00f6ks\u00e9g\u00e9nek vezet\u0151je volt (1942). V\u00e1rosunkban az \u0151 tervei alapj\u00e1n \u00e9p\u00edtett\u00e9k a [&hellip;]<\/p>\n","protected":false},"featured_media":0,"comment_status":"open","ping_status":"closed","template":"","meta":[],"product_brand":[],"product_cat":[137],"product_tag":[],"class_list":{"0":"post-11515","1":"product","2":"type-product","3":"status-publish","5":"product_cat-maros-megyei-eletrajzi-lexikon","7":"first","8":"instock","9":"shipping-taxable","10":"product-type-simple"},"_links":{"self":[{"href":"https:\/\/uj.adatbank.ro\/lexikon\/wp-json\/wp\/v2\/product\/11515","targetHints":{"allow":["GET"]}}],"collection":[{"href":"https:\/\/uj.adatbank.ro\/lexikon\/wp-json\/wp\/v2\/product"}],"about":[{"href":"https:\/\/uj.adatbank.ro\/lexikon\/wp-json\/wp\/v2\/types\/product"}],"replies":[{"embeddable":true,"href":"https:\/\/uj.adatbank.ro\/lexikon\/wp-json\/wp\/v2\/comments?post=11515"}],"wp:attachment":[{"href":"https:\/\/uj.adatbank.ro\/lexikon\/wp-json\/wp\/v2\/media?parent=11515"}],"wp:term":[{"taxonomy":"product_brand","embeddable":true,"href":"https:\/\/uj.adatbank.ro\/lexikon\/wp-json\/wp\/v2\/product_brand?post=11515"},{"taxonomy":"product_cat","embeddable":true,"href":"https:\/\/uj.adatbank.ro\/lexikon\/wp-json\/wp\/v2\/product_cat?post=11515"},{"taxonomy":"product_tag","embeddable":true,"href":"https:\/\/uj.adatbank.ro\/lexikon\/wp-json\/wp\/v2\/product_tag?post=11515"}],"curies":[{"name":"wp","href":"https:\/\/api.w.org\/{rel}","templated":true}]}}