{"id":11518,"date":"2025-06-29T13:55:40","date_gmt":"2025-06-29T11:55:40","guid":{"rendered":"https:\/\/uj.adatbank.ro\/lexikon\/termek\/kelemen-nagyernyei-lofoszekely-csalad\/"},"modified":"2025-06-29T13:55:40","modified_gmt":"2025-06-29T11:55:40","slug":"kelemen-nagyernyei-lofoszekely-csalad","status":"publish","type":"product","link":"https:\/\/uj.adatbank.ro\/lexikon\/termek\/kelemen-nagyernyei-lofoszekely-csalad\/","title":{"rendered":"KELEMEN, nagyernyei l\u00f3f\u0151sz\u00e9kely csal\u00e1d"},"content":{"rendered":"<p>K. Mikl\u00f3s sz\u00e1m\u00e1ra szolg\u00e1latai\u00e9rt a Ny\u00e1r\u00e1dszentl\u00e1szl\u00f3n lak\u00f3 p\u00f3kai S\u00e1rosi Gy\u00f6rgy, marossz\u00e9ki kir\u00e1lyb\u00edr\u00f3 c\u00edmeres nemess\u00e9get eszk\u00f6z\u00f6lt ki (1672. okt. 16); Zsigmond korm\u00e1nysz\u00e9ki irnok s hites jegyz\u0151 (1794\u20131815); J\u00f3zsef t\u00e1blai \u00fcgyv\u00e9d (1794). a XVIII. sz. elej\u00e9n a csal\u00e1d k\u00e9t \u00e1gra szakadt : az egyik \u00e1g ref. a m\u00e1sik unit\u00e1rius lett. Lajos udv. kancellariai irnok (1843). K\u00e1roly 1848-ig marossz\u00e9ki d\u00fal\u00f3. \u2013 Benjamin egyike Erd\u00e9ly ismertebb \u00e9s nagy-tapasztal\u00e1s\u00fa gazd\u00e1inak. <br \/><strong>Irod.:<\/strong> Kempelen; Keresztes Gyula: \u00d6r\u00f6ks\u00e9g\u00fcnk 50.: A nagyernyei udvarh\u00e1zak (1994. febr. 11.); Nagy Iv\u00e1n; P\u00e1lmay, Sipos<\/br><\/p>\n","protected":false},"excerpt":{"rendered":"<p>K. Mikl\u00f3s sz\u00e1m\u00e1ra szolg\u00e1latai\u00e9rt a Ny\u00e1r\u00e1dszentl\u00e1szl\u00f3n lak\u00f3 p\u00f3kai S\u00e1rosi Gy\u00f6rgy, marossz\u00e9ki kir\u00e1lyb\u00edr\u00f3 c\u00edmeres nemess\u00e9get eszk\u00f6z\u00f6lt ki (1672. okt. 16); Zsigmond korm\u00e1nysz\u00e9ki irnok s hites jegyz\u0151 (1794\u20131815); J\u00f3zsef t\u00e1blai \u00fcgyv\u00e9d (1794). a XVIII. sz. elej\u00e9n a csal\u00e1d k\u00e9t \u00e1gra szakadt : az egyik \u00e1g ref. a m\u00e1sik unit\u00e1rius lett. Lajos udv. kancellariai irnok (1843). K\u00e1roly 1848-ig [&hellip;]<\/p>\n","protected":false},"featured_media":0,"comment_status":"open","ping_status":"closed","template":"","meta":[],"product_brand":[],"product_cat":[137],"product_tag":[],"class_list":{"0":"post-11518","1":"product","2":"type-product","3":"status-publish","5":"product_cat-maros-megyei-eletrajzi-lexikon","7":"first","8":"instock","9":"shipping-taxable","10":"product-type-simple"},"_links":{"self":[{"href":"https:\/\/uj.adatbank.ro\/lexikon\/wp-json\/wp\/v2\/product\/11518","targetHints":{"allow":["GET"]}}],"collection":[{"href":"https:\/\/uj.adatbank.ro\/lexikon\/wp-json\/wp\/v2\/product"}],"about":[{"href":"https:\/\/uj.adatbank.ro\/lexikon\/wp-json\/wp\/v2\/types\/product"}],"replies":[{"embeddable":true,"href":"https:\/\/uj.adatbank.ro\/lexikon\/wp-json\/wp\/v2\/comments?post=11518"}],"wp:attachment":[{"href":"https:\/\/uj.adatbank.ro\/lexikon\/wp-json\/wp\/v2\/media?parent=11518"}],"wp:term":[{"taxonomy":"product_brand","embeddable":true,"href":"https:\/\/uj.adatbank.ro\/lexikon\/wp-json\/wp\/v2\/product_brand?post=11518"},{"taxonomy":"product_cat","embeddable":true,"href":"https:\/\/uj.adatbank.ro\/lexikon\/wp-json\/wp\/v2\/product_cat?post=11518"},{"taxonomy":"product_tag","embeddable":true,"href":"https:\/\/uj.adatbank.ro\/lexikon\/wp-json\/wp\/v2\/product_tag?post=11518"}],"curies":[{"name":"wp","href":"https:\/\/api.w.org\/{rel}","templated":true}]}}