{"id":11522,"date":"2025-06-29T13:55:52","date_gmt":"2025-06-29T11:55:52","guid":{"rendered":"https:\/\/uj.adatbank.ro\/lexikon\/termek\/keleti-denes-betujele-keramia-es-kezzel-festett-targyakon-k\/"},"modified":"2025-06-29T13:55:52","modified_gmt":"2025-06-29T11:55:52","slug":"keleti-denes-betujele-keramia-es-kezzel-festett-targyakon-k","status":"publish","type":"product","link":"https:\/\/uj.adatbank.ro\/lexikon\/termek\/keleti-denes-betujele-keramia-es-kezzel-festett-targyakon-k\/","title":{"rendered":"KELETI D\u00e9nes, bet\u0171jele ker\u00e1mia \u00e9s k\u00e9zzel festett t\u00e1rgyakon: K."},"content":{"rendered":"<p>Mv., 1887. jan. 20 vagy 29., \u2020 Mv., 1977. okt. 17: k\u00e9pz\u0151m\u0171v\u00e9sz, iparm\u0171v\u00e9sz. \u2013 Kereskedelmi \u00e9retts\u00e9git tett \u00e9s \u00f6t \u00e9vig p\u00e9nz\u00fcgyi hivatalnok volt, majd szabadfoglalkoz\u00e1s\u00fa k\u00e9pz\u0151m\u0171v\u00e9szk\u00e9nt \u00e9lt hal\u00e1l\u00e1ig. A K\u00e9pz\u0151m\u0171v\u00e9szeti Sz\u00f6vets\u00e9g mv.-i fi\u00f3kj\u00e1nak tagja (1947\u201377). Saj\u00e1t receptje szerinti zom\u00e1nc-technik\u00e1t alak\u00edtott ki. \u2013 <strong>F. ki\u00e1ll.:<\/strong> Mv., Kv., Buk. (1930-as \u00e9vek), Mo. \u2013n is (1940\u201344), Mv.-en csoportos ki\u00e1ll. (1953\u201377), le\u00e1ny\u00e1val gy\u0171jtem\u00e9nyes ker\u00e1mia-ki\u00e1ll. (1964). <br \/><strong>Irod.:<\/strong> Kusz\u00e1lik; Moln\u00e1r<\/br><\/p>\n","protected":false},"excerpt":{"rendered":"<p>Mv., 1887. jan. 20 vagy 29., \u2020 Mv., 1977. okt. 17: k\u00e9pz\u0151m\u0171v\u00e9sz, iparm\u0171v\u00e9sz. \u2013 Kereskedelmi \u00e9retts\u00e9git tett \u00e9s \u00f6t \u00e9vig p\u00e9nz\u00fcgyi hivatalnok volt, majd szabadfoglalkoz\u00e1s\u00fa k\u00e9pz\u0151m\u0171v\u00e9szk\u00e9nt \u00e9lt hal\u00e1l\u00e1ig. A K\u00e9pz\u0151m\u0171v\u00e9szeti Sz\u00f6vets\u00e9g mv.-i fi\u00f3kj\u00e1nak tagja (1947\u201377). Saj\u00e1t receptje szerinti zom\u00e1nc-technik\u00e1t alak\u00edtott ki. \u2013 F. ki\u00e1ll.: Mv., Kv., Buk. (1930-as \u00e9vek), Mo. \u2013n is (1940\u201344), Mv.-en csoportos [&hellip;]<\/p>\n","protected":false},"featured_media":0,"comment_status":"open","ping_status":"closed","template":"","meta":[],"product_brand":[],"product_cat":[137],"product_tag":[],"class_list":{"0":"post-11522","1":"product","2":"type-product","3":"status-publish","5":"product_cat-maros-megyei-eletrajzi-lexikon","7":"first","8":"instock","9":"shipping-taxable","10":"product-type-simple"},"_links":{"self":[{"href":"https:\/\/uj.adatbank.ro\/lexikon\/wp-json\/wp\/v2\/product\/11522","targetHints":{"allow":["GET"]}}],"collection":[{"href":"https:\/\/uj.adatbank.ro\/lexikon\/wp-json\/wp\/v2\/product"}],"about":[{"href":"https:\/\/uj.adatbank.ro\/lexikon\/wp-json\/wp\/v2\/types\/product"}],"replies":[{"embeddable":true,"href":"https:\/\/uj.adatbank.ro\/lexikon\/wp-json\/wp\/v2\/comments?post=11522"}],"wp:attachment":[{"href":"https:\/\/uj.adatbank.ro\/lexikon\/wp-json\/wp\/v2\/media?parent=11522"}],"wp:term":[{"taxonomy":"product_brand","embeddable":true,"href":"https:\/\/uj.adatbank.ro\/lexikon\/wp-json\/wp\/v2\/product_brand?post=11522"},{"taxonomy":"product_cat","embeddable":true,"href":"https:\/\/uj.adatbank.ro\/lexikon\/wp-json\/wp\/v2\/product_cat?post=11522"},{"taxonomy":"product_tag","embeddable":true,"href":"https:\/\/uj.adatbank.ro\/lexikon\/wp-json\/wp\/v2\/product_tag?post=11522"}],"curies":[{"name":"wp","href":"https:\/\/api.w.org\/{rel}","templated":true}]}}