{"id":11523,"date":"2025-06-29T13:55:53","date_gmt":"2025-06-29T11:55:53","guid":{"rendered":"https:\/\/uj.adatbank.ro\/lexikon\/termek\/keleti-jolan\/"},"modified":"2025-06-29T13:55:53","modified_gmt":"2025-06-29T11:55:53","slug":"keleti-jolan","status":"publish","type":"product","link":"https:\/\/uj.adatbank.ro\/lexikon\/termek\/keleti-jolan\/","title":{"rendered":"KELETI Jol\u00e1n"},"content":{"rendered":"<p>Mv, 1921. m\u00e1j. 22., vagy 21 \u2020 ? : iparm\u0171v\u00e9sz, grafikus, keramikus, fest\u0151. \u2013 A mv.-i Rom. Kat. Z\u00e1rd\u00e1ban \u00e9retts\u00e9gizett (1936), a mv.-i M\u0171v\u00e9szeti Szabadiskol\u00e1ban tanult (1937\u201341) Aurel Ciupe \u00e9s Bordi Andr\u00e1st\u00f3l; Szabadfoglalkoz\u00e1s\u00fa, grafik\u00e1val, fest\u00e9szettel, ker\u00e1mi\u00e1val foglalkozott. A Rom\u00e1n K\u00e9pz\u0151m\u0171v\u00e9szek Sz\u00f6vets\u00e9g\u00e9nek tagja (1947v 1951\u2013). \u2013 Ki\u00e1ll\u00edt\u00e1sai: Mv. (1942, 1964, 1987). <br \/><strong>Irod.:<\/strong> Id\u0151t\u00e1r 3; KKACs; Moln\u00e1r; N. M. K.: A l\u00edra nev\u00e9ben (V. Z., 1987. okt. 6.)<\/br><\/p>\n","protected":false},"excerpt":{"rendered":"<p>Mv, 1921. m\u00e1j. 22., vagy 21 \u2020 ? : iparm\u0171v\u00e9sz, grafikus, keramikus, fest\u0151. \u2013 A mv.-i Rom. Kat. Z\u00e1rd\u00e1ban \u00e9retts\u00e9gizett (1936), a mv.-i M\u0171v\u00e9szeti Szabadiskol\u00e1ban tanult (1937\u201341) Aurel Ciupe \u00e9s Bordi Andr\u00e1st\u00f3l; Szabadfoglalkoz\u00e1s\u00fa, grafik\u00e1val, fest\u00e9szettel, ker\u00e1mi\u00e1val foglalkozott. A Rom\u00e1n K\u00e9pz\u0151m\u0171v\u00e9szek Sz\u00f6vets\u00e9g\u00e9nek tagja (1947v 1951\u2013). \u2013 Ki\u00e1ll\u00edt\u00e1sai: Mv. (1942, 1964, 1987). Irod.: Id\u0151t\u00e1r 3; KKACs; Moln\u00e1r; [&hellip;]<\/p>\n","protected":false},"featured_media":0,"comment_status":"open","ping_status":"closed","template":"","meta":[],"product_brand":[],"product_cat":[137],"product_tag":[],"class_list":{"0":"post-11523","1":"product","2":"type-product","3":"status-publish","5":"product_cat-maros-megyei-eletrajzi-lexikon","7":"first","8":"instock","9":"shipping-taxable","10":"product-type-simple"},"_links":{"self":[{"href":"https:\/\/uj.adatbank.ro\/lexikon\/wp-json\/wp\/v2\/product\/11523","targetHints":{"allow":["GET"]}}],"collection":[{"href":"https:\/\/uj.adatbank.ro\/lexikon\/wp-json\/wp\/v2\/product"}],"about":[{"href":"https:\/\/uj.adatbank.ro\/lexikon\/wp-json\/wp\/v2\/types\/product"}],"replies":[{"embeddable":true,"href":"https:\/\/uj.adatbank.ro\/lexikon\/wp-json\/wp\/v2\/comments?post=11523"}],"wp:attachment":[{"href":"https:\/\/uj.adatbank.ro\/lexikon\/wp-json\/wp\/v2\/media?parent=11523"}],"wp:term":[{"taxonomy":"product_brand","embeddable":true,"href":"https:\/\/uj.adatbank.ro\/lexikon\/wp-json\/wp\/v2\/product_brand?post=11523"},{"taxonomy":"product_cat","embeddable":true,"href":"https:\/\/uj.adatbank.ro\/lexikon\/wp-json\/wp\/v2\/product_cat?post=11523"},{"taxonomy":"product_tag","embeddable":true,"href":"https:\/\/uj.adatbank.ro\/lexikon\/wp-json\/wp\/v2\/product_tag?post=11523"}],"curies":[{"name":"wp","href":"https:\/\/api.w.org\/{rel}","templated":true}]}}