{"id":11524,"date":"2025-06-29T13:55:56","date_gmt":"2025-06-29T11:55:56","guid":{"rendered":"https:\/\/uj.adatbank.ro\/lexikon\/termek\/keleti-martonne-szabo-mariska\/"},"modified":"2025-06-29T13:55:56","modified_gmt":"2025-06-29T11:55:56","slug":"keleti-martonne-szabo-mariska","status":"publish","type":"product","link":"https:\/\/uj.adatbank.ro\/lexikon\/termek\/keleti-martonne-szabo-mariska\/","title":{"rendered":"KELETI M\u00e1rtonn\u00e9; Szab\u00f3 Mariska"},"content":{"rendered":"<p>Mv., 1866. m\u00e1j. 18., \u2020 ? : sz\u00edn\u00e9szn\u0151. \u2013 Sz\u00ednpadra l\u00e9pett B\u00e1nfalvi B\u00e9la sz\u00ednigazgat\u00f3n\u00e1l (1879). <br \/><strong>Irod.:<\/strong> Sch\u00f6pflin<\/br><\/p>\n","protected":false},"excerpt":{"rendered":"<p>Mv., 1866. m\u00e1j. 18., \u2020 ? : sz\u00edn\u00e9szn\u0151. \u2013 Sz\u00ednpadra l\u00e9pett B\u00e1nfalvi B\u00e9la sz\u00ednigazgat\u00f3n\u00e1l (1879). Irod.: Sch\u00f6pflin<\/p>\n","protected":false},"featured_media":0,"comment_status":"open","ping_status":"closed","template":"","meta":[],"product_brand":[],"product_cat":[137],"product_tag":[],"class_list":{"0":"post-11524","1":"product","2":"type-product","3":"status-publish","5":"product_cat-maros-megyei-eletrajzi-lexikon","7":"first","8":"instock","9":"shipping-taxable","10":"product-type-simple"},"_links":{"self":[{"href":"https:\/\/uj.adatbank.ro\/lexikon\/wp-json\/wp\/v2\/product\/11524","targetHints":{"allow":["GET"]}}],"collection":[{"href":"https:\/\/uj.adatbank.ro\/lexikon\/wp-json\/wp\/v2\/product"}],"about":[{"href":"https:\/\/uj.adatbank.ro\/lexikon\/wp-json\/wp\/v2\/types\/product"}],"replies":[{"embeddable":true,"href":"https:\/\/uj.adatbank.ro\/lexikon\/wp-json\/wp\/v2\/comments?post=11524"}],"wp:attachment":[{"href":"https:\/\/uj.adatbank.ro\/lexikon\/wp-json\/wp\/v2\/media?parent=11524"}],"wp:term":[{"taxonomy":"product_brand","embeddable":true,"href":"https:\/\/uj.adatbank.ro\/lexikon\/wp-json\/wp\/v2\/product_brand?post=11524"},{"taxonomy":"product_cat","embeddable":true,"href":"https:\/\/uj.adatbank.ro\/lexikon\/wp-json\/wp\/v2\/product_cat?post=11524"},{"taxonomy":"product_tag","embeddable":true,"href":"https:\/\/uj.adatbank.ro\/lexikon\/wp-json\/wp\/v2\/product_tag?post=11524"}],"curies":[{"name":"wp","href":"https:\/\/api.w.org\/{rel}","templated":true}]}}