{"id":11525,"date":"2025-06-29T13:55:59","date_gmt":"2025-06-29T11:55:59","guid":{"rendered":"https:\/\/uj.adatbank.ro\/lexikon\/termek\/keleti-peter\/"},"modified":"2025-06-29T13:55:59","modified_gmt":"2025-06-29T11:55:59","slug":"keleti-peter","status":"publish","type":"product","link":"https:\/\/uj.adatbank.ro\/lexikon\/termek\/keleti-peter\/","title":{"rendered":"KELETI P\u00e9ter"},"content":{"rendered":"<p>?, \u2020 ? : m\u00e9rn\u00f6k, gy\u00e1rigazgat\u00f3. \u2013 Feles\u00e9ge a mv.-i m\u0171v\u00e9szek p\u00e1rtol\u00f3ja. A Cukorgy\u00e1r Rt vez\u00e9rigazgat\u00f3ja volt amikor a gy\u00e1r a cs\u0151d sz\u00e9l\u00e9n \u00e1llt (1912), a k\u00f6zgy\u0171l\u00e9s felsz\u00e1molta az \u00fczemet., \u00faj Rt. alakult Magyar Cukoripar Rt, \u00e9s tov\u00e1bb m\u0171k\u00f6d\u00f6tt egy \u00faj vezet\u0151s\u00e9ggel. A Mv. \u00e9s Vid\u00e9ke Cukorgy\u00e1r Rt (alap\u00edt\u00e1si \u00e9v 1896) igazgat\u00f3ja volt (1920\u201335). Vezet\u00e9se alatt a gy\u00e1r nagyobbodott, fejl\u0151d\u00f6tt. A mv.-i Takar\u00e9kp\u00e9nzt\u00e1r Rt igazgat\u00f3s\u00e1gi tagja \u00e9s t\u00f6bb k\u00f6zgazdas\u00e1gi \u00e9s t\u00e1rsadalmi egyes\u00fclet vezet\u0151s\u00e9g\u00e9nek is tagja, a Gy\u00e1riparosok \u00e9s Munkaad\u00f3k Sz\u00f6vets\u00e9ge aleln\u00f6ke volt. F\u00e9nyk\u00e9peit ki\u00e1ll\u00edtotta a mv.-i T\u00e9li T\u00e1rlaton (1920). Az OMP v\u00e1s\u00e1rhelyi tagozata int\u00e9z\u0151 bizotts\u00e1g\u00e1nak tagja (1927). A Mv.-i Kaszin\u00f3 v\u00e1lasztm\u00e1nyi tagja (1932). A cukorgy\u00e1ri ad\u00f3eltitkol\u00e1si perben felmentett\u00e9k (1930). <br \/><strong>Irod.:<\/strong> Bi\u00e1s Istv\u00e1n; EBKL; Ferenczi; Id\u0151t\u00e1r 2; Id\u0151t\u00e1r 3; Molter 2.; \u00d6kr\u00f6s<\/br><\/p>\n","protected":false},"excerpt":{"rendered":"<p>?, \u2020 ? : m\u00e9rn\u00f6k, gy\u00e1rigazgat\u00f3. \u2013 Feles\u00e9ge a mv.-i m\u0171v\u00e9szek p\u00e1rtol\u00f3ja. A Cukorgy\u00e1r Rt vez\u00e9rigazgat\u00f3ja volt amikor a gy\u00e1r a cs\u0151d sz\u00e9l\u00e9n \u00e1llt (1912), a k\u00f6zgy\u0171l\u00e9s felsz\u00e1molta az \u00fczemet., \u00faj Rt. alakult Magyar Cukoripar Rt, \u00e9s tov\u00e1bb m\u0171k\u00f6d\u00f6tt egy \u00faj vezet\u0151s\u00e9ggel. A Mv. \u00e9s Vid\u00e9ke Cukorgy\u00e1r Rt (alap\u00edt\u00e1si \u00e9v 1896) igazgat\u00f3ja volt (1920\u201335). Vezet\u00e9se [&hellip;]<\/p>\n","protected":false},"featured_media":0,"comment_status":"open","ping_status":"closed","template":"","meta":[],"product_brand":[],"product_cat":[137],"product_tag":[],"class_list":{"0":"post-11525","1":"product","2":"type-product","3":"status-publish","5":"product_cat-maros-megyei-eletrajzi-lexikon","7":"first","8":"instock","9":"shipping-taxable","10":"product-type-simple"},"_links":{"self":[{"href":"https:\/\/uj.adatbank.ro\/lexikon\/wp-json\/wp\/v2\/product\/11525","targetHints":{"allow":["GET"]}}],"collection":[{"href":"https:\/\/uj.adatbank.ro\/lexikon\/wp-json\/wp\/v2\/product"}],"about":[{"href":"https:\/\/uj.adatbank.ro\/lexikon\/wp-json\/wp\/v2\/types\/product"}],"replies":[{"embeddable":true,"href":"https:\/\/uj.adatbank.ro\/lexikon\/wp-json\/wp\/v2\/comments?post=11525"}],"wp:attachment":[{"href":"https:\/\/uj.adatbank.ro\/lexikon\/wp-json\/wp\/v2\/media?parent=11525"}],"wp:term":[{"taxonomy":"product_brand","embeddable":true,"href":"https:\/\/uj.adatbank.ro\/lexikon\/wp-json\/wp\/v2\/product_brand?post=11525"},{"taxonomy":"product_cat","embeddable":true,"href":"https:\/\/uj.adatbank.ro\/lexikon\/wp-json\/wp\/v2\/product_cat?post=11525"},{"taxonomy":"product_tag","embeddable":true,"href":"https:\/\/uj.adatbank.ro\/lexikon\/wp-json\/wp\/v2\/product_tag?post=11525"}],"curies":[{"name":"wp","href":"https:\/\/api.w.org\/{rel}","templated":true}]}}