{"id":11527,"date":"2025-06-29T13:56:04","date_gmt":"2025-06-29T11:56:04","guid":{"rendered":"https:\/\/uj.adatbank.ro\/lexikon\/termek\/kellan-sandor\/"},"modified":"2025-06-29T13:56:04","modified_gmt":"2025-06-29T11:56:04","slug":"kellan-sandor","status":"publish","type":"product","link":"https:\/\/uj.adatbank.ro\/lexikon\/termek\/kellan-sandor\/","title":{"rendered":"KELL\u00c1N S\u00e1ndor"},"content":{"rendered":"<p>Merisor (Hunyad), Gyulafeh\u00e9rv\u00e1r, 1909. okt. 28., \u2020 Mv., 1997. febr. 3.: \u00fcgyel\u0151, sz\u00edn\u00e9sz. \u2013 Gyulafeh\u00e9rv\u00e1ron a Polg\u00e1ri Iskola tanul\u00f3ja (1916\u201324). A r. k. leg\u00e9nyegylet tagjak\u00e9nt statisz\u00e1lt el\u0151sz\u00f6r, majd v\u00e1ndort\u00e1rsulatokn\u00e1l j\u00e1tszott kisebb-nagyobb szerepeket, \u00fcgyel\u0151 \u00e9s kell\u00e9kes (1927\u201347). G\u00e1sp\u00e1r Jen\u0151 (1928\u201330), V\u00edgh Jen\u0151 (1930\u201333) t\u00e1rsulat\u00e1val turn\u00e9zott a Zsil v\u00f6lgy\u00e9ben, Nagyv\u00e1rad \u00e9s Arad k\u00f6rny\u00e9k\u00e9n, a Szil\u00e1gys\u00e1gban Borovszky Oszk\u00e1r, K\u00f6szegi Manyi \u00e9s Dusu t\u00e1rsas\u00e1g\u00e1ban, Dayka Margit is a t\u00e1rsulat vend\u00e9ge volt (1933. j\u00fan.). Jody K\u00e1roly (1933\u201334), F\u00f6ldes Istv\u00e1n \u201eTata\u201d t\u00e1rsulat\u00e1val Zsib\u00f3, D\u00e9s k\u00f6rny\u00e9k\u00e9n j\u00e1tszottak (1934); Batthyany K\u00e1lm\u00e1nnal Mv.-en a M\u00e9der-h\u00e1zban, az Izraelita Kult\u00farh\u00e1zban, majd Sz\u00e9kelyf\u00f6ld\u00f6n l\u00e9ptek fel (1934\u201335); Jody K., R\u00e9v\u00e9sz S\u00e1ndor, Szabadkai J\u00f3zsef ill. Mikl\u00f3s t\u00e1rsulat\u00e1val, Tam\u00e1ssy Eugenia Operettsz\u00ednh\u00e1z\u00e1val Szatm\u00e1r, Bihar, Maros-Torda megy\u00e9kben, a Barcas\u00e1gon, Dics\u0151szentm\u00e1rtonban, Abrudb\u00e1ny\u00e1n, Tord\u00e1n, Zilahon l\u00e9ptek fel (1935\u201339); Kv (1939\u201340), Katona volt (1940). A Szabadkai-f\u00e9le t\u00e1rsulatot Kr\u00e4mer Ferenc vette \u00e1t, n\u00e1luk j\u00e1tszott Mv.-en a Transsylvania teremben, a Moln\u00e1r-udvarban (1940\u201341); \u00dajverb\u00e1sz, Zenta, Csoka, Szenttam\u00e1s k\u00f6rny\u00e9k\u00e9t j\u00e1rt\u00e1k (1941\u201342); Balogh L\u00e1szl\u00f3 igazgat\u00f3 alatt B\u00e9k\u00e9scsaba, Dombov\u00e1r, Kiskunf\u00e9legyh\u00e1za, Hajd\u00faszoboszl\u00f3 k\u00f6rny\u00e9k\u00e9n j\u00e1tszottak (1942\u201344); Jody\u00e9kkal Bihar megy\u00e9t (1944), Jakabffy Dezs\u0151 t\u00e1rsulat\u00e1val Szatm\u00e1rn\u00e9metiben \u00e9s k\u00f6rny\u00e9k\u00e9n turn\u00e9ztak G\u00e1bor J\u00f3zsef, Ko\u00f3s Zs\u00f3fi, Kir\u00e1ly J\u00f3zsef sz\u00edn\u00e9szekkel (1945\u201346), a Zsil v\u00f6lgy\u00e9ben (1946), P\u00e9csk\u00e1n j\u00e1tszottak (1946\u201347). Mv.-en a Sz\u00e9kely\/\u00c1llami\/Nemzeti Sz\u00ednh\u00e1z \u00fcgyel\u0151je \u00e9s seg\u00e9dsz\u00edn\u00e9sze, t\u00f6bbsz\u00e1z el\u0151ad\u00e1s r\u00e9szese volt ( 1947\u201370). T\u0151bbnyire epiz\u00f3dszerepeket alak\u00edtott \u2013 <strong>F. sz.:<\/strong> Herceg (Farkas Imre: N\u00f3t\u00e1s kapit\u00e1ny); Tiham\u00e9r (Feh\u00e9r Istv\u00e1n: Cs\u00f3kh\u00e1bor\u00fa); Populescu Dragomir (K\u00e1lm\u00e1n Imre: Marica gr\u00f3fn\u0151 ); Pap (Heltai J.: A n\u00e9ma levente); Inas (Paul Renaoul: A f\u00e9rfi sz\u00edve), Pocskovits vend\u00e9gl\u0151s (Komj\u00e1thy K\u00e1roly: Harap\u00f3s f\u00e9rj); Barnab\u00e1s (Gy\u00f6ngy P\u00e1l: H\u00e1rom ember a h\u00f3ban); Medvjegyev (M. Gorkij: \u00c9jjeli mened\u00e9khely); Mister Robert Simson (E. Petrov: A b\u00e9ke szigete); T\u00fcgyi koma (M\u00f3ricz Zs.: S\u00e1ri b\u00edr\u00f3); J\u00f3zsi inas (Zilahy Lajos: A sz\u0171z \u00e9s a g\u00f6d\u00f6lye); Jack Warren a serif seg\u00e9dje (James Gow-Arnaud D\u2019Usseau: M\u00e9lyek a gy\u00f6kerek); Detektiv (L\u00e1szl\u00f3 Mikl\u00f3s: Illatszert\u00e1r); F\u00e9rfi (Tomcsa S\u00e1ndor: Nagy dolog kicsiben); P\u00e9ter, mened\u00e9kh\u00e1zbeli \u00f6reg (H. Heyermans: Rem\u00e9ny); Buday P\u00e9ter (Miksz\u00e1th: K\u00fcl\u00f6n\u00f6s h\u00e1zass\u00e1g); Popescu tan\u00edt\u00f3 (Caragiale: Az elveszett lev\u00e9l); \u00d6reg katona (A. Grigulis: Agyag \u00e9s porcel\u00e1n); K\u00edntorn\u00e1s (M. Gorkij: Kispolg\u00e1rok); Tugouhovszkij herceg (Gribojedov: Az \u00e9sz bajjal j\u00e1r); Jefszeics m\u00fazeumi gondnok (Tur testv\u00e9rek : Villa a mell\u00e9kutc\u00e1ban); Adjut\u00e1ns (Lavrenyov: Amerika hangja); Pal Palacs (Tur testv\u00e9rek-Seinin: Kinek kedvez a szerencse); Orvos (Szimonov: Leg\u00e9ny a talp\u00e1n); Ologu koh\u00f3mester (Davidoglu: T\u0171zer\u0151d); Rasztukovszky (Gogoly: A revizor); Dumitru fav\u00e1g\u00f3 (Kiss-Kov\u00e1ts: Vihar a havason); R\u00e1di\u00f3s (Lavrenyov: Lesz\u00e1mol\u00e1s); \u00dczb\u00e9g (Iszajev-Galics: Nem mag\u00e1n\u00fcgy); 2. szp\u00e1hi (Huszka Jen\u0151: G\u00fcl baba); G\u00f6rgey seg\u00e9dtisztje (Illy\u00e9s Gyula: F\u00e1klyal\u00e1ng); Vannak m\u00e9g hib\u00e1k; 1. miniszt\u00e9riumi altiszt (B. Nusics: A kegyelmes asszony); Poekol\u00e1b (Horv\u00e1th \u00c1goston: Varga Katalin); Harmadik \u00far, operettszerz\u0151 (H. Kipphardt: Shakespeare kerestetik); Sivu iklodi paraszt (T. Vornic-I. Postelnicu: Felsz\u00e1ll a k\u00f6d); Gy\u00f3gyszer\u00e9sz (Br\u00f3dy S\u00e1ndor: A tan\u00edt\u00f3n\u0151); Luk\u00e1cs benc\u00e9s bar\u00e1t (K\u00f3s K\u00e1roly: Budai Nagy Antal); Gurij Krokotkich (Gorkij: Vassza Zseleznova); \u00dcgyel\u0151 (E. Mirea-Kov\u00e1cs Gy\u00f6rgy: Az utols\u00f3 vonat); T\u00f6rv\u00e9nysz\u00e9ki eln\u00f6k (A. Baranga: Diadal\u00edv); Korrektor (A. Mirodan: \u00dajs\u00e1g\u00edr\u00f3k). <br \/><strong>Irod.:<\/strong> Enyedi; Horv\u00e1th Bea; Kov\u00e1cs Levente; K\u00f6t\u0151; Kusz\u00e1lik; [Nekrol\u00f3g] (N\u00fa., 1997. febr. 5.); N\u00fa. (1998. nov. 2.); R\u00e9thy\u2013V\u00e1czy<\/br><\/p>\n","protected":false},"excerpt":{"rendered":"<p>Merisor (Hunyad), Gyulafeh\u00e9rv\u00e1r, 1909. okt. 28., \u2020 Mv., 1997. febr. 3.: \u00fcgyel\u0151, sz\u00edn\u00e9sz. \u2013 Gyulafeh\u00e9rv\u00e1ron a Polg\u00e1ri Iskola tanul\u00f3ja (1916\u201324). A r. k. leg\u00e9nyegylet tagjak\u00e9nt statisz\u00e1lt el\u0151sz\u00f6r, majd v\u00e1ndort\u00e1rsulatokn\u00e1l j\u00e1tszott kisebb-nagyobb szerepeket, \u00fcgyel\u0151 \u00e9s kell\u00e9kes (1927\u201347). G\u00e1sp\u00e1r Jen\u0151 (1928\u201330), V\u00edgh Jen\u0151 (1930\u201333) t\u00e1rsulat\u00e1val turn\u00e9zott a Zsil v\u00f6lgy\u00e9ben, Nagyv\u00e1rad \u00e9s Arad k\u00f6rny\u00e9k\u00e9n, a Szil\u00e1gys\u00e1gban Borovszky Oszk\u00e1r, [&hellip;]<\/p>\n","protected":false},"featured_media":0,"comment_status":"open","ping_status":"closed","template":"","meta":[],"product_brand":[],"product_cat":[137],"product_tag":[],"class_list":{"0":"post-11527","1":"product","2":"type-product","3":"status-publish","5":"product_cat-maros-megyei-eletrajzi-lexikon","7":"first","8":"instock","9":"shipping-taxable","10":"product-type-simple"},"_links":{"self":[{"href":"https:\/\/uj.adatbank.ro\/lexikon\/wp-json\/wp\/v2\/product\/11527","targetHints":{"allow":["GET"]}}],"collection":[{"href":"https:\/\/uj.adatbank.ro\/lexikon\/wp-json\/wp\/v2\/product"}],"about":[{"href":"https:\/\/uj.adatbank.ro\/lexikon\/wp-json\/wp\/v2\/types\/product"}],"replies":[{"embeddable":true,"href":"https:\/\/uj.adatbank.ro\/lexikon\/wp-json\/wp\/v2\/comments?post=11527"}],"wp:attachment":[{"href":"https:\/\/uj.adatbank.ro\/lexikon\/wp-json\/wp\/v2\/media?parent=11527"}],"wp:term":[{"taxonomy":"product_brand","embeddable":true,"href":"https:\/\/uj.adatbank.ro\/lexikon\/wp-json\/wp\/v2\/product_brand?post=11527"},{"taxonomy":"product_cat","embeddable":true,"href":"https:\/\/uj.adatbank.ro\/lexikon\/wp-json\/wp\/v2\/product_cat?post=11527"},{"taxonomy":"product_tag","embeddable":true,"href":"https:\/\/uj.adatbank.ro\/lexikon\/wp-json\/wp\/v2\/product_tag?post=11527"}],"curies":[{"name":"wp","href":"https:\/\/api.w.org\/{rel}","templated":true}]}}