{"id":11531,"date":"2025-06-29T13:56:13","date_gmt":"2025-06-29T11:56:13","guid":{"rendered":"https:\/\/uj.adatbank.ro\/lexikon\/termek\/kellner-michael\/"},"modified":"2025-06-29T13:56:13","modified_gmt":"2025-06-29T11:56:13","slug":"kellner-michael","status":"publish","type":"product","link":"https:\/\/uj.adatbank.ro\/lexikon\/termek\/kellner-michael\/","title":{"rendered":"KELLNER Michael"},"content":{"rendered":"<p>Segesv\u00e1r, 1851., \u2020 Z\u00e1gor, 1911. jan. 28.: pap. &#8211; Apja lelk\u00e9sz S\u00f6v\u00e9nys\u00e9gen. Segesv\u00e1ron \u00e9retts\u00e9gizett, majd egyetemi tanulm\u00e1nyokat folytatott a J\u00e9nai Egy. Hittud. Kar\u00e1n (1872), a Berlini Egy Hittud. Kar\u00e1n (1874), a Grazi Egy. B\u00f6lcs. Kar\u00e1n (1874\u201375). Hazat\u00e9rve K\u00fchalomban tan\u00e1r, Mikl\u00f3stelk\u00e9n lelk\u00e9sz (1883), Feh\u00e9regyh\u00e1z\u00e1n pap (1887), majd Z\u00e1gorban szolg\u00e1lt (1898\u2013). <br \/><strong>Irod.:<\/strong> Szab\u00f3\u2013Simon\u2013Sz\u00f6gi<\/br><\/p>\n","protected":false},"excerpt":{"rendered":"<p>Segesv\u00e1r, 1851., \u2020 Z\u00e1gor, 1911. jan. 28.: pap. &#8211; Apja lelk\u00e9sz S\u00f6v\u00e9nys\u00e9gen. Segesv\u00e1ron \u00e9retts\u00e9gizett, majd egyetemi tanulm\u00e1nyokat folytatott a J\u00e9nai Egy. Hittud. Kar\u00e1n (1872), a Berlini Egy Hittud. Kar\u00e1n (1874), a Grazi Egy. B\u00f6lcs. Kar\u00e1n (1874\u201375). Hazat\u00e9rve K\u00fchalomban tan\u00e1r, Mikl\u00f3stelk\u00e9n lelk\u00e9sz (1883), Feh\u00e9regyh\u00e1z\u00e1n pap (1887), majd Z\u00e1gorban szolg\u00e1lt (1898\u2013). Irod.: Szab\u00f3\u2013Simon\u2013Sz\u00f6gi<\/p>\n","protected":false},"featured_media":0,"comment_status":"open","ping_status":"closed","template":"","meta":[],"product_brand":[],"product_cat":[137],"product_tag":[],"class_list":{"0":"post-11531","1":"product","2":"type-product","3":"status-publish","5":"product_cat-maros-megyei-eletrajzi-lexikon","7":"first","8":"instock","9":"shipping-taxable","10":"product-type-simple"},"_links":{"self":[{"href":"https:\/\/uj.adatbank.ro\/lexikon\/wp-json\/wp\/v2\/product\/11531","targetHints":{"allow":["GET"]}}],"collection":[{"href":"https:\/\/uj.adatbank.ro\/lexikon\/wp-json\/wp\/v2\/product"}],"about":[{"href":"https:\/\/uj.adatbank.ro\/lexikon\/wp-json\/wp\/v2\/types\/product"}],"replies":[{"embeddable":true,"href":"https:\/\/uj.adatbank.ro\/lexikon\/wp-json\/wp\/v2\/comments?post=11531"}],"wp:attachment":[{"href":"https:\/\/uj.adatbank.ro\/lexikon\/wp-json\/wp\/v2\/media?parent=11531"}],"wp:term":[{"taxonomy":"product_brand","embeddable":true,"href":"https:\/\/uj.adatbank.ro\/lexikon\/wp-json\/wp\/v2\/product_brand?post=11531"},{"taxonomy":"product_cat","embeddable":true,"href":"https:\/\/uj.adatbank.ro\/lexikon\/wp-json\/wp\/v2\/product_cat?post=11531"},{"taxonomy":"product_tag","embeddable":true,"href":"https:\/\/uj.adatbank.ro\/lexikon\/wp-json\/wp\/v2\/product_tag?post=11531"}],"curies":[{"name":"wp","href":"https:\/\/api.w.org\/{rel}","templated":true}]}}