{"id":11532,"date":"2025-06-29T13:56:15","date_gmt":"2025-06-29T11:56:15","guid":{"rendered":"https:\/\/uj.adatbank.ro\/lexikon\/termek\/kelmes-janos\/"},"modified":"2025-06-29T13:56:15","modified_gmt":"2025-06-29T11:56:15","slug":"kelmes-janos","status":"publish","type":"product","link":"https:\/\/uj.adatbank.ro\/lexikon\/termek\/kelmes-janos\/","title":{"rendered":"KELMES J\u00e1nos"},"content":{"rendered":"<p>? \u2020 ? : sz\u00e1szr\u00e9geni f\u00f6ldbirtokos. \u2013 Az EMKE alap\u00edt\u00f3tagja, r\u00e9szt vett a kv.-i alap\u00edt\u00f3\u00fcl\u00e9sen (1885. \u00e1pr. 12). <br \/><strong>Irod.:<\/strong> S\u00e1ndor<\/br><\/p>\n","protected":false},"excerpt":{"rendered":"<p>? \u2020 ? : sz\u00e1szr\u00e9geni f\u00f6ldbirtokos. \u2013 Az EMKE alap\u00edt\u00f3tagja, r\u00e9szt vett a kv.-i alap\u00edt\u00f3\u00fcl\u00e9sen (1885. \u00e1pr. 12). Irod.: S\u00e1ndor<\/p>\n","protected":false},"featured_media":0,"comment_status":"open","ping_status":"closed","template":"","meta":[],"product_brand":[],"product_cat":[137],"product_tag":[],"class_list":{"0":"post-11532","1":"product","2":"type-product","3":"status-publish","5":"product_cat-maros-megyei-eletrajzi-lexikon","7":"first","8":"instock","9":"shipping-taxable","10":"product-type-simple"},"_links":{"self":[{"href":"https:\/\/uj.adatbank.ro\/lexikon\/wp-json\/wp\/v2\/product\/11532","targetHints":{"allow":["GET"]}}],"collection":[{"href":"https:\/\/uj.adatbank.ro\/lexikon\/wp-json\/wp\/v2\/product"}],"about":[{"href":"https:\/\/uj.adatbank.ro\/lexikon\/wp-json\/wp\/v2\/types\/product"}],"replies":[{"embeddable":true,"href":"https:\/\/uj.adatbank.ro\/lexikon\/wp-json\/wp\/v2\/comments?post=11532"}],"wp:attachment":[{"href":"https:\/\/uj.adatbank.ro\/lexikon\/wp-json\/wp\/v2\/media?parent=11532"}],"wp:term":[{"taxonomy":"product_brand","embeddable":true,"href":"https:\/\/uj.adatbank.ro\/lexikon\/wp-json\/wp\/v2\/product_brand?post=11532"},{"taxonomy":"product_cat","embeddable":true,"href":"https:\/\/uj.adatbank.ro\/lexikon\/wp-json\/wp\/v2\/product_cat?post=11532"},{"taxonomy":"product_tag","embeddable":true,"href":"https:\/\/uj.adatbank.ro\/lexikon\/wp-json\/wp\/v2\/product_tag?post=11532"}],"curies":[{"name":"wp","href":"https:\/\/api.w.org\/{rel}","templated":true}]}}