{"id":11533,"date":"2025-06-29T13:56:16","date_gmt":"2025-06-29T11:56:16","guid":{"rendered":"https:\/\/uj.adatbank.ro\/lexikon\/termek\/kelp-martin-kelpius-martinius\/"},"modified":"2025-06-29T13:56:16","modified_gmt":"2025-06-29T11:56:16","slug":"kelp-martin-kelpius-martinius","status":"publish","type":"product","link":"https:\/\/uj.adatbank.ro\/lexikon\/termek\/kelp-martin-kelpius-martinius\/","title":{"rendered":"KELP Martin; Kelpius, Martinius"},"content":{"rendered":"<p>Segesv\u00e1r, ?., \u2020 Erked, 1770. jan. 6.: tan\u00e1r. \u2013 Tanult Segesv\u00e1rt, Enyeden Szebenben, J\u00e9n\u00e1ban (1714), Hall\u00e9ban (1716), Wittenbergben (1718). Tan\u00edtott Segesv\u00e1ron, itt rektor rektor (1719\u2013) ; lelk\u00e9sz Erkeden (1722\u201370). <br \/><strong>Irod.:<\/strong> Szab\u00f3\u2013Sz\u00f6gi<\/br><\/p>\n","protected":false},"excerpt":{"rendered":"<p>Segesv\u00e1r, ?., \u2020 Erked, 1770. jan. 6.: tan\u00e1r. \u2013 Tanult Segesv\u00e1rt, Enyeden Szebenben, J\u00e9n\u00e1ban (1714), Hall\u00e9ban (1716), Wittenbergben (1718). Tan\u00edtott Segesv\u00e1ron, itt rektor rektor (1719\u2013) ; lelk\u00e9sz Erkeden (1722\u201370). Irod.: Szab\u00f3\u2013Sz\u00f6gi<\/p>\n","protected":false},"featured_media":0,"comment_status":"open","ping_status":"closed","template":"","meta":[],"product_brand":[],"product_cat":[137],"product_tag":[],"class_list":{"0":"post-11533","1":"product","2":"type-product","3":"status-publish","5":"product_cat-maros-megyei-eletrajzi-lexikon","7":"first","8":"instock","9":"shipping-taxable","10":"product-type-simple"},"_links":{"self":[{"href":"https:\/\/uj.adatbank.ro\/lexikon\/wp-json\/wp\/v2\/product\/11533","targetHints":{"allow":["GET"]}}],"collection":[{"href":"https:\/\/uj.adatbank.ro\/lexikon\/wp-json\/wp\/v2\/product"}],"about":[{"href":"https:\/\/uj.adatbank.ro\/lexikon\/wp-json\/wp\/v2\/types\/product"}],"replies":[{"embeddable":true,"href":"https:\/\/uj.adatbank.ro\/lexikon\/wp-json\/wp\/v2\/comments?post=11533"}],"wp:attachment":[{"href":"https:\/\/uj.adatbank.ro\/lexikon\/wp-json\/wp\/v2\/media?parent=11533"}],"wp:term":[{"taxonomy":"product_brand","embeddable":true,"href":"https:\/\/uj.adatbank.ro\/lexikon\/wp-json\/wp\/v2\/product_brand?post=11533"},{"taxonomy":"product_cat","embeddable":true,"href":"https:\/\/uj.adatbank.ro\/lexikon\/wp-json\/wp\/v2\/product_cat?post=11533"},{"taxonomy":"product_tag","embeddable":true,"href":"https:\/\/uj.adatbank.ro\/lexikon\/wp-json\/wp\/v2\/product_tag?post=11533"}],"curies":[{"name":"wp","href":"https:\/\/api.w.org\/{rel}","templated":true}]}}