{"id":11535,"date":"2025-06-29T13:56:21","date_gmt":"2025-06-29T11:56:21","guid":{"rendered":"https:\/\/uj.adatbank.ro\/lexikon\/termek\/kelp-johann-kelpius-johannes-transsylvanus\/"},"modified":"2025-06-29T13:56:21","modified_gmt":"2025-06-29T11:56:21","slug":"kelp-johann-kelpius-johannes-transsylvanus","status":"publish","type":"product","link":"https:\/\/uj.adatbank.ro\/lexikon\/termek\/kelp-johann-kelpius-johannes-transsylvanus\/","title":{"rendered":"KELP, Johann; KELPIUS, Johannes Transsylvanus"},"content":{"rendered":"<p>Sz\u00e1szd\u00e1lya, 1673. j\u00fan. 24., \u2020 Pennsylvania (USA), 1708.: ev. lelk\u00e9sz, k\u00f6lt\u0151, pedag\u00f3gus, filoz\u00f3fus, orgonam\u0171v\u00e9sz, zeneszerz\u0151 \u2013 K. Georg sz\u00e1szd\u00e1lyai ev. lelk\u00e9sz (\u2020 1685. febr. 25.) fia. Segesv\u00e1ron tanult, orgon\u00e1n j\u00e1tszani \u00e9desapja ir\u00e1ny\u00edt\u00e1s\u00e1val, aki szint\u00e9n orgonista volt. Segesv\u00e1ron a Szarvas h\u00e1zban lakott. Tanulm\u00e1nyait k\u00fclf\u00f6ld\u00f6n folytatta: Lipcs\u00e9ben, T\u00fcbingenben, v\u00e9g\u00fcl Altdorfban volt egyetemi hallgat\u00f3 (1687\u2013). Jogi-, filoz\u00f3fiai- teol\u00f3giai ismeretek birtok\u00e1ban Altdorfban magisteri rangot nyert (1689), itt publik\u00e1lta els\u0151 filoz\u00f3fiai m\u0171veit (1689\u201390). Pietista lett Johann Jakob. Zimermannal (1644\u201393) val\u00f3 tal\u00e1lkoz\u00e1sa k\u00f6vetkezt\u00e9ben. \u00daj vall\u00e1si k\u00f6z\u00f6ss\u00e9ger alak\u00edtott, kapcsolatba l\u00e9pett a William Penn vezette angol purit\u00e1nokkal. Az AE\u00c1 \u2013ba haj\u00f3zott n\u00e9met kiv\u00e1ndorl\u00f3k k\u00eds\u00e9r\u0151jek\u00e9nt (1694. febr. 13. \u2013), Pennsylv\u00e1ni\u00e1ban \u00e1llapodott meg, ahol t\u00e1rsadalmi, teol\u00f3giai, pedag\u00f3giai, zenei \u00e9s filoz\u00f3fiai n\u00e9pszer\u0171s\u00edt\u0151 \u00e9s ismeretterjeszt\u0151 tev\u00e9kenys\u00e9get fejtett ki, terjesztette az eur\u00f3pai zen\u00e9t \u00e9s a protest\u00e1ns vall\u00e1st. Ridge-ben purit\u00e1n szekt\u00e1t alap\u00edtott A woman in wildernes n\u00e9ven (egy asszony a pusztas\u00e1gban), amelynek vall\u00e1sos egysz\u00f3lam\u00fa korusm\u0171veket \u00edrt. Barlangban lakott, amely ma b\u00facs\u00faj\u00e1r\u00f3 hely. Hagyat\u00e9ka: versek, levelek, zenem\u0171vek stb., amelyek a Philadelfiai Filoz\u00f3fiai T\u00e1rsas\u00e1g birtok\u00e1ban vannak. Vall\u00e1sos k\u00f3rusm\u0171veket: himnuszokat \u00e9s kor\u00e1lokat \u00edrt Az \u00e9szakamerikai feh\u00e9rek szellemi \u00e9let\u00e9nek fellend\u00edt\u00e9s\u00e9ben j\u00e1tszott fontos szerepet. R\u00e9szt vett a \u201eDe ministerio ecclesiastico\u201d (1685), az \u201eInquisitio an ethicus ethnicus aptus sit christianae juventutis hodegus\u201d (1690) \u00e9s a \u201eScylla theologica\u201d (1690) felett tartott vit\u00e1kban. \u00dcdv\u00f6zl\u0151 verset \u00edrt Zabanius J\u00e1noshoz (1688). T\u00f6bb nyelvet besz\u00e9lt: n\u00e9met, latin, h\u00e9ber \u00e9s kiv\u00e1l\u00f3 orgonam\u0171v\u00e9sz volt. Pennsylv\u00e1ni\u00e1ban egy foly\u00f3 ma is a nev\u00e9t viseli. \u2013 <strong>F. m.:<\/strong> Theologiae Naturalis seu Metaphysicae Metamorphosin (Altorf, 1689); Scylla Theologiae. (Altdorf, 1690); Inquisitio (Altdor, 1690). <br \/><strong>Irod.:<\/strong> Apold; Kiss K\u00e1roly Sz; LSS; Muzicieni din Rom. 5.; Sighi\u015foara: Comorile Trans.; Szinnyei; Todea 2013; Zov\u00e1nyi<\/br><\/p>\n","protected":false},"excerpt":{"rendered":"<p>Sz\u00e1szd\u00e1lya, 1673. j\u00fan. 24., \u2020 Pennsylvania (USA), 1708.: ev. lelk\u00e9sz, k\u00f6lt\u0151, pedag\u00f3gus, filoz\u00f3fus, orgonam\u0171v\u00e9sz, zeneszerz\u0151 \u2013 K. Georg sz\u00e1szd\u00e1lyai ev. lelk\u00e9sz (\u2020 1685. febr. 25.) fia. Segesv\u00e1ron tanult, orgon\u00e1n j\u00e1tszani \u00e9desapja ir\u00e1ny\u00edt\u00e1s\u00e1val, aki szint\u00e9n orgonista volt. Segesv\u00e1ron a Szarvas h\u00e1zban lakott. Tanulm\u00e1nyait k\u00fclf\u00f6ld\u00f6n folytatta: Lipcs\u00e9ben, T\u00fcbingenben, v\u00e9g\u00fcl Altdorfban volt egyetemi hallgat\u00f3 (1687\u2013). Jogi-, filoz\u00f3fiai- teol\u00f3giai [&hellip;]<\/p>\n","protected":false},"featured_media":0,"comment_status":"open","ping_status":"closed","template":"","meta":[],"product_brand":[],"product_cat":[137],"product_tag":[],"class_list":{"0":"post-11535","1":"product","2":"type-product","3":"status-publish","5":"product_cat-maros-megyei-eletrajzi-lexikon","7":"first","8":"instock","9":"shipping-taxable","10":"product-type-simple"},"_links":{"self":[{"href":"https:\/\/uj.adatbank.ro\/lexikon\/wp-json\/wp\/v2\/product\/11535","targetHints":{"allow":["GET"]}}],"collection":[{"href":"https:\/\/uj.adatbank.ro\/lexikon\/wp-json\/wp\/v2\/product"}],"about":[{"href":"https:\/\/uj.adatbank.ro\/lexikon\/wp-json\/wp\/v2\/types\/product"}],"replies":[{"embeddable":true,"href":"https:\/\/uj.adatbank.ro\/lexikon\/wp-json\/wp\/v2\/comments?post=11535"}],"wp:attachment":[{"href":"https:\/\/uj.adatbank.ro\/lexikon\/wp-json\/wp\/v2\/media?parent=11535"}],"wp:term":[{"taxonomy":"product_brand","embeddable":true,"href":"https:\/\/uj.adatbank.ro\/lexikon\/wp-json\/wp\/v2\/product_brand?post=11535"},{"taxonomy":"product_cat","embeddable":true,"href":"https:\/\/uj.adatbank.ro\/lexikon\/wp-json\/wp\/v2\/product_cat?post=11535"},{"taxonomy":"product_tag","embeddable":true,"href":"https:\/\/uj.adatbank.ro\/lexikon\/wp-json\/wp\/v2\/product_tag?post=11535"}],"curies":[{"name":"wp","href":"https:\/\/api.w.org\/{rel}","templated":true}]}}