{"id":11537,"date":"2025-06-29T13:56:24","date_gmt":"2025-06-29T11:56:24","guid":{"rendered":"https:\/\/uj.adatbank.ro\/lexikon\/termek\/keltz-gyula\/"},"modified":"2025-06-29T13:56:24","modified_gmt":"2025-06-29T11:56:24","slug":"keltz-gyula","status":"publish","type":"product","link":"https:\/\/uj.adatbank.ro\/lexikon\/termek\/keltz-gyula\/","title":{"rendered":"KELTZ Gyula"},"content":{"rendered":"<p>? \u2020 ?: zen\u00e9sz. \u2013 K. Simon \u00e9s Jakabffy M\u00e1ria fia. F\u00f6ldbirtokos sz\u00fcleinek k\u00e9nyszerlakhelye az \u00e1llamos\u00edt\u00e1s ut\u00e1n Mv. volt. A fi\u00fakat adopt\u00e1lt\u00e1k (1950) \u00e9s \u00edgy zeneakad\u00e9mi\u00e1t v\u00e9gezhetett. <br \/><strong>Irod.:<\/strong> Mik\u00f3<\/br><\/p>\n","protected":false},"excerpt":{"rendered":"<p>? \u2020 ?: zen\u00e9sz. \u2013 K. Simon \u00e9s Jakabffy M\u00e1ria fia. F\u00f6ldbirtokos sz\u00fcleinek k\u00e9nyszerlakhelye az \u00e1llamos\u00edt\u00e1s ut\u00e1n Mv. volt. A fi\u00fakat adopt\u00e1lt\u00e1k (1950) \u00e9s \u00edgy zeneakad\u00e9mi\u00e1t v\u00e9gezhetett. Irod.: Mik\u00f3<\/p>\n","protected":false},"featured_media":0,"comment_status":"open","ping_status":"closed","template":"","meta":[],"product_brand":[],"product_cat":[137],"product_tag":[],"class_list":{"0":"post-11537","1":"product","2":"type-product","3":"status-publish","5":"product_cat-maros-megyei-eletrajzi-lexikon","7":"first","8":"instock","9":"shipping-taxable","10":"product-type-simple"},"_links":{"self":[{"href":"https:\/\/uj.adatbank.ro\/lexikon\/wp-json\/wp\/v2\/product\/11537","targetHints":{"allow":["GET"]}}],"collection":[{"href":"https:\/\/uj.adatbank.ro\/lexikon\/wp-json\/wp\/v2\/product"}],"about":[{"href":"https:\/\/uj.adatbank.ro\/lexikon\/wp-json\/wp\/v2\/types\/product"}],"replies":[{"embeddable":true,"href":"https:\/\/uj.adatbank.ro\/lexikon\/wp-json\/wp\/v2\/comments?post=11537"}],"wp:attachment":[{"href":"https:\/\/uj.adatbank.ro\/lexikon\/wp-json\/wp\/v2\/media?parent=11537"}],"wp:term":[{"taxonomy":"product_brand","embeddable":true,"href":"https:\/\/uj.adatbank.ro\/lexikon\/wp-json\/wp\/v2\/product_brand?post=11537"},{"taxonomy":"product_cat","embeddable":true,"href":"https:\/\/uj.adatbank.ro\/lexikon\/wp-json\/wp\/v2\/product_cat?post=11537"},{"taxonomy":"product_tag","embeddable":true,"href":"https:\/\/uj.adatbank.ro\/lexikon\/wp-json\/wp\/v2\/product_tag?post=11537"}],"curies":[{"name":"wp","href":"https:\/\/api.w.org\/{rel}","templated":true}]}}